{"id":1082,"date":"2024-01-22T22:04:10","date_gmt":"2024-01-22T22:04:10","guid":{"rendered":"https:\/\/producto.mvperception.com\/?post_type=product&#038;p=1082"},"modified":"2024-01-22T22:11:03","modified_gmt":"2024-01-22T22:11:03","slug":"in-sight-9902","status":"publish","type":"product","link":"https:\/\/producto.mvperception.com\/index.php\/producto\/in-sight-9902\/","title":{"rendered":"In-Sight 9902"},"content":{"rendered":"<section class=\"content-area\"><\/section>\n<div class=\"contentareacta\">\n<div class=\"text-jumbo text aem-GridColumn aem-GridColumn--default--12\">\n<section id=\"i7c4902a8be1dfa59393923ef32c9b39fc0befff589c51b3105e54ef250d40922\" class=\"cmp-text-jumbo\">\n<div class=\"text-jumbo text-left text-dark\">\n<div class=\"cmp-text\">\n<div class=\"cmp-product-summary__awards\">\n<div class=\"cmp-product-summary__rte\" role=\"description\"><\/div>\n<\/div>\n<p><span>La c\u00e1mara inteligente de escaneo lineal In-Sight 9902L 2K es un sistema de visi\u00f3n aut\u00f3nomo de alta resoluci\u00f3n ideal para inspecciones detalladas de objetos grandes, cil\u00edndricos o en movimiento continuo.\u00a0<\/span><span>El 9902L adquiere hasta 16.000 l\u00edneas de 2.000 p\u00edxeles por l\u00ednea para producir una imagen de 32 MP que puede usarse para detectar incluso las caracter\u00edsticas y defectos m\u00e1s peque\u00f1os.\u00a0<\/span><span>Cada l\u00ednea de p\u00edxeles se adquiere a 67.000 l\u00edneas por segundo para mantenerse al d\u00eda con las l\u00edneas de producci\u00f3n m\u00e1s r\u00e1pidas.\u00a0<\/span><span>Este sistema de visi\u00f3n independiente solo requiere una peque\u00f1a vista de la parte objetivo, lo que lo convierte en una opci\u00f3n ideal para instalaciones con un campo de visi\u00f3n restrictivo o requisitos de espacio de montaje.<\/span><\/p>\n<p>&nbsp;<\/p>\n<\/div>\n<\/div>\n<\/section>\n<\/div>\n<div class=\"background responsivegrid aem-GridColumn aem-GridColumn--default--12 zbr-theme-container\">\n<div id=\"background-31ea5b7962\" class=\"cmp-container cmp-container-v2 cmp-container--2-col-50-50 \">\n<div class=\"cmp-container__wrapper\">\n<div class=\"aem-Grid aem-Grid--12 aem-Grid--default--12 \">\n<div class=\"responsivegrid aem-GridColumn--default--none aem-GridColumn aem-GridColumn--default--6 aem-GridColumn--offset--default--0\">\n<div class=\"aem-Grid aem-Grid--6 aem-Grid--default--6 \">\n<div class=\"image zbr-bg-cmp--pt-1 zbr-bg-cmp--pb-1 aem-GridColumn aem-GridColumn--default--6\">\n<div class=\"image-center\"><picture><source srcset=\"\/content\/dam\/zebra_dam\/global\/zcom-web-production\/web-production-graphics\/spec-sheet-assets\/tc5x-series-spec-sheet-asset-photography.jpg.imgw.3600.3600.jpg , \/content\/dam\/zebra_dam\/global\/zcom-web-production\/web-production-graphics\/spec-sheet-assets\/tc5x-series-spec-sheet-asset-photography.jpg.imgw.3600.3600.jpg\" media=\"(min-width: 1400px)\" \/><source srcset=\"\/content\/dam\/zebra_dam\/global\/zcom-web-production\/web-production-graphics\/spec-sheet-assets\/tc5x-series-spec-sheet-asset-photography.jpg.imgw.1920.1920.jpg , \/content\/dam\/zebra_dam\/global\/zcom-web-production\/web-production-graphics\/spec-sheet-assets\/tc5x-series-spec-sheet-asset-photography.jpg.imgw.3600.3600.jpg\" media=\"(min-width: 992px) and (max-width: 1399px)\" \/><source srcset=\"\/content\/dam\/zebra_dam\/global\/zcom-web-production\/web-production-graphics\/spec-sheet-assets\/tc5x-series-spec-sheet-asset-photography.jpg.imgw.1200.1200.jpg , \/content\/dam\/zebra_dam\/global\/zcom-web-production\/web-production-graphics\/spec-sheet-assets\/tc5x-series-spec-sheet-asset-photography.jpg.imgw.1920.1920.jpg\" media=\"(min-width: 768px) and (max-width: 991px)\" \/><source srcset=\"\/content\/dam\/zebra_dam\/global\/zcom-web-production\/web-production-graphics\/spec-sheet-assets\/tc5x-series-spec-sheet-asset-photography.jpg.imgw.600.600.jpg , \/content\/dam\/zebra_dam\/global\/zcom-web-production\/web-production-graphics\/spec-sheet-assets\/tc5x-series-spec-sheet-asset-photography.jpg.imgw.1200.1200.jpg\" media=\"(max-width: 767px)\" \/><\/picture><\/div>\n<\/div>\n<\/div>\n<\/div>\n<\/div>\n<\/div>\n<\/div>\n<\/div>\n<\/div>\n<div class=\"elementor-column elementor-col-50 elementor-inner-column elementor-element elementor-element-0186a2a ot-flex-column-vertical\" data-id=\"0186a2a\" data-element_type=\"column\">\n<div class=\"elementor-widget-wrap elementor-element-populated\">\n<div class=\"elementor-element elementor-element-df5a417 elementor-widget elementor-widget-iheading\" data-id=\"df5a417\" data-element_type=\"widget\" data-widget_type=\"iheading.default\">\n<div class=\"elementor-widget-container\">\n<div class=\"ot-heading\">\n<section class=\"elementor-section elementor-inner-section elementor-element elementor-element-7249696 elementor-section-full_width elementor-section-content-bottom ot-traditional elementor-section-height-default elementor-section-height-default\" data-id=\"7249696\" data-element_type=\"section\">\n<div class=\"elementor-container elementor-column-gap-default\">\n<div class=\"elementor-column elementor-col-50 elementor-inner-column elementor-element elementor-element-4babdf8 ot-flex-column-vertical\" data-id=\"4babdf8\" data-element_type=\"column\">\n<div class=\"elementor-widget-wrap\">\n<div class=\"text-jumbo text aem-GridColumn aem-GridColumn--default--6\">\n<section id=\"i83a9caa35b0755365d25fe45cce7e32c4687fd92cabb043218d3d1d1cc4157d3\" class=\"cmp-text-jumbo\">\n<div class=\"text-jumbo text-left text-dark\">\n<div class=\"cmp-text\">\n<div class=\"text-jumbo text aem-GridColumn aem-GridColumn--default--6\">\n<section id=\"i44634c9869366538d5dbc68e4f9e46d79bfa7ccf41d9acb79f79fa25fc797662\" class=\"cmp-text-jumbo\">\n<div class=\"text-jumbo text-left text-dark\">\n<div class=\"cmp-text\">\n<div class=\"text-jumbo text aem-GridColumn aem-GridColumn--default--6\">\n<section id=\"idf84dbbed62626432a5bb05e9a6a8ecc51466ad103cb22f1f2a1edcd4d42382e\" class=\"cmp-text-jumbo\">\n<div class=\"text-jumbo text-left text-dark\">\n<div class=\"cmp-text\">\n<div class=\"text-jumbo text aem-GridColumn aem-GridColumn--default--6\">\n<section id=\"id333df0ca4740c1816b27b14d79e68f0f7dae15dc859948be4f05128c2e9397b\" class=\"cmp-text-jumbo\">\n<div class=\"text-jumbo text-left text-dark\">\n<div class=\"cmp-text\">\n<h2 class=\"main-heading\"><b><span class=\"spec-sheet-caption\">Caracter\u00edsticas f\u00edsicas<\/span><\/b><\/h2>\n<\/div>\n<\/div>\n<\/section>\n<\/div>\n<\/div>\n<\/div>\n<\/section>\n<\/div>\n<\/div>\n<\/div>\n<\/section>\n<\/div>\n<\/div>\n<table class=\"table table-bordered table-striped mb-3 text-center   \">\n<tbody>\n<tr>\n<td colspan=\"0\">Tipo de imagen<\/td>\n<td colspan=\"0\">Monocromo<\/td>\n<\/tr>\n<tr>\n<td colspan=\"0\">Trabajo\/Programa<\/td>\n<td colspan=\"0\">Memoria flash no vol\u00e1til de 7,2 GB<\/td>\n<\/tr>\n<tr>\n<td colspan=\"0\">Memoria de procesamiento de im\u00e1genes<\/td>\n<td colspan=\"0\">SDRAM de 512MB<\/td>\n<\/tr>\n<tr>\n<td colspan=\"0\">Almacenamiento adicional<\/td>\n<td colspan=\"0\">Tarjeta SD de 8 GB, unidad de red v\u00eda FTP a trav\u00e9s de red gigabit<\/td>\n<\/tr>\n<tr>\n<td colspan=\"0\">Tipo de sensor<\/td>\n<td colspan=\"0\">CMOS, obturador global<\/td>\n<\/tr>\n<tr>\n<td colspan=\"0\">Resoluci\u00f3n (p\u00edxeles)<\/td>\n<td colspan=\"0\">2048\u00d71;\u00a02048 x 16384 (hasta 16384 l\u00edneas) configurable por software, o 1024 x 1;\u00a01024 x 16384 (hasta 16384 l\u00edneas) configurable por software<\/td>\n<\/tr>\n<tr>\n<td colspan=\"0\">Velocidad de l\u00ednea<\/td>\n<td colspan=\"0\">66.000 l\u00edneas por segundo (velocidad de escaneo de 15 \u00b5s)<\/td>\n<\/tr>\n<tr>\n<td colspan=\"0\">Tipo de lente<\/td>\n<td colspan=\"0\">Solo montaje C<\/td>\n<\/tr>\n<tr>\n<td colspan=\"0\">LED indicadores<\/td>\n<td colspan=\"0\">Estado de la tarjeta SD, LED de aprobaci\u00f3n\/fallo y anillo indicador de visualizaci\u00f3n de 360\u00b0, LED de red y LED de error<\/td>\n<\/tr>\n<tr>\n<td colspan=\"0\">E\/S incorporada<\/td>\n<td colspan=\"0\">1 entrada de disparador dedicada, 1 entrada, 2 salidas<\/td>\n<\/tr>\n<tr>\n<td colspan=\"0\">Entrada del codificador<\/td>\n<td colspan=\"0\">2 entradas de l\u00ednea de codificador para soporte de cuadratura<\/td>\n<\/tr>\n<tr>\n<td colspan=\"0\">Voltaje de entrada del codificador<\/td>\n<td colspan=\"0\">5\u201324 VCC<\/td>\n<\/tr>\n<tr>\n<td colspan=\"0\">Fuerza<\/td>\n<td colspan=\"0\">24 VCC<\/td>\n<\/tr>\n<tr>\n<td colspan=\"0\">Conectores industriales M12<\/td>\n<td colspan=\"0\">Alimentaci\u00f3n\/E\/S;\u00a0Ethernet;\u00a0Alimentaci\u00f3n\/control de luz externa (N\/A)<\/td>\n<\/tr>\n<tr>\n<td colspan=\"0\">Proteccion<\/td>\n<td colspan=\"0\">IP67 con cubierta de lente con montura C<\/td>\n<\/tr>\n<tr>\n<td colspan=\"0\">Comunicaciones de red<\/td>\n<td colspan=\"0\">1G (1000)\/100\/10Mbps<\/td>\n<\/tr>\n<tr>\n<td colspan=\"0\">Protocolos<\/td>\n<td colspan=\"0\">OPC UA, EtherNet\/IP con AOP, PROFINET Clase B, iQSS, Modbus TCP, esc\u00e1ner SLMP\/SLMP, IEEE 1588 (CIP Sync), perfil adicional Rockwell, CC-Link IE Field Basic<\/td>\n<\/tr>\n<tr>\n<td colspan=\"0\">Soporte IEEE 1588<\/td>\n<td colspan=\"0\">Resoluci\u00f3n de marca de tiempo: 8 ns;\u00a0Precisi\u00f3n de sincronizaci\u00f3n a trav\u00e9s de reloj transparente: 5 ns<\/td>\n<\/tr>\n<tr>\n<td colspan=\"0\">Perfil complementario de Rockwell<\/td>\n<td colspan=\"0\">S\u00ed<\/td>\n<\/tr>\n<tr>\n<td colspan=\"0\">Herramientas de visi\u00f3n<\/td>\n<td colspan=\"0\">Conjunto completo de herramientas de visi\u00f3n con PatMax.\u00a0Herramienta opcional PatMax RedLine.<\/td>\n<\/tr>\n<\/tbody>\n<\/table>\n<div class=\"wrapper\">\n<div class=\"icon\"><\/div>\n<div class=\"text\"><\/div>\n<\/div>\n<\/div>\n<\/section>\n<div>\n<div class=\"ctaspace col-md-6 mb-1\">\n<div>\n<h3><span>Inspecciona piezas largas, cil\u00edndricas y en continuo movimiento.<\/span><\/h3>\n<\/div>\n<p><span>Las c\u00e1maras de escaneo de l\u00ednea son una opci\u00f3n ideal para inspeccionar objetos cil\u00edndricos o de gran tama\u00f1o en l\u00edneas de producci\u00f3n de r\u00e1pido movimiento.\u00a0Existen muchas aplicaciones para el escaneo de l\u00edneas, las m\u00e1s comunes incluyen:<\/span><\/p>\n<ul>\n<li><span>Objetos cil\u00edndricos, como filtros y bater\u00edas de autom\u00f3viles, donde el 100% de la superficie del producto se puede inspeccionar mientras gira a lo largo de la l\u00ednea de producci\u00f3n.<\/span><\/li>\n<li><span>Inspecci\u00f3n de etiquetas en superficies curvas, como latas de sopa o envoltorios de botellas, que se pueden &#8220;desenrollar&#8221; en una superficie plana 2D para su inspecci\u00f3n.<\/span><\/li>\n<li><span>Objetos grandes, como c\u00e9lulas solares y paneles de puertas de autom\u00f3viles, que se pueden visualizar e inspeccionar en su conjunto.<\/span><\/li>\n<\/ul>\n<div class=\"row\"><\/div>\n<div class=\"row\"><\/div>\n<\/div>\n<div class=\"col-md-6 mb-1\"><img decoding=\"async\" class=\"box-img\" src=\"https:\/\/www.cognex.com\/library\/media\/products\/in-sight-9902l\/cognex_insight9902l_animation_soup-small.gif?sc_lang=en&amp;h=337&amp;w=600&amp;la=en&amp;hash=84D3B0CF160EB1A6083C7FCF53A6CA0B\" alt=\"C\u00e1mara de escaneo lineal In-Sight 9902L que escanea alimentos enlatados flotantes\" \/><\/div>\n<\/div>\n<\/div>\n<div><\/div>\n<div>\n<div>\n<h3>Adquisici\u00f3n de im\u00e1genes r\u00e1pida y de alta resoluci\u00f3n<\/h3>\n<\/div>\n<p>El In-Sight 9902L tiene una velocidad de l\u00ednea incre\u00edblemente r\u00e1pida de 67 kHz y adquiere cada l\u00ednea de datos en solo 15 microsegundos.\u00a0Al capturar 2000 p\u00edxeles con cada l\u00ednea, la c\u00e1mara ofrece im\u00e1genes de 32 MP (16 000 l\u00edneas) que permiten que las herramientas de visi\u00f3n realicen inspecciones muy detalladas.<\/p>\n<\/div>\n<\/div>\n<div>\n<div class=\"col-md-6 mb-1\"><img decoding=\"async\" class=\"box-img\" src=\"https:\/\/www.cognex.com\/library\/media\/products\/in-sight-9902l\/cognex_insight9902l_animation_box-small.gif?sc_lang=en&amp;h=337&amp;w=600&amp;la=en&amp;hash=1EF9BAAABA4C1571FFF657DBBE01F198\" alt=\"C\u00e1mara de escaneo de l\u00ednea In-Sight 9902L montada debajo de la cinta transportadora\" \/><\/p>\n<div class=\"image-captions\"><\/div>\n<\/div>\n<div class=\"ctaspace col-md-6 mb-1\">\n<div><\/div>\n<p>&nbsp;<\/p>\n<\/div>\n<\/div>\n<\/div>\n<\/div>\n<\/section>\n<\/div>\n<\/div>\n<\/div>\n<\/div>\n<\/div>\n<div data-id=\"4babdf8\" data-element_type=\"column\">\n<div class=\"elementor-element elementor-element-396bd85 elementor-widget elementor-widget-text-editor\" data-id=\"396bd85\" data-element_type=\"widget\" data-widget_type=\"text-editor.default\">\n<h2 class=\"main-heading\">Cotizar \ud83d\udc47 (complete el formulario)<\/h2>\n<\/div>\n<\/div>\n<p>&nbsp;<\/p>\n<div data-test='contact-form' id='contact-form-1082' class='wp-block-jetpack-contact-form-container '>\n<form action='https:\/\/producto.mvperception.com\/index.php\/producto\/in-sight-9902\/#contact-form-1082' method='post' class='contact-form commentsblock'>\n<script>\n\t\t\t( function () {\n\t\t\t\tconst contact_forms = document.getElementsByClassName('contact-form');\n\n\t\t\t\tfor ( const form of contact_forms ) {\n\t\t\t\t\tform.onsubmit = function() {\n\t\t\t\t\t\tconst buttons = form.getElementsByTagName('button');\n\n\t\t\t\t\t\tfor( const button of buttons ) {\n\t\t\t\t\t\t\tbutton.setAttribute('disabled', true);\n\t\t\t\t\t\t}\n\t\t\t\t\t}\n\t\t\t\t}\n\t\t\t} )();\n\t\t<\/script>\n<div style=\"\" class='grunion-field-name-wrap grunion-field-wrap'  >\n<label\n\t\t\t\tfor='g1082-nombre'\n\t\t\t\tclass='grunion-field-label name'>Nombre<span>(required)<\/span><\/label>\n<input\n\t\t\t\t\ttype='text'\n\t\t\t\t\tname='g1082-nombre'\n\t\t\t\t\tid='g1082-nombre'\n\t\t\t\t\tvalue=''\n\t\t\t\t\tclass='name  grunion-field' \n\t\t\t\t\trequired aria-required='true' \/>\n\t<\/div>\n\n<div style=\"\" class='grunion-field-email-wrap grunion-field-wrap'  >\n<label\n\t\t\t\tfor='g1082-correoelectrnico'\n\t\t\t\tclass='grunion-field-label email'>Correo electr\u00f3nico<span>(required)<\/span><\/label>\n<input\n\t\t\t\t\ttype='email'\n\t\t\t\t\tname='g1082-correoelectrnico'\n\t\t\t\t\tid='g1082-correoelectrnico'\n\t\t\t\t\tvalue=''\n\t\t\t\t\tclass='email  grunion-field' \n\t\t\t\t\trequired aria-required='true' \/>\n\t<\/div>\n\n<div style=\"\" class='grunion-field-text-wrap grunion-field-wrap'  >\n<label\n\t\t\t\tfor='g1082-celular'\n\t\t\t\tclass='grunion-field-label text'>Celular<span>(required)<\/span><\/label>\n<input\n\t\t\t\t\ttype='text'\n\t\t\t\t\tname='g1082-celular'\n\t\t\t\t\tid='g1082-celular'\n\t\t\t\t\tvalue=''\n\t\t\t\t\tclass='text  grunion-field' \n\t\t\t\t\trequired aria-required='true' \/>\n\t<\/div>\n\n<div style=\"\" class='grunion-field-text-wrap grunion-field-wrap'  >\n<label\n\t\t\t\tfor='g1082-empresa'\n\t\t\t\tclass='grunion-field-label text'>Empresa <span>(required)<\/span><\/label>\n<input\n\t\t\t\t\ttype='text'\n\t\t\t\t\tname='g1082-empresa'\n\t\t\t\t\tid='g1082-empresa'\n\t\t\t\t\tvalue=''\n\t\t\t\t\tclass='text  grunion-field' \n\t\t\t\t\trequired aria-required='true' \/>\n\t<\/div>\n\n<div style=\"\" class='grunion-field-textarea-wrap grunion-field-wrap'  >\n<label\n\t\t\t\tfor='contact-form-comment-g1082-mensaje'\n\t\t\t\tclass='grunion-field-label textarea'>Mensaje<\/label>\n<textarea\n\t\t                style=''\n\t\t                name='g1082-mensaje'\n\t\t                id='contact-form-comment-g1082-mensaje'\n\t\t                rows='20' class='textarea  grunion-field'  ><\/textarea>\n\t<\/div>\n\t<p class='contact-submit'>\n\t\t<button type='submit' class='pushbutton-wide'>Submit<\/button>\t\t<input type='hidden' name='contact-form-id' value='1082' \/>\n\t\t<input type='hidden' name='action' value='grunion-contact-form' \/>\n\t\t<input type='hidden' name='contact-form-hash' value='d4fd36268dc94bcba73f04d02479d439fd3a3947' \/>\n\t<\/p>\n<\/form>\n<\/div>\n<p>&nbsp;<\/p>\n<h1><\/h1>\n<h1><a href=\"https:\/\/producto.mvperception.com\/wp-content\/uploads\/2024\/01\/Datasheet_IS9902L_EN.pdf\" target=\"_blank\" rel=\"noopener\"><strong>\ud83d\udc49<img loading=\"lazy\" decoding=\"async\" data-attachment-id=\"288\" data-permalink=\"https:\/\/producto.mvperception.com\/?attachment_id=288\" data-orig-file=\"https:\/\/producto.mvperception.com\/wp-content\/uploads\/2023\/09\/BOTON-FICHA-TECNICA.png\" data-orig-size=\"320,100\" data-comments-opened=\"1\" data-image-meta=\"{&quot;aperture&quot;:&quot;0&quot;,&quot;credit&quot;:&quot;&quot;,&quot;camera&quot;:&quot;&quot;,&quot;caption&quot;:&quot;&quot;,&quot;created_timestamp&quot;:&quot;0&quot;,&quot;copyright&quot;:&quot;&quot;,&quot;focal_length&quot;:&quot;0&quot;,&quot;iso&quot;:&quot;0&quot;,&quot;shutter_speed&quot;:&quot;0&quot;,&quot;title&quot;:&quot;&quot;,&quot;orientation&quot;:&quot;0&quot;}\" data-image-title=\"BOTON FICHA TECNICA\" data-image-description=\"\" data-image-caption=\"\" data-medium-file=\"https:\/\/producto.mvperception.com\/wp-content\/uploads\/2023\/09\/BOTON-FICHA-TECNICA-300x94.png\" data-large-file=\"https:\/\/producto.mvperception.com\/wp-content\/uploads\/2023\/09\/BOTON-FICHA-TECNICA.png\" class=\"alignnone size-medium wp-image-288\" src=\"https:\/\/producto.mvperception.com\/wp-content\/uploads\/2023\/09\/BOTON-FICHA-TECNICA-300x94.png\" alt=\"\" width=\"300\" height=\"94\" srcset=\"https:\/\/producto.mvperception.com\/wp-content\/uploads\/2023\/09\/BOTON-FICHA-TECNICA-300x94.png 300w, https:\/\/producto.mvperception.com\/wp-content\/uploads\/2023\/09\/BOTON-FICHA-TECNICA-200x63.png 200w, https:\/\/producto.mvperception.com\/wp-content\/uploads\/2023\/09\/BOTON-FICHA-TECNICA.png 320w\" sizes=\"(max-width: 300px) 100vw, 300px\" \/><\/strong><\/a><\/h1>\n<h1><\/h1>\n<h1><\/h1>\n<p>&nbsp;<\/p>\n","protected":false},"excerpt":{"rendered":"<p>La c\u00e1mara inteligente de escaneo lineal In-Sight 9902L 2K es un sistema de visi\u00f3n aut\u00f3nomo de alta resoluci\u00f3n ideal para inspecciones detalladas de objetos grandes, cil\u00edndricos o en movimiento continuo.\u00a0El 9902L adquiere hasta 16.000 l\u00edneas de 2.000 p\u00edxeles por l\u00ednea para producir una imagen de 32 MP que puede usarse para detectar incluso las caracter\u00edsticas [&hellip;]<\/p>\n","protected":false},"featured_media":1085,"template":"","meta":{"_joinchat":[]},"product_cat":[43],"product_tag":[],"yoast_head":"<!-- This site is optimized with the Yoast SEO plugin v22.1 - https:\/\/yoast.com\/wordpress\/plugins\/seo\/ -->\n<title>In-Sight 9902 - Productos MV PERCEPTION<\/title>\n<meta name=\"robots\" content=\"index, follow, max-snippet:-1, max-image-preview:large, max-video-preview:-1\" \/>\n<link rel=\"canonical\" href=\"https:\/\/producto.mvperception.com\/index.php\/producto\/in-sight-9902\/\" \/>\n<meta property=\"og:locale\" content=\"en_US\" \/>\n<meta property=\"og:type\" content=\"article\" \/>\n<meta property=\"og:title\" content=\"In-Sight 9902 - Productos MV PERCEPTION\" \/>\n<meta property=\"og:description\" content=\"La c\u00e1mara inteligente de escaneo lineal In-Sight 9902L 2K es un sistema de visi\u00f3n aut\u00f3nomo de alta resoluci\u00f3n ideal para inspecciones detalladas de objetos grandes, cil\u00edndricos o en movimiento continuo.\u00a0El 9902L adquiere hasta 16.000 l\u00edneas de 2.000 p\u00edxeles por l\u00ednea para producir una imagen de 32 MP que puede usarse para detectar incluso las caracter\u00edsticas [&hellip;]\" \/>\n<meta property=\"og:url\" content=\"https:\/\/producto.mvperception.com\/index.php\/producto\/in-sight-9902\/\" \/>\n<meta property=\"og:site_name\" content=\"Productos MV PERCEPTION\" \/>\n<meta property=\"article:publisher\" content=\"https:\/\/www.facebook.com\/mvperception\/?ref=bookmarks\" \/>\n<meta property=\"article:modified_time\" content=\"2024-01-22T22:11:03+00:00\" \/>\n<meta property=\"og:image\" content=\"https:\/\/producto.mvperception.com\/wp-content\/uploads\/2024\/01\/IS9902L-Product-Tile.jpg\" \/>\n\t<meta property=\"og:image:width\" content=\"600\" \/>\n\t<meta property=\"og:image:height\" content=\"483\" \/>\n\t<meta property=\"og:image:type\" content=\"image\/jpeg\" \/>\n<meta name=\"twitter:card\" content=\"summary_large_image\" \/>\n<meta name=\"twitter:label1\" content=\"Est. reading time\" \/>\n\t<meta name=\"twitter:data1\" content=\"3 minutes\" \/>\n<script type=\"application\/ld+json\" class=\"yoast-schema-graph\">{\"@context\":\"https:\/\/schema.org\",\"@graph\":[{\"@type\":\"WebPage\",\"@id\":\"https:\/\/producto.mvperception.com\/index.php\/producto\/in-sight-9902\/\",\"url\":\"https:\/\/producto.mvperception.com\/index.php\/producto\/in-sight-9902\/\",\"name\":\"In-Sight 9902 - Productos MV PERCEPTION\",\"isPartOf\":{\"@id\":\"https:\/\/producto.mvperception.com\/#website\"},\"datePublished\":\"2024-01-22T22:04:10+00:00\",\"dateModified\":\"2024-01-22T22:11:03+00:00\",\"breadcrumb\":{\"@id\":\"https:\/\/producto.mvperception.com\/index.php\/producto\/in-sight-9902\/#breadcrumb\"},\"inLanguage\":\"en-US\",\"potentialAction\":[{\"@type\":\"ReadAction\",\"target\":[\"https:\/\/producto.mvperception.com\/index.php\/producto\/in-sight-9902\/\"]}]},{\"@type\":\"BreadcrumbList\",\"@id\":\"https:\/\/producto.mvperception.com\/index.php\/producto\/in-sight-9902\/#breadcrumb\",\"itemListElement\":[{\"@type\":\"ListItem\",\"position\":1,\"name\":\"Portada\",\"item\":\"https:\/\/producto.mvperception.com\/\"},{\"@type\":\"ListItem\",\"position\":2,\"name\":\"In-Sight 9902\"}]},{\"@type\":\"WebSite\",\"@id\":\"https:\/\/producto.mvperception.com\/#website\",\"url\":\"https:\/\/producto.mvperception.com\/\",\"name\":\"Productos MV PERCEPTION\",\"description\":\"\",\"publisher\":{\"@id\":\"https:\/\/producto.mvperception.com\/#organization\"},\"potentialAction\":[{\"@type\":\"SearchAction\",\"target\":{\"@type\":\"EntryPoint\",\"urlTemplate\":\"https:\/\/producto.mvperception.com\/?s={search_term_string}\"},\"query-input\":\"required name=search_term_string\"}],\"inLanguage\":\"en-US\"},{\"@type\":\"Organization\",\"@id\":\"https:\/\/producto.mvperception.com\/#organization\",\"name\":\"Productos MV PERCEPTION\",\"url\":\"https:\/\/producto.mvperception.com\/\",\"logo\":{\"@type\":\"ImageObject\",\"inLanguage\":\"en-US\",\"@id\":\"https:\/\/producto.mvperception.com\/#\/schema\/logo\/image\/\",\"url\":\"https:\/\/producto.mvperception.com\/wp-content\/uploads\/2023\/10\/cropped-cropped-logo-mv.png\",\"contentUrl\":\"https:\/\/producto.mvperception.com\/wp-content\/uploads\/2023\/10\/cropped-cropped-logo-mv.png\",\"width\":426,\"height\":61,\"caption\":\"Productos MV PERCEPTION\"},\"image\":{\"@id\":\"https:\/\/producto.mvperception.com\/#\/schema\/logo\/image\/\"},\"sameAs\":[\"https:\/\/www.facebook.com\/mvperception\/?ref=bookmarks\",\"https:\/\/www.instagram.com\/mvperception\/\",\"https:\/\/www.linkedin.com\/company\/mvperception\/\"]}]}<\/script>\n<!-- \/ Yoast SEO plugin. -->","yoast_head_json":{"title":"In-Sight 9902 - Productos MV PERCEPTION","robots":{"index":"index","follow":"follow","max-snippet":"max-snippet:-1","max-image-preview":"max-image-preview:large","max-video-preview":"max-video-preview:-1"},"canonical":"https:\/\/producto.mvperception.com\/index.php\/producto\/in-sight-9902\/","og_locale":"en_US","og_type":"article","og_title":"In-Sight 9902 - Productos MV PERCEPTION","og_description":"La c\u00e1mara inteligente de escaneo lineal In-Sight 9902L 2K es un sistema de visi\u00f3n aut\u00f3nomo de alta resoluci\u00f3n ideal para inspecciones detalladas de objetos grandes, cil\u00edndricos o en movimiento continuo.\u00a0El 9902L adquiere hasta 16.000 l\u00edneas de 2.000 p\u00edxeles por l\u00ednea para producir una imagen de 32 MP que puede usarse para detectar incluso las caracter\u00edsticas [&hellip;]","og_url":"https:\/\/producto.mvperception.com\/index.php\/producto\/in-sight-9902\/","og_site_name":"Productos MV PERCEPTION","article_publisher":"https:\/\/www.facebook.com\/mvperception\/?ref=bookmarks","article_modified_time":"2024-01-22T22:11:03+00:00","og_image":[{"width":600,"height":483,"url":"https:\/\/producto.mvperception.com\/wp-content\/uploads\/2024\/01\/IS9902L-Product-Tile.jpg","type":"image\/jpeg"}],"twitter_card":"summary_large_image","twitter_misc":{"Est. reading time":"3 minutes"},"schema":{"@context":"https:\/\/schema.org","@graph":[{"@type":"WebPage","@id":"https:\/\/producto.mvperception.com\/index.php\/producto\/in-sight-9902\/","url":"https:\/\/producto.mvperception.com\/index.php\/producto\/in-sight-9902\/","name":"In-Sight 9902 - Productos MV PERCEPTION","isPartOf":{"@id":"https:\/\/producto.mvperception.com\/#website"},"datePublished":"2024-01-22T22:04:10+00:00","dateModified":"2024-01-22T22:11:03+00:00","breadcrumb":{"@id":"https:\/\/producto.mvperception.com\/index.php\/producto\/in-sight-9902\/#breadcrumb"},"inLanguage":"en-US","potentialAction":[{"@type":"ReadAction","target":["https:\/\/producto.mvperception.com\/index.php\/producto\/in-sight-9902\/"]}]},{"@type":"BreadcrumbList","@id":"https:\/\/producto.mvperception.com\/index.php\/producto\/in-sight-9902\/#breadcrumb","itemListElement":[{"@type":"ListItem","position":1,"name":"Portada","item":"https:\/\/producto.mvperception.com\/"},{"@type":"ListItem","position":2,"name":"In-Sight 9902"}]},{"@type":"WebSite","@id":"https:\/\/producto.mvperception.com\/#website","url":"https:\/\/producto.mvperception.com\/","name":"Productos MV PERCEPTION","description":"","publisher":{"@id":"https:\/\/producto.mvperception.com\/#organization"},"potentialAction":[{"@type":"SearchAction","target":{"@type":"EntryPoint","urlTemplate":"https:\/\/producto.mvperception.com\/?s={search_term_string}"},"query-input":"required name=search_term_string"}],"inLanguage":"en-US"},{"@type":"Organization","@id":"https:\/\/producto.mvperception.com\/#organization","name":"Productos MV PERCEPTION","url":"https:\/\/producto.mvperception.com\/","logo":{"@type":"ImageObject","inLanguage":"en-US","@id":"https:\/\/producto.mvperception.com\/#\/schema\/logo\/image\/","url":"https:\/\/producto.mvperception.com\/wp-content\/uploads\/2023\/10\/cropped-cropped-logo-mv.png","contentUrl":"https:\/\/producto.mvperception.com\/wp-content\/uploads\/2023\/10\/cropped-cropped-logo-mv.png","width":426,"height":61,"caption":"Productos MV PERCEPTION"},"image":{"@id":"https:\/\/producto.mvperception.com\/#\/schema\/logo\/image\/"},"sameAs":["https:\/\/www.facebook.com\/mvperception\/?ref=bookmarks","https:\/\/www.instagram.com\/mvperception\/","https:\/\/www.linkedin.com\/company\/mvperception\/"]}]}},"_links":{"self":[{"href":"https:\/\/producto.mvperception.com\/index.php\/wp-json\/wp\/v2\/product\/1082"}],"collection":[{"href":"https:\/\/producto.mvperception.com\/index.php\/wp-json\/wp\/v2\/product"}],"about":[{"href":"https:\/\/producto.mvperception.com\/index.php\/wp-json\/wp\/v2\/types\/product"}],"wp:featuredmedia":[{"embeddable":true,"href":"https:\/\/producto.mvperception.com\/index.php\/wp-json\/wp\/v2\/media\/1085"}],"wp:attachment":[{"href":"https:\/\/producto.mvperception.com\/index.php\/wp-json\/wp\/v2\/media?parent=1082"}],"wp:term":[{"taxonomy":"product_cat","embeddable":true,"href":"https:\/\/producto.mvperception.com\/index.php\/wp-json\/wp\/v2\/product_cat?post=1082"},{"taxonomy":"product_tag","embeddable":true,"href":"https:\/\/producto.mvperception.com\/index.php\/wp-json\/wp\/v2\/product_tag?post=1082"}],"curies":[{"name":"wp","href":"https:\/\/api.w.org\/{rel}","templated":true}]}}