{"id":1281,"date":"2026-04-22T17:06:39","date_gmt":"2026-04-22T17:06:39","guid":{"rendered":"https:\/\/producto.mvperception.com\/?post_type=product&#038;p=1281"},"modified":"2026-04-22T17:32:19","modified_gmt":"2026-04-22T17:32:19","slug":"in-sight-snapp","status":"publish","type":"product","link":"https:\/\/producto.mvperception.com\/index.php\/producto\/in-sight-snapp\/","title":{"rendered":"In-Sight SnAPP"},"content":{"rendered":"<section class=\"content-area\"><\/section>\n<div class=\"contentareacta\">\n<div class=\"text-jumbo text aem-GridColumn aem-GridColumn--default--12\">\n<section id=\"i7c4902a8be1dfa59393923ef32c9b39fc0befff589c51b3105e54ef250d40922\" class=\"cmp-text-jumbo\">\n<div class=\"text-jumbo text-left text-dark\">\n<div class=\"cmp-text\">\n<div class=\"cmp-product-summary__awards\"><\/div>\n<\/div>\n<\/div>\n<\/section>\n<\/div>\n<\/div>\n<div class=\"elementor-column elementor-col-50 elementor-inner-column elementor-element elementor-element-0186a2a ot-flex-column-vertical\" data-id=\"0186a2a\" data-element_type=\"column\">\n<div class=\"elementor-widget-wrap elementor-element-populated\">\n<div class=\"elementor-element elementor-element-df5a417 elementor-widget elementor-widget-iheading\" data-id=\"df5a417\" data-element_type=\"widget\" data-widget_type=\"iheading.default\">\n<div class=\"elementor-widget-container\">\n<div class=\"ot-heading\">\n<section class=\"elementor-section elementor-inner-section elementor-element elementor-element-7249696 elementor-section-full_width elementor-section-content-bottom ot-traditional elementor-section-height-default elementor-section-height-default\" data-id=\"7249696\" data-element_type=\"section\">\n<div class=\"elementor-container elementor-column-gap-default\">\n<div class=\"elementor-column elementor-col-50 elementor-inner-column elementor-element elementor-element-4babdf8 ot-flex-column-vertical\" data-id=\"4babdf8\" data-element_type=\"column\">\n<div class=\"elementor-widget-wrap\">\n<div class=\"text-jumbo text aem-GridColumn aem-GridColumn--default--6\">\n<div class=\"mb-1\">\n<div class=\"mb-1\">\n<div class=\"row\">\n<div class=\"ctaspace col-md-6 mb-1\">\n<h1 data-section-id=\"ej0v1a\" data-start=\"87\" data-end=\"122\">Sensor de visi\u00f3n In-Sight SnAPP<\/h1>\n<h3 data-section-id=\"1xcq8j6\" data-start=\"123\" data-end=\"184\">Automatizaci\u00f3n inteligente con IA para control de calidad<\/h3>\n<p data-start=\"186\" data-end=\"405\">El In-Sight SnAPP es un sensor de visi\u00f3n industrial con inteligencia artificial integrada, dise\u00f1ado para automatizar procesos de inspecci\u00f3n y control de calidad de manera r\u00e1pida, precisa y sin necesidad de programaci\u00f3n.<\/p>\n<p data-start=\"407\" data-end=\"624\">Esta soluci\u00f3n permite a las empresas mejorar la eficiencia de sus procesos productivos, reducir errores y adaptarse f\u00e1cilmente a cambios en la producci\u00f3n, todo mediante una tecnolog\u00eda intuitiva y f\u00e1cil de implementar.<\/p>\n<p data-start=\"626\" data-end=\"803\">En MVPERCEPTION, como partner oficial en Colombia, ofrecemos asesor\u00eda especializada, acompa\u00f1amiento en la implementaci\u00f3n y soporte local para garantizar el \u00e9xito de su proyecto.<\/p>\n<hr data-start=\"805\" data-end=\"808\" \/>\n<h1 data-section-id=\"k1ohk1\" data-start=\"810\" data-end=\"839\">Caracter\u00edsticas principales<\/h1>\n<ul data-start=\"841\" data-end=\"1201\">\n<li data-section-id=\"n8eq5x\" data-start=\"841\" data-end=\"914\">Inteligencia artificial integrada para detecci\u00f3n avanzada de defectos<\/li>\n<li data-section-id=\"ilahex\" data-start=\"915\" data-end=\"958\">Entrenamiento r\u00e1pido con pocas im\u00e1genes<\/li>\n<li data-section-id=\"941kwm\" data-start=\"959\" data-end=\"1020\">Interfaz web intuitiva sin necesidad de instalar software<\/li>\n<li data-section-id=\"bz28hh\" data-start=\"1021\" data-end=\"1075\">Optimizaci\u00f3n autom\u00e1tica de imagen con un solo clic<\/li>\n<li data-section-id=\"1e7djxm\" data-start=\"1076\" data-end=\"1137\">Retroalimentaci\u00f3n en tiempo real durante el entrenamiento<\/li>\n<li data-section-id=\"69fy36\" data-start=\"1138\" data-end=\"1201\">Dise\u00f1o compacto y f\u00e1cil integraci\u00f3n en l\u00edneas de producci\u00f3n<\/li>\n<\/ul>\n<hr data-start=\"1203\" data-end=\"1206\" \/>\n<h1 data-section-id=\"9my0iy\" data-start=\"1208\" data-end=\"1236\">Beneficios para su empresa<\/h1>\n<ul data-start=\"1238\" data-end=\"1498\">\n<li data-section-id=\"1etpdgu\" data-start=\"1238\" data-end=\"1288\">Reducci\u00f3n de errores en procesos de inspecci\u00f3n<\/li>\n<li data-section-id=\"rqnoy0\" data-start=\"1289\" data-end=\"1333\">Aumento de la eficiencia y productividad<\/li>\n<li data-section-id=\"1ncc3ie\" data-start=\"1334\" data-end=\"1391\">Menor dependencia de personal altamente especializado<\/li>\n<li data-section-id=\"wh0efi\" data-start=\"1392\" data-end=\"1444\">Adaptaci\u00f3n a variaciones en productos y procesos<\/li>\n<li data-section-id=\"1934zpm\" data-start=\"1445\" data-end=\"1498\">Reducci\u00f3n de costos operativos y de mantenimiento<\/li>\n<\/ul>\n<hr data-start=\"1500\" data-end=\"1503\" \/>\n<h1 data-section-id=\"1ypa7cs\" data-start=\"1505\" data-end=\"1532\">Aplicaciones industriales<\/h1>\n<p data-start=\"1534\" data-end=\"1639\">El In-Sight SnAPP es ideal para una amplia variedad de aplicaciones en entornos industriales, tales como:<\/p>\n<ul data-start=\"1641\" data-end=\"1844\">\n<li data-section-id=\"7a2qhd\" data-start=\"1641\" data-end=\"1678\">Detecci\u00f3n de presencia o ausencia<\/li>\n<li data-section-id=\"tnd50a\" data-start=\"1679\" data-end=\"1704\">Inspecci\u00f3n de calidad<\/li>\n<li data-section-id=\"16takhb\" data-start=\"1705\" data-end=\"1735\">Verificaci\u00f3n de ensamblaje<\/li>\n<li data-section-id=\"1vxlfdc\" data-start=\"1736\" data-end=\"1766\">Clasificaci\u00f3n de productos<\/li>\n<li data-section-id=\"qyw3ub\" data-start=\"1767\" data-end=\"1798\">Conteo autom\u00e1tico de piezas<\/li>\n<li data-section-id=\"3dyr9j\" data-start=\"1799\" data-end=\"1844\">Reconocimiento \u00f3ptico de caracteres (OCR)<\/li>\n<\/ul>\n<hr data-start=\"1846\" data-end=\"1849\" \/>\n<h1 data-section-id=\"mgd0yr\" data-start=\"1851\" data-end=\"1893\">Ventajas frente a sensores tradicionales<\/h1>\n<p data-start=\"1895\" data-end=\"2046\">A diferencia de sensores fotoel\u00e9ctricos o l\u00e1ser, este sensor de visi\u00f3n utiliza an\u00e1lisis basado en im\u00e1genes para ofrecer mayor precisi\u00f3n y flexibilidad.<\/p>\n<ul data-start=\"2048\" data-end=\"2244\">\n<li data-section-id=\"h461hw\" data-start=\"2048\" data-end=\"2103\">Un solo dispositivo puede realizar m\u00faltiples tareas<\/li>\n<li data-section-id=\"1re7ld9\" data-start=\"2104\" data-end=\"2156\">Mayor tolerancia a desalineaciones y variaciones<\/li>\n<li data-section-id=\"3toh89\" data-start=\"2157\" data-end=\"2197\">Menor necesidad de ajustes mec\u00e1nicos<\/li>\n<li data-section-id=\"14y7r1d\" data-start=\"2198\" data-end=\"2244\">Capacidad para detectar defectos complejos<\/li>\n<\/ul>\n<hr data-start=\"2246\" data-end=\"2249\" \/>\n<h1 data-section-id=\"1vmik8q\" data-start=\"2251\" data-end=\"2285\">Implementaci\u00f3n r\u00e1pida y sencilla<\/h1>\n<p data-start=\"2287\" data-end=\"2489\">El sistema se configura y entrena a trav\u00e9s de una interfaz web accesible desde cualquier navegador, lo que elimina la necesidad de instalar software adicional o contar con conocimientos de programaci\u00f3n.<\/p>\n<p data-start=\"2491\" data-end=\"2627\">Gracias a su configuraci\u00f3n guiada, es posible poner en funcionamiento el sistema en minutos utilizando solo algunas im\u00e1genes de ejemplo.<\/p>\n<hr data-start=\"2629\" data-end=\"2632\" \/>\n<h1 data-section-id=\"1vmik8q\" data-start=\"2251\" data-end=\"2285\">Diagrama del campo de visi\u00f3n In-Sight SnAPP<\/h1>\n<figure class=\"image\"><img fetchpriority=\"high\" decoding=\"async\" src=\"https:\/\/cog-p-001.sitecorecontenthub.cloud\/api\/public\/content\/819fdb4639184ea89dc12899d565457d?v=d65bb2eb\" alt=\"Diagramas de FOV de SnAPP \" width=\"1000\" height=\"563\" \/><\/figure>\n<section class=\"text-token-text-primary w-full focus:outline-none [--shadow-height:45px] has-data-writing-block:pointer-events-none has-data-writing-block:-mt-(--shadow-height) has-data-writing-block:pt-(--shadow-height) [&amp;:has([data-writing-block])&gt;*]:pointer-events-auto [content-visibility:auto] supports-[content-visibility:auto]:[contain-intrinsic-size:auto_100lvh] R6Vx5W_threadScrollVars scroll-mb-[calc(var(--scroll-root-safe-area-inset-bottom,0px)+var(--thread-response-height))] scroll-mt-[calc(var(--header-height)+min(200px,max(70px,20svh)))]\" dir=\"auto\" data-turn-id=\"request-WEB:692ccc9f-b70e-4a7a-bd50-fcdb303cde95-5\" data-testid=\"conversation-turn-12\" data-scroll-anchor=\"false\" data-turn=\"assistant\">\n<div class=\"text-base my-auto mx-auto pb-10 [--thread-content-margin:var(--thread-content-margin-xs,calc(var(--spacing)*4))] @w-sm\/main:[--thread-content-margin:var(--thread-content-margin-sm,calc(var(--spacing)*6))] @w-lg\/main:[--thread-content-margin:var(--thread-content-margin-lg,calc(var(--spacing)*16))] px-(--thread-content-margin)\">\n<div class=\"[--thread-content-max-width:40rem] @w-lg\/main:[--thread-content-max-width:48rem] mx-auto max-w-(--thread-content-max-width) flex-1 group\/turn-messages focus-visible:outline-hidden relative flex w-full min-w-0 flex-col agent-turn\">\n<div class=\"flex max-w-full flex-col gap-4 grow\">\n<div class=\"min-h-8 text-message relative flex w-full flex-col items-end gap-2 text-start break-words whitespace-normal outline-none keyboard-focused:focus-ring [.text-message+&amp;]:mt-1\" dir=\"auto\" tabindex=\"0\" data-message-author-role=\"assistant\" data-message-id=\"ba3af706-83b5-486b-8ea4-1522ad06e8cb\" data-message-model-slug=\"gpt-5-3\" data-turn-start-message=\"true\">\n<div class=\"flex w-full flex-col gap-1 empty:hidden\">\n<div class=\"markdown prose dark:prose-invert w-full wrap-break-word dark markdown-new-styling\">\n<hr data-start=\"146\" data-end=\"151\" \/>\n<h1 data-section-id=\"ga52da\" data-start=\"153\" data-end=\"182\">Solicite una demostraci\u00f3n<\/h1>\n<p data-start=\"184\" data-end=\"354\">Descubra c\u00f3mo la tecnolog\u00eda de visi\u00f3n artificial puede optimizar sus procesos productivos, mejorar la calidad de sus productos y aumentar la eficiencia de su operaci\u00f3n.<\/p>\n<p data-start=\"356\" data-end=\"480\">En MVPERCEPTION le ofrecemos asesor\u00eda personalizada para identificar la mejor soluci\u00f3n seg\u00fan sus necesidades industriales.<\/p>\n<p data-start=\"482\" data-end=\"592\">MVPERCEPTION \u2013 Partner oficial en Colombia<br data-start=\"524\" data-end=\"527\" \/>Asesor\u00eda, implementaci\u00f3n y soporte especializado a nivel local.<\/p>\n<p data-start=\"594\" data-end=\"709\">Cont\u00e1ctenos para recibir una demostraci\u00f3n personalizada y conocer c\u00f3mo implementar esta tecnolog\u00eda en su empresa.<\/p>\n<\/div>\n<\/div>\n<\/div>\n<\/div>\n<div class=\"z-0 flex min-h-[46px] justify-start\"><\/div>\n<div class=\"mt-3 w-full empty:hidden\">\n<div class=\"text-center\"><\/div>\n<\/div>\n<\/div>\n<\/div>\n<\/section>\n<div class=\"pointer-events-none -mt-px h-px translate-y-[calc(var(--scroll-root-safe-area-inset-bottom)-14*var(--spacing))]\" aria-hidden=\"true\"><\/div>\n<\/div>\n<\/div>\n<\/div>\n<\/div>\n<\/div>\n<\/div>\n<\/div>\n<\/div>\n<\/section>\n<\/div>\n<\/div>\n<\/div>\n<\/div>\n<\/div>\n<div data-id=\"4babdf8\" data-element_type=\"column\">\n<div class=\"elementor-element elementor-element-396bd85 elementor-widget elementor-widget-text-editor\" data-id=\"396bd85\" data-element_type=\"widget\" data-widget_type=\"text-editor.default\">\n<h2 class=\"main-heading\">Cotizar \ud83d\udc47 (complete el formulario)<\/h2>\n<\/div>\n<\/div>\n<p>&nbsp;<\/p>\n<div data-test='contact-form' id='contact-form-1281' class='wp-block-jetpack-contact-form-container '>\n<form action='https:\/\/producto.mvperception.com\/index.php\/producto\/in-sight-snapp\/#contact-form-1281' method='post' class='contact-form commentsblock'>\n<script>\n\t\t\t( function () {\n\t\t\t\tconst contact_forms = document.getElementsByClassName('contact-form');\n\n\t\t\t\tfor ( const form of contact_forms ) {\n\t\t\t\t\tform.onsubmit = function() {\n\t\t\t\t\t\tconst buttons = form.getElementsByTagName('button');\n\n\t\t\t\t\t\tfor( const button of buttons ) {\n\t\t\t\t\t\t\tbutton.setAttribute('disabled', true);\n\t\t\t\t\t\t}\n\t\t\t\t\t}\n\t\t\t\t}\n\t\t\t} )();\n\t\t<\/script>\n<div style=\"\" class='grunion-field-name-wrap grunion-field-wrap'  >\n<label\n\t\t\t\tfor='g1281-nombre'\n\t\t\t\tclass='grunion-field-label name'>Nombre<span>(required)<\/span><\/label>\n<input\n\t\t\t\t\ttype='text'\n\t\t\t\t\tname='g1281-nombre'\n\t\t\t\t\tid='g1281-nombre'\n\t\t\t\t\tvalue=''\n\t\t\t\t\tclass='name  grunion-field' \n\t\t\t\t\trequired aria-required='true' \/>\n\t<\/div>\n\n<div style=\"\" class='grunion-field-email-wrap grunion-field-wrap'  >\n<label\n\t\t\t\tfor='g1281-correoelectrnico'\n\t\t\t\tclass='grunion-field-label email'>Correo electr\u00f3nico<span>(required)<\/span><\/label>\n<input\n\t\t\t\t\ttype='email'\n\t\t\t\t\tname='g1281-correoelectrnico'\n\t\t\t\t\tid='g1281-correoelectrnico'\n\t\t\t\t\tvalue=''\n\t\t\t\t\tclass='email  grunion-field' \n\t\t\t\t\trequired aria-required='true' \/>\n\t<\/div>\n\n<div style=\"\" class='grunion-field-text-wrap grunion-field-wrap'  >\n<label\n\t\t\t\tfor='g1281-celular'\n\t\t\t\tclass='grunion-field-label text'>Celular<span>(required)<\/span><\/label>\n<input\n\t\t\t\t\ttype='text'\n\t\t\t\t\tname='g1281-celular'\n\t\t\t\t\tid='g1281-celular'\n\t\t\t\t\tvalue=''\n\t\t\t\t\tclass='text  grunion-field' \n\t\t\t\t\trequired aria-required='true' \/>\n\t<\/div>\n\n<div style=\"\" class='grunion-field-text-wrap grunion-field-wrap'  >\n<label\n\t\t\t\tfor='g1281-empresa'\n\t\t\t\tclass='grunion-field-label text'>Empresa <span>(required)<\/span><\/label>\n<input\n\t\t\t\t\ttype='text'\n\t\t\t\t\tname='g1281-empresa'\n\t\t\t\t\tid='g1281-empresa'\n\t\t\t\t\tvalue=''\n\t\t\t\t\tclass='text  grunion-field' \n\t\t\t\t\trequired aria-required='true' \/>\n\t<\/div>\n\n<div style=\"\" class='grunion-field-textarea-wrap grunion-field-wrap'  >\n<label\n\t\t\t\tfor='contact-form-comment-g1281-mensaje'\n\t\t\t\tclass='grunion-field-label textarea'>Mensaje<\/label>\n<textarea\n\t\t                style=''\n\t\t                name='g1281-mensaje'\n\t\t                id='contact-form-comment-g1281-mensaje'\n\t\t                rows='20' class='textarea  grunion-field'  ><\/textarea>\n\t<\/div>\n\t<p class='contact-submit'>\n\t\t<button type='submit' class='pushbutton-wide'>Submit<\/button>\t\t<input type='hidden' name='contact-form-id' value='1281' \/>\n\t\t<input type='hidden' name='action' value='grunion-contact-form' \/>\n\t\t<input type='hidden' name='contact-form-hash' value='95f2d1b7c254ec4757f588eb5e3705de5aadb6e2' \/>\n\t<\/p>\n<p style=\"display: none !important;\"><label>&#916;<textarea name=\"ak_hp_textarea\" cols=\"45\" rows=\"8\" maxlength=\"100\"><\/textarea><\/label><input type=\"hidden\" id=\"ak_js_1\" name=\"ak_js\" value=\"25\"\/><script>document.getElementById( \"ak_js_1\" ).setAttribute( \"value\", ( new Date() ).getTime() );<\/script><\/p><\/form>\n<\/div>\n<p>&nbsp;<\/p>\n<h1><\/h1>\n<h1><a href=\"https:\/\/producto.mvperception.com\/wp-content\/uploads\/2026\/04\/InSightSnAPP_Reference_Manual.pdf\" target=\"_blank\" rel=\"noopener\"><strong>\ud83d\udc49<img decoding=\"async\" data-attachment-id=\"288\" data-permalink=\"https:\/\/producto.mvperception.com\/?attachment_id=288\" data-orig-file=\"https:\/\/producto.mvperception.com\/wp-content\/uploads\/2023\/09\/BOTON-FICHA-TECNICA.png\" data-orig-size=\"320,100\" data-comments-opened=\"1\" data-image-meta=\"{&quot;aperture&quot;:&quot;0&quot;,&quot;credit&quot;:&quot;&quot;,&quot;camera&quot;:&quot;&quot;,&quot;caption&quot;:&quot;&quot;,&quot;created_timestamp&quot;:&quot;0&quot;,&quot;copyright&quot;:&quot;&quot;,&quot;focal_length&quot;:&quot;0&quot;,&quot;iso&quot;:&quot;0&quot;,&quot;shutter_speed&quot;:&quot;0&quot;,&quot;title&quot;:&quot;&quot;,&quot;orientation&quot;:&quot;0&quot;}\" data-image-title=\"BOTON FICHA TECNICA\" data-image-description=\"\" data-image-caption=\"\" data-medium-file=\"https:\/\/producto.mvperception.com\/wp-content\/uploads\/2023\/09\/BOTON-FICHA-TECNICA-300x94.png\" data-large-file=\"https:\/\/producto.mvperception.com\/wp-content\/uploads\/2023\/09\/BOTON-FICHA-TECNICA.png\" class=\"alignnone wp-image-288 size-medium\" src=\"https:\/\/producto.mvperception.com\/wp-content\/uploads\/2023\/09\/BOTON-FICHA-TECNICA-300x94.png\" alt=\"\" width=\"300\" height=\"94\" srcset=\"https:\/\/producto.mvperception.com\/wp-content\/uploads\/2023\/09\/BOTON-FICHA-TECNICA-300x94.png 300w, https:\/\/producto.mvperception.com\/wp-content\/uploads\/2023\/09\/BOTON-FICHA-TECNICA-200x63.png 200w, https:\/\/producto.mvperception.com\/wp-content\/uploads\/2023\/09\/BOTON-FICHA-TECNICA.png 320w\" sizes=\"(max-width: 300px) 100vw, 300px\" \/><\/strong><\/a><\/h1>\n<h1><\/h1>\n<h1><\/h1>\n<p>&nbsp;<\/p>\n","protected":false},"excerpt":{"rendered":"<p><a href=\"https:\/\/producto.mvperception.com\/wp-content\/uploads\/2026\/04\/InSightSnAPP_Reference_Manual.pdf\">InSightSnAPP_Reference_Manual<\/a><\/p>\n","protected":false},"featured_media":1282,"template":"","meta":{"om_disable_all_campaigns":false,"_monsterinsights_skip_tracking":false,"_monsterinsights_sitenote_active":false,"_monsterinsights_sitenote_note":"","_monsterinsights_sitenote_category":0,"_joinchat":[]},"product_brand":[],"product_cat":[43],"product_tag":[],"class_list":{"0":"post-1281","1":"product","2":"type-product","3":"status-publish","4":"has-post-thumbnail","6":"product_cat-camaras-de-vision-artificial-2d-cognex","8":"first","9":"instock","10":"shipping-taxable","11":"product-type-simple"},"aioseo_notices":[],"yoast_head":"<!-- This site is optimized with the Yoast SEO plugin v22.1 - https:\/\/yoast.com\/wordpress\/plugins\/seo\/ -->\n<title>In-Sight SnAPP - Productos MV PERCEPTION<\/title>\n<meta name=\"robots\" content=\"index, follow, max-snippet:-1, max-image-preview:large, max-video-preview:-1\" \/>\n<link rel=\"canonical\" href=\"https:\/\/producto.mvperception.com\/index.php\/producto\/in-sight-snapp\/\" \/>\n<meta property=\"og:locale\" content=\"en_US\" \/>\n<meta property=\"og:type\" content=\"article\" \/>\n<meta property=\"og:title\" content=\"In-Sight SnAPP - Productos MV PERCEPTION\" \/>\n<meta property=\"og:description\" content=\"InSightSnAPP_Reference_Manual\" \/>\n<meta property=\"og:url\" content=\"https:\/\/producto.mvperception.com\/index.php\/producto\/in-sight-snapp\/\" \/>\n<meta property=\"og:site_name\" content=\"Productos MV PERCEPTION\" \/>\n<meta property=\"article:publisher\" content=\"https:\/\/www.facebook.com\/mvperception\/?ref=bookmarks\" \/>\n<meta property=\"article:modified_time\" content=\"2026-04-22T17:32:19+00:00\" \/>\n<meta property=\"og:image\" content=\"https:\/\/producto.mvperception.com\/wp-content\/uploads\/2026\/04\/In-Sight-SnAPP.webp\" \/>\n\t<meta property=\"og:image:width\" content=\"600\" \/>\n\t<meta property=\"og:image:height\" content=\"483\" \/>\n\t<meta property=\"og:image:type\" content=\"image\/webp\" \/>\n<meta name=\"twitter:card\" content=\"summary_large_image\" \/>\n<meta name=\"twitter:label1\" content=\"Est. reading time\" \/>\n\t<meta name=\"twitter:data1\" content=\"3 minutes\" \/>\n<script type=\"application\/ld+json\" class=\"yoast-schema-graph\">{\"@context\":\"https:\/\/schema.org\",\"@graph\":[{\"@type\":\"WebPage\",\"@id\":\"https:\/\/producto.mvperception.com\/index.php\/producto\/in-sight-snapp\/\",\"url\":\"https:\/\/producto.mvperception.com\/index.php\/producto\/in-sight-snapp\/\",\"name\":\"In-Sight SnAPP - Productos MV PERCEPTION\",\"isPartOf\":{\"@id\":\"https:\/\/producto.mvperception.com\/#website\"},\"datePublished\":\"2026-04-22T17:06:39+00:00\",\"dateModified\":\"2026-04-22T17:32:19+00:00\",\"breadcrumb\":{\"@id\":\"https:\/\/producto.mvperception.com\/index.php\/producto\/in-sight-snapp\/#breadcrumb\"},\"inLanguage\":\"en-US\",\"potentialAction\":[{\"@type\":\"ReadAction\",\"target\":[\"https:\/\/producto.mvperception.com\/index.php\/producto\/in-sight-snapp\/\"]}]},{\"@type\":\"BreadcrumbList\",\"@id\":\"https:\/\/producto.mvperception.com\/index.php\/producto\/in-sight-snapp\/#breadcrumb\",\"itemListElement\":[{\"@type\":\"ListItem\",\"position\":1,\"name\":\"Portada\",\"item\":\"https:\/\/producto.mvperception.com\/\"},{\"@type\":\"ListItem\",\"position\":2,\"name\":\"In-Sight SnAPP\"}]},{\"@type\":\"WebSite\",\"@id\":\"https:\/\/producto.mvperception.com\/#website\",\"url\":\"https:\/\/producto.mvperception.com\/\",\"name\":\"Productos MV PERCEPTION\",\"description\":\"\",\"publisher\":{\"@id\":\"https:\/\/producto.mvperception.com\/#organization\"},\"potentialAction\":[{\"@type\":\"SearchAction\",\"target\":{\"@type\":\"EntryPoint\",\"urlTemplate\":\"https:\/\/producto.mvperception.com\/?s={search_term_string}\"},\"query-input\":\"required name=search_term_string\"}],\"inLanguage\":\"en-US\"},{\"@type\":\"Organization\",\"@id\":\"https:\/\/producto.mvperception.com\/#organization\",\"name\":\"Productos MV PERCEPTION\",\"url\":\"https:\/\/producto.mvperception.com\/\",\"logo\":{\"@type\":\"ImageObject\",\"inLanguage\":\"en-US\",\"@id\":\"https:\/\/producto.mvperception.com\/#\/schema\/logo\/image\/\",\"url\":\"https:\/\/producto.mvperception.com\/wp-content\/uploads\/2023\/10\/cropped-cropped-logo-mv.png\",\"contentUrl\":\"https:\/\/producto.mvperception.com\/wp-content\/uploads\/2023\/10\/cropped-cropped-logo-mv.png\",\"width\":426,\"height\":61,\"caption\":\"Productos MV PERCEPTION\"},\"image\":{\"@id\":\"https:\/\/producto.mvperception.com\/#\/schema\/logo\/image\/\"},\"sameAs\":[\"https:\/\/www.facebook.com\/mvperception\/?ref=bookmarks\",\"https:\/\/www.instagram.com\/mvperception\/\",\"https:\/\/www.linkedin.com\/company\/mvperception\/\"]}]}<\/script>\n<!-- \/ Yoast SEO plugin. -->","yoast_head_json":{"title":"In-Sight SnAPP - Productos MV PERCEPTION","robots":{"index":"index","follow":"follow","max-snippet":"max-snippet:-1","max-image-preview":"max-image-preview:large","max-video-preview":"max-video-preview:-1"},"canonical":"https:\/\/producto.mvperception.com\/index.php\/producto\/in-sight-snapp\/","og_locale":"en_US","og_type":"article","og_title":"In-Sight SnAPP - Productos MV PERCEPTION","og_description":"InSightSnAPP_Reference_Manual","og_url":"https:\/\/producto.mvperception.com\/index.php\/producto\/in-sight-snapp\/","og_site_name":"Productos MV PERCEPTION","article_publisher":"https:\/\/www.facebook.com\/mvperception\/?ref=bookmarks","article_modified_time":"2026-04-22T17:32:19+00:00","og_image":[{"width":600,"height":483,"url":"https:\/\/producto.mvperception.com\/wp-content\/uploads\/2026\/04\/In-Sight-SnAPP.webp","type":"image\/webp"}],"twitter_card":"summary_large_image","twitter_misc":{"Est. reading time":"3 minutes"},"schema":{"@context":"https:\/\/schema.org","@graph":[{"@type":"WebPage","@id":"https:\/\/producto.mvperception.com\/index.php\/producto\/in-sight-snapp\/","url":"https:\/\/producto.mvperception.com\/index.php\/producto\/in-sight-snapp\/","name":"In-Sight SnAPP - Productos MV PERCEPTION","isPartOf":{"@id":"https:\/\/producto.mvperception.com\/#website"},"datePublished":"2026-04-22T17:06:39+00:00","dateModified":"2026-04-22T17:32:19+00:00","breadcrumb":{"@id":"https:\/\/producto.mvperception.com\/index.php\/producto\/in-sight-snapp\/#breadcrumb"},"inLanguage":"en-US","potentialAction":[{"@type":"ReadAction","target":["https:\/\/producto.mvperception.com\/index.php\/producto\/in-sight-snapp\/"]}]},{"@type":"BreadcrumbList","@id":"https:\/\/producto.mvperception.com\/index.php\/producto\/in-sight-snapp\/#breadcrumb","itemListElement":[{"@type":"ListItem","position":1,"name":"Portada","item":"https:\/\/producto.mvperception.com\/"},{"@type":"ListItem","position":2,"name":"In-Sight SnAPP"}]},{"@type":"WebSite","@id":"https:\/\/producto.mvperception.com\/#website","url":"https:\/\/producto.mvperception.com\/","name":"Productos MV PERCEPTION","description":"","publisher":{"@id":"https:\/\/producto.mvperception.com\/#organization"},"potentialAction":[{"@type":"SearchAction","target":{"@type":"EntryPoint","urlTemplate":"https:\/\/producto.mvperception.com\/?s={search_term_string}"},"query-input":"required name=search_term_string"}],"inLanguage":"en-US"},{"@type":"Organization","@id":"https:\/\/producto.mvperception.com\/#organization","name":"Productos MV PERCEPTION","url":"https:\/\/producto.mvperception.com\/","logo":{"@type":"ImageObject","inLanguage":"en-US","@id":"https:\/\/producto.mvperception.com\/#\/schema\/logo\/image\/","url":"https:\/\/producto.mvperception.com\/wp-content\/uploads\/2023\/10\/cropped-cropped-logo-mv.png","contentUrl":"https:\/\/producto.mvperception.com\/wp-content\/uploads\/2023\/10\/cropped-cropped-logo-mv.png","width":426,"height":61,"caption":"Productos MV PERCEPTION"},"image":{"@id":"https:\/\/producto.mvperception.com\/#\/schema\/logo\/image\/"},"sameAs":["https:\/\/www.facebook.com\/mvperception\/?ref=bookmarks","https:\/\/www.instagram.com\/mvperception\/","https:\/\/www.linkedin.com\/company\/mvperception\/"]}]}},"_links":{"self":[{"href":"https:\/\/producto.mvperception.com\/index.php\/wp-json\/wp\/v2\/product\/1281","targetHints":{"allow":["GET"]}}],"collection":[{"href":"https:\/\/producto.mvperception.com\/index.php\/wp-json\/wp\/v2\/product"}],"about":[{"href":"https:\/\/producto.mvperception.com\/index.php\/wp-json\/wp\/v2\/types\/product"}],"wp:featuredmedia":[{"embeddable":true,"href":"https:\/\/producto.mvperception.com\/index.php\/wp-json\/wp\/v2\/media\/1282"}],"wp:attachment":[{"href":"https:\/\/producto.mvperception.com\/index.php\/wp-json\/wp\/v2\/media?parent=1281"}],"wp:term":[{"taxonomy":"product_brand","embeddable":true,"href":"https:\/\/producto.mvperception.com\/index.php\/wp-json\/wp\/v2\/product_brand?post=1281"},{"taxonomy":"product_cat","embeddable":true,"href":"https:\/\/producto.mvperception.com\/index.php\/wp-json\/wp\/v2\/product_cat?post=1281"},{"taxonomy":"product_tag","embeddable":true,"href":"https:\/\/producto.mvperception.com\/index.php\/wp-json\/wp\/v2\/product_tag?post=1281"}],"curies":[{"name":"wp","href":"https:\/\/api.w.org\/{rel}","templated":true}]}}