{"id":1286,"date":"2026-04-22T17:36:42","date_gmt":"2026-04-22T17:36:42","guid":{"rendered":"https:\/\/producto.mvperception.com\/?post_type=product&#038;p=1286"},"modified":"2026-04-22T19:43:34","modified_gmt":"2026-04-22T19:43:34","slug":"in-sight-2800","status":"publish","type":"product","link":"https:\/\/producto.mvperception.com\/index.php\/producto\/in-sight-2800\/","title":{"rendered":"In-Sight 2800"},"content":{"rendered":"<section class=\"content-area\"><\/section>\n<div class=\"contentareacta\">\n<div class=\"text-jumbo text aem-GridColumn aem-GridColumn--default--12\">\n<section id=\"i7c4902a8be1dfa59393923ef32c9b39fc0befff589c51b3105e54ef250d40922\" class=\"cmp-text-jumbo\">\n<div class=\"text-jumbo text-left text-dark\">\n<div class=\"cmp-text\">\n<div class=\"cmp-product-summary__awards\"><\/div>\n<\/div>\n<\/div>\n<\/section>\n<\/div>\n<\/div>\n<div class=\"elementor-column elementor-col-50 elementor-inner-column elementor-element elementor-element-0186a2a ot-flex-column-vertical\" data-id=\"0186a2a\" data-element_type=\"column\">\n<div class=\"elementor-widget-wrap elementor-element-populated\">\n<div class=\"elementor-element elementor-element-df5a417 elementor-widget elementor-widget-iheading\" data-id=\"df5a417\" data-element_type=\"widget\" data-widget_type=\"iheading.default\">\n<div class=\"elementor-widget-container\">\n<div class=\"ot-heading\">\n<section class=\"elementor-section elementor-inner-section elementor-element elementor-element-7249696 elementor-section-full_width elementor-section-content-bottom ot-traditional elementor-section-height-default elementor-section-height-default\" data-id=\"7249696\" data-element_type=\"section\">\n<div class=\"elementor-container elementor-column-gap-default\">\n<div class=\"elementor-column elementor-col-50 elementor-inner-column elementor-element elementor-element-4babdf8 ot-flex-column-vertical\" data-id=\"4babdf8\" data-element_type=\"column\">\n<div class=\"elementor-widget-wrap\">\n<div class=\"text-jumbo text aem-GridColumn aem-GridColumn--default--6\">\n<div class=\"mb-1\">\n<div class=\"mb-1\">\n<div class=\"row\">\n<div class=\"ctaspace col-md-6 mb-1\">\n<section class=\"text-token-text-primary w-full focus:outline-none [--shadow-height:45px] has-data-writing-block:pointer-events-none has-data-writing-block:-mt-(--shadow-height) has-data-writing-block:pt-(--shadow-height) [&amp;:has([data-writing-block])&gt;*]:pointer-events-auto [content-visibility:auto] supports-[content-visibility:auto]:[contain-intrinsic-size:auto_100lvh] R6Vx5W_threadScrollVars scroll-mb-[calc(var(--scroll-root-safe-area-inset-bottom,0px)+var(--thread-response-height))] scroll-mt-[calc(var(--header-height)+min(200px,max(70px,20svh)))]\" dir=\"auto\" data-turn-id=\"request-WEB:692ccc9f-b70e-4a7a-bd50-fcdb303cde95-5\" data-testid=\"conversation-turn-12\" data-scroll-anchor=\"false\" data-turn=\"assistant\">\n<div class=\"text-base my-auto mx-auto pb-10 [--thread-content-margin:var(--thread-content-margin-xs,calc(var(--spacing)*4))] @w-sm\/main:[--thread-content-margin:var(--thread-content-margin-sm,calc(var(--spacing)*6))] @w-lg\/main:[--thread-content-margin:var(--thread-content-margin-lg,calc(var(--spacing)*16))] px-(--thread-content-margin)\">\n<div class=\"[--thread-content-max-width:40rem] @w-lg\/main:[--thread-content-max-width:48rem] mx-auto max-w-(--thread-content-max-width) flex-1 group\/turn-messages focus-visible:outline-hidden relative flex w-full min-w-0 flex-col agent-turn\">\n<div class=\"z-0 flex min-h-[46px] justify-start\">\n<h1 data-section-id=\"lqplai\" data-start=\"229\" data-end=\"264\">Sistema de visi\u00f3n In-Sight 2800<\/h1>\n<h3 data-section-id=\"1rmc3fm\" data-start=\"265\" data-end=\"327\">Inspecci\u00f3n industrial avanzada con inteligencia artificial<\/h3>\n<p data-start=\"329\" data-end=\"606\">El In-Sight 2800 es un sistema de visi\u00f3n industrial de alto rendimiento que combina inteligencia artificial con herramientas tradicionales de visi\u00f3n basada en reglas, ofreciendo una soluci\u00f3n flexible, precisa y f\u00e1cil de implementar para aplicaciones de inspecci\u00f3n automatizada.<\/p>\n<p data-start=\"608\" data-end=\"835\">Dise\u00f1ado para entornos industriales exigentes, este sistema permite detectar defectos, clasificar productos, verificar ensamblajes y realizar lecturas de texto con alta precisi\u00f3n, incluso en condiciones variables de producci\u00f3n.<\/p>\n<p data-start=\"837\" data-end=\"1023\">En MVPERCEPTION, como partner oficial en Colombia, brindamos asesor\u00eda especializada, implementaci\u00f3n y soporte local para garantizar una integraci\u00f3n eficiente en sus procesos productivos.<\/p>\n<hr data-start=\"1025\" data-end=\"1028\" \/>\n<h1 data-section-id=\"k1ohk1\" data-start=\"1030\" data-end=\"1059\">Caracter\u00edsticas principales<\/h1>\n<p data-start=\"1061\" data-end=\"1279\"><strong data-start=\"1061\" data-end=\"1109\">Tecnolog\u00eda h\u00edbrida (IA + visi\u00f3n tradicional)<\/strong><br data-start=\"1109\" data-end=\"1112\" \/>Integra inteligencia artificial con herramientas basadas en reglas, lo que permite resolver una amplia variedad de aplicaciones con mayor flexibilidad y confiabilidad.<\/p>\n<p data-start=\"1281\" data-end=\"1420\"><strong data-start=\"1281\" data-end=\"1313\">Alta precisi\u00f3n en inspecci\u00f3n<\/strong><br data-start=\"1313\" data-end=\"1316\" \/>Detecta defectos sutiles, variaciones en productos y anomal\u00edas que otros sistemas no logran identificar.<\/p>\n<p data-start=\"1422\" data-end=\"1595\"><strong data-start=\"1422\" data-end=\"1476\">Reconocimiento \u00f3ptico de caracteres (OCR) avanzado<\/strong><br data-start=\"1476\" data-end=\"1479\" \/>Permite leer textos complejos o distorsionados con alta fiabilidad, ideal para trazabilidad y control de producci\u00f3n.<\/p>\n<p data-start=\"1597\" data-end=\"1716\"><strong data-start=\"1597\" data-end=\"1623\">Clasificaci\u00f3n flexible<\/strong><br data-start=\"1623\" data-end=\"1626\" \/>Capaz de adaptarse a variaciones en piezas o productos sin necesidad de ajustes complejos.<\/p>\n<p data-start=\"1718\" data-end=\"1863\"><strong data-start=\"1718\" data-end=\"1761\">Iluminaci\u00f3n integrada multicolor (RGBW)<\/strong><br data-start=\"1761\" data-end=\"1764\" \/>Garantiza im\u00e1genes de alta calidad y contraste en diferentes condiciones de iluminaci\u00f3n industrial.<\/p>\n<p data-start=\"1865\" data-end=\"2019\"><strong data-start=\"1865\" data-end=\"1883\">Tecnolog\u00eda HDR<\/strong><br data-start=\"1883\" data-end=\"1886\" \/>Captura im\u00e1genes con hasta 16 veces m\u00e1s detalle que sensores convencionales, mejorando significativamente la precisi\u00f3n de inspecci\u00f3n.<\/p>\n<p data-start=\"2021\" data-end=\"2156\"><strong data-start=\"2021\" data-end=\"2065\">Software unificado In-Sight Vision Suite<\/strong><br data-start=\"2065\" data-end=\"2068\" \/>Permite configurar, operar y escalar soluciones en un entorno intuitivo y estandarizado.<\/p>\n<hr data-start=\"2158\" data-end=\"2161\" \/>\n<h1 data-section-id=\"1jy1drd\" data-start=\"2163\" data-end=\"2193\">Beneficios para su operaci\u00f3n<\/h1>\n<ul data-start=\"2195\" data-end=\"2510\">\n<li data-section-id=\"853hz7\" data-start=\"2195\" data-end=\"2264\">Mejora la calidad del producto mediante inspecciones m\u00e1s precisas<\/li>\n<li data-section-id=\"ut4ig8\" data-start=\"2265\" data-end=\"2322\">Reduce errores y reprocesos en la l\u00ednea de producci\u00f3n<\/li>\n<li data-section-id=\"dk3wms\" data-start=\"2323\" data-end=\"2381\">Disminuye tiempos de implementaci\u00f3n y puesta en marcha<\/li>\n<li data-section-id=\"2p0mq4\" data-start=\"2382\" data-end=\"2441\">Permite escalar soluciones de automatizaci\u00f3n f\u00e1cilmente<\/li>\n<li data-section-id=\"qpu36k\" data-start=\"2442\" data-end=\"2510\">Optimiza la eficiencia operativa y reduce tiempos de inactividad<\/li>\n<\/ul>\n<hr data-start=\"2512\" data-end=\"2515\" \/>\n<h1 data-section-id=\"1vmik8q\" data-start=\"2517\" data-end=\"2551\">Implementaci\u00f3n r\u00e1pida y sencilla<\/h1>\n<p data-start=\"2553\" data-end=\"2696\">El sistema In-Sight 2800 est\u00e1 dise\u00f1ado para ser configurado en minutos, sin necesidad de experiencia en programaci\u00f3n o inteligencia artificial.<\/p>\n<p data-start=\"2698\" data-end=\"2873\">Su interfaz intuitiva permite a los usuarios crear y ajustar aplicaciones de inspecci\u00f3n de forma \u00e1gil, facilitando la adopci\u00f3n de tecnolog\u00eda avanzada en entornos industriales.<\/p>\n<hr data-start=\"2875\" data-end=\"2878\" \/>\n<h1 data-section-id=\"1ypa7cs\" data-start=\"2880\" data-end=\"2907\">Aplicaciones industriales<\/h1>\n<p data-start=\"2909\" data-end=\"2985\">El In-Sight 2800 es ideal para una amplia gama de aplicaciones, entre ellas:<\/p>\n<ul data-start=\"2987\" data-end=\"3178\">\n<li data-section-id=\"1dozeb3\" data-start=\"2987\" data-end=\"3036\">Inspecci\u00f3n de calidad y detecci\u00f3n de defectos<\/li>\n<li data-section-id=\"1vxlfdc\" data-start=\"3037\" data-end=\"3067\">Clasificaci\u00f3n de productos<\/li>\n<li data-section-id=\"16takhb\" data-start=\"3068\" data-end=\"3098\">Verificaci\u00f3n de ensamblaje<\/li>\n<li data-section-id=\"6kfxy\" data-start=\"3099\" data-end=\"3140\">Lectura de c\u00f3digos y caracteres (OCR)<\/li>\n<li data-section-id=\"1ldlnxz\" data-start=\"3141\" data-end=\"3178\">Control de procesos automatizados<\/li>\n<\/ul>\n<hr data-start=\"3180\" data-end=\"3183\" \/>\n<h1 data-section-id=\"wwmq7a\" data-start=\"3185\" data-end=\"3208\">Ventajas competitivas<\/h1>\n<p data-start=\"3210\" data-end=\"3355\">A diferencia de sistemas convencionales, el In-Sight 2800 ofrece una soluci\u00f3n m\u00e1s completa al combinar IA y visi\u00f3n tradicional en un solo equipo:<\/p>\n<ul data-start=\"3357\" data-end=\"3543\">\n<li data-section-id=\"1ijbaye\" data-start=\"3357\" data-end=\"3411\">Mayor precisi\u00f3n frente a variaciones en producci\u00f3n<\/li>\n<li data-section-id=\"1h192pz\" data-start=\"3412\" data-end=\"3451\">Menor necesidad de ajustes manuales<\/li>\n<li data-section-id=\"yt4ug0\" data-start=\"3452\" data-end=\"3494\">Adaptabilidad a m\u00faltiples aplicaciones<\/li>\n<li data-section-id=\"1kw425o\" data-start=\"3495\" data-end=\"3543\">Reducci\u00f3n de costos operativos a largo plazo<\/li>\n<\/ul>\n<hr data-start=\"3545\" data-end=\"3548\" \/>\n<h1 data-section-id=\"ga52da\" data-start=\"3550\" data-end=\"3579\"><\/h1>\n<h1 data-section-id=\"ga52da\" data-start=\"3550\" data-end=\"3579\">Diagrama del campo de visi\u00f3n de In-Sight 2800 campo de visi\u00f3n<\/h1>\n<h1 data-section-id=\"ga52da\" data-start=\"3550\" data-end=\"3579\"><\/h1>\n<h1 data-section-id=\"ga52da\" data-start=\"3550\" data-end=\"3579\"><img decoding=\"async\" src=\"https:\/\/cog-p-001.sitecorecontenthub.cloud\/api\/public\/content\/e34cdad350774be790bb6b213bd0f54d?v=bab53a02\" alt=\"FOVs Mini-Spanish.jpg\" \/><\/h1>\n<h1 data-section-id=\"ga52da\" data-start=\"3550\" data-end=\"3579\"><\/h1>\n<hr data-start=\"3581\" data-end=\"3586\" \/>\n<h1 data-section-id=\"ga52da\" data-start=\"3550\" data-end=\"3579\">Solicite una demostraci\u00f3n<\/h1>\n<p data-start=\"3588\" data-end=\"3720\">Descubra c\u00f3mo el sistema de visi\u00f3n In-Sight 2800 puede optimizar sus procesos de inspecci\u00f3n y mejorar la calidad de su producci\u00f3n.<\/p>\n<p data-start=\"3722\" data-end=\"3873\">En MVPERCEPTION le ofrecemos asesor\u00eda personalizada para evaluar sus necesidades y proponer la mejor soluci\u00f3n de visi\u00f3n artificial para su industria.<\/p>\n<p data-start=\"3875\" data-end=\"3985\">MVPERCEPTION \u2013 Partner oficial en Colombia<br data-start=\"3917\" data-end=\"3920\" \/>Asesor\u00eda, implementaci\u00f3n y soporte especializado a nivel local.<\/p>\n<p data-start=\"3987\" data-end=\"4085\">Cont\u00e1ctenos para recibir una demostraci\u00f3n y conocer c\u00f3mo integrar esta tecnolog\u00eda en su empresa.<\/p>\n<\/div>\n<div class=\"mt-3 w-full empty:hidden\">\n<div class=\"text-center\"><\/div>\n<\/div>\n<\/div>\n<\/div>\n<\/section>\n<div class=\"pointer-events-none -mt-px h-px translate-y-[calc(var(--scroll-root-safe-area-inset-bottom)-14*var(--spacing))]\" aria-hidden=\"true\"><\/div>\n<\/div>\n<\/div>\n<\/div>\n<\/div>\n<\/div>\n<\/div>\n<\/div>\n<\/div>\n<\/section>\n<\/div>\n<\/div>\n<\/div>\n<\/div>\n<\/div>\n<div data-id=\"4babdf8\" data-element_type=\"column\">\n<div class=\"elementor-element elementor-element-396bd85 elementor-widget elementor-widget-text-editor\" data-id=\"396bd85\" data-element_type=\"widget\" data-widget_type=\"text-editor.default\">\n<h2 class=\"main-heading\">Cotizar \ud83d\udc47 (complete el formulario)<\/h2>\n<\/div>\n<\/div>\n<p>&nbsp;<\/p>\n<div data-test='contact-form' id='contact-form-1286' class='wp-block-jetpack-contact-form-container '>\n<form action='https:\/\/producto.mvperception.com\/index.php\/producto\/in-sight-2800\/#contact-form-1286' method='post' class='contact-form commentsblock'>\n<script>\n\t\t\t( function () {\n\t\t\t\tconst contact_forms = document.getElementsByClassName('contact-form');\n\n\t\t\t\tfor ( const form of contact_forms ) {\n\t\t\t\t\tform.onsubmit = function() {\n\t\t\t\t\t\tconst buttons = form.getElementsByTagName('button');\n\n\t\t\t\t\t\tfor( const button of buttons ) {\n\t\t\t\t\t\t\tbutton.setAttribute('disabled', true);\n\t\t\t\t\t\t}\n\t\t\t\t\t}\n\t\t\t\t}\n\t\t\t} )();\n\t\t<\/script>\n<div style=\"\" class='grunion-field-name-wrap grunion-field-wrap'  >\n<label\n\t\t\t\tfor='g1286-nombre'\n\t\t\t\tclass='grunion-field-label name'>Nombre<span>(required)<\/span><\/label>\n<input\n\t\t\t\t\ttype='text'\n\t\t\t\t\tname='g1286-nombre'\n\t\t\t\t\tid='g1286-nombre'\n\t\t\t\t\tvalue=''\n\t\t\t\t\tclass='name  grunion-field' \n\t\t\t\t\trequired aria-required='true' \/>\n\t<\/div>\n\n<div style=\"\" class='grunion-field-email-wrap grunion-field-wrap'  >\n<label\n\t\t\t\tfor='g1286-correoelectrnico'\n\t\t\t\tclass='grunion-field-label email'>Correo electr\u00f3nico<span>(required)<\/span><\/label>\n<input\n\t\t\t\t\ttype='email'\n\t\t\t\t\tname='g1286-correoelectrnico'\n\t\t\t\t\tid='g1286-correoelectrnico'\n\t\t\t\t\tvalue=''\n\t\t\t\t\tclass='email  grunion-field' \n\t\t\t\t\trequired aria-required='true' \/>\n\t<\/div>\n\n<div style=\"\" class='grunion-field-text-wrap grunion-field-wrap'  >\n<label\n\t\t\t\tfor='g1286-celular'\n\t\t\t\tclass='grunion-field-label text'>Celular<span>(required)<\/span><\/label>\n<input\n\t\t\t\t\ttype='text'\n\t\t\t\t\tname='g1286-celular'\n\t\t\t\t\tid='g1286-celular'\n\t\t\t\t\tvalue=''\n\t\t\t\t\tclass='text  grunion-field' \n\t\t\t\t\trequired aria-required='true' \/>\n\t<\/div>\n\n<div style=\"\" class='grunion-field-text-wrap grunion-field-wrap'  >\n<label\n\t\t\t\tfor='g1286-empresa'\n\t\t\t\tclass='grunion-field-label text'>Empresa <span>(required)<\/span><\/label>\n<input\n\t\t\t\t\ttype='text'\n\t\t\t\t\tname='g1286-empresa'\n\t\t\t\t\tid='g1286-empresa'\n\t\t\t\t\tvalue=''\n\t\t\t\t\tclass='text  grunion-field' \n\t\t\t\t\trequired aria-required='true' \/>\n\t<\/div>\n\n<div style=\"\" class='grunion-field-textarea-wrap grunion-field-wrap'  >\n<label\n\t\t\t\tfor='contact-form-comment-g1286-mensaje'\n\t\t\t\tclass='grunion-field-label textarea'>Mensaje<\/label>\n<textarea\n\t\t                style=''\n\t\t                name='g1286-mensaje'\n\t\t                id='contact-form-comment-g1286-mensaje'\n\t\t                rows='20' class='textarea  grunion-field'  ><\/textarea>\n\t<\/div>\n\t<p class='contact-submit'>\n\t\t<button type='submit' class='pushbutton-wide'>Submit<\/button>\t\t<input type='hidden' name='contact-form-id' value='1286' \/>\n\t\t<input type='hidden' name='action' value='grunion-contact-form' \/>\n\t\t<input type='hidden' name='contact-form-hash' value='7de660709e47a0670c00288ae629d4c7bc5c2579' \/>\n\t<\/p>\n<p style=\"display: none !important;\"><label>&#916;<textarea name=\"ak_hp_textarea\" cols=\"45\" rows=\"8\" maxlength=\"100\"><\/textarea><\/label><input type=\"hidden\" id=\"ak_js_1\" name=\"ak_js\" value=\"28\"\/><script>document.getElementById( \"ak_js_1\" ).setAttribute( \"value\", ( new Date() ).getTime() );<\/script><\/p><\/form>\n<\/div>\n<p>&nbsp;<\/p>\n<h1><\/h1>\n<h1><a href=\"https:\/\/producto.mvperception.com\/wp-content\/uploads\/2026\/04\/IS2800_Reference_Manual.pdf\" target=\"_blank\" rel=\"noopener\"><strong>\ud83d\udc49<img decoding=\"async\" data-attachment-id=\"288\" data-permalink=\"https:\/\/producto.mvperception.com\/?attachment_id=288\" data-orig-file=\"https:\/\/producto.mvperception.com\/wp-content\/uploads\/2023\/09\/BOTON-FICHA-TECNICA.png\" data-orig-size=\"320,100\" data-comments-opened=\"1\" data-image-meta=\"{&quot;aperture&quot;:&quot;0&quot;,&quot;credit&quot;:&quot;&quot;,&quot;camera&quot;:&quot;&quot;,&quot;caption&quot;:&quot;&quot;,&quot;created_timestamp&quot;:&quot;0&quot;,&quot;copyright&quot;:&quot;&quot;,&quot;focal_length&quot;:&quot;0&quot;,&quot;iso&quot;:&quot;0&quot;,&quot;shutter_speed&quot;:&quot;0&quot;,&quot;title&quot;:&quot;&quot;,&quot;orientation&quot;:&quot;0&quot;}\" data-image-title=\"BOTON FICHA TECNICA\" data-image-description=\"\" data-image-caption=\"\" data-medium-file=\"https:\/\/producto.mvperception.com\/wp-content\/uploads\/2023\/09\/BOTON-FICHA-TECNICA-300x94.png\" data-large-file=\"https:\/\/producto.mvperception.com\/wp-content\/uploads\/2023\/09\/BOTON-FICHA-TECNICA.png\" class=\"alignnone wp-image-288 size-medium\" src=\"https:\/\/producto.mvperception.com\/wp-content\/uploads\/2023\/09\/BOTON-FICHA-TECNICA-300x94.png\" alt=\"\" width=\"300\" height=\"94\" srcset=\"https:\/\/producto.mvperception.com\/wp-content\/uploads\/2023\/09\/BOTON-FICHA-TECNICA-300x94.png 300w, https:\/\/producto.mvperception.com\/wp-content\/uploads\/2023\/09\/BOTON-FICHA-TECNICA-200x63.png 200w, https:\/\/producto.mvperception.com\/wp-content\/uploads\/2023\/09\/BOTON-FICHA-TECNICA.png 320w\" sizes=\"(max-width: 300px) 100vw, 300px\" \/><\/strong><\/a><\/h1>\n<h1><\/h1>\n<h1><\/h1>\n<p>&nbsp;<\/p>\n","protected":false},"excerpt":{"rendered":"<p><a href=\"https:\/\/producto.mvperception.com\/wp-content\/uploads\/2026\/04\/InSightSnAPP_Reference_Manual.pdf\">InSightSnAPP_Reference_Manual<\/a><\/p>\n","protected":false},"featured_media":1306,"template":"","meta":{"om_disable_all_campaigns":false,"_monsterinsights_skip_tracking":false,"_monsterinsights_sitenote_active":false,"_monsterinsights_sitenote_note":"","_monsterinsights_sitenote_category":0,"_joinchat":[]},"product_brand":[],"product_cat":[43],"product_tag":[],"class_list":{"0":"post-1286","1":"product","2":"type-product","3":"status-publish","4":"has-post-thumbnail","6":"product_cat-camaras-de-vision-artificial-2d-cognex","8":"first","9":"instock","10":"shipping-taxable","11":"product-type-simple"},"aioseo_notices":[],"yoast_head":"<!-- This site is optimized with the Yoast SEO plugin v22.1 - https:\/\/yoast.com\/wordpress\/plugins\/seo\/ -->\n<title>In-Sight 2800 - Productos MV PERCEPTION<\/title>\n<meta name=\"robots\" content=\"index, follow, max-snippet:-1, max-image-preview:large, max-video-preview:-1\" \/>\n<link rel=\"canonical\" href=\"https:\/\/producto.mvperception.com\/index.php\/producto\/in-sight-2800\/\" \/>\n<meta property=\"og:locale\" content=\"en_US\" \/>\n<meta property=\"og:type\" content=\"article\" \/>\n<meta property=\"og:title\" content=\"In-Sight 2800 - Productos MV PERCEPTION\" \/>\n<meta property=\"og:description\" content=\"InSightSnAPP_Reference_Manual\" \/>\n<meta property=\"og:url\" content=\"https:\/\/producto.mvperception.com\/index.php\/producto\/in-sight-2800\/\" \/>\n<meta property=\"og:site_name\" content=\"Productos MV PERCEPTION\" \/>\n<meta property=\"article:publisher\" content=\"https:\/\/www.facebook.com\/mvperception\/?ref=bookmarks\" \/>\n<meta property=\"article:modified_time\" content=\"2026-04-22T19:43:34+00:00\" \/>\n<meta property=\"og:image\" content=\"https:\/\/producto.mvperception.com\/wp-content\/uploads\/2026\/04\/In-Sight-2800-4.webp\" \/>\n\t<meta property=\"og:image:width\" content=\"856\" \/>\n\t<meta property=\"og:image:height\" content=\"856\" \/>\n\t<meta property=\"og:image:type\" content=\"image\/webp\" \/>\n<meta name=\"twitter:card\" content=\"summary_large_image\" \/>\n<meta name=\"twitter:label1\" content=\"Est. reading time\" \/>\n\t<meta name=\"twitter:data1\" content=\"3 minutes\" \/>\n<script type=\"application\/ld+json\" class=\"yoast-schema-graph\">{\"@context\":\"https:\/\/schema.org\",\"@graph\":[{\"@type\":\"WebPage\",\"@id\":\"https:\/\/producto.mvperception.com\/index.php\/producto\/in-sight-2800\/\",\"url\":\"https:\/\/producto.mvperception.com\/index.php\/producto\/in-sight-2800\/\",\"name\":\"In-Sight 2800 - Productos MV PERCEPTION\",\"isPartOf\":{\"@id\":\"https:\/\/producto.mvperception.com\/#website\"},\"datePublished\":\"2026-04-22T17:36:42+00:00\",\"dateModified\":\"2026-04-22T19:43:34+00:00\",\"breadcrumb\":{\"@id\":\"https:\/\/producto.mvperception.com\/index.php\/producto\/in-sight-2800\/#breadcrumb\"},\"inLanguage\":\"en-US\",\"potentialAction\":[{\"@type\":\"ReadAction\",\"target\":[\"https:\/\/producto.mvperception.com\/index.php\/producto\/in-sight-2800\/\"]}]},{\"@type\":\"BreadcrumbList\",\"@id\":\"https:\/\/producto.mvperception.com\/index.php\/producto\/in-sight-2800\/#breadcrumb\",\"itemListElement\":[{\"@type\":\"ListItem\",\"position\":1,\"name\":\"Portada\",\"item\":\"https:\/\/producto.mvperception.com\/\"},{\"@type\":\"ListItem\",\"position\":2,\"name\":\"In-Sight 2800\"}]},{\"@type\":\"WebSite\",\"@id\":\"https:\/\/producto.mvperception.com\/#website\",\"url\":\"https:\/\/producto.mvperception.com\/\",\"name\":\"Productos MV PERCEPTION\",\"description\":\"\",\"publisher\":{\"@id\":\"https:\/\/producto.mvperception.com\/#organization\"},\"potentialAction\":[{\"@type\":\"SearchAction\",\"target\":{\"@type\":\"EntryPoint\",\"urlTemplate\":\"https:\/\/producto.mvperception.com\/?s={search_term_string}\"},\"query-input\":\"required name=search_term_string\"}],\"inLanguage\":\"en-US\"},{\"@type\":\"Organization\",\"@id\":\"https:\/\/producto.mvperception.com\/#organization\",\"name\":\"Productos MV PERCEPTION\",\"url\":\"https:\/\/producto.mvperception.com\/\",\"logo\":{\"@type\":\"ImageObject\",\"inLanguage\":\"en-US\",\"@id\":\"https:\/\/producto.mvperception.com\/#\/schema\/logo\/image\/\",\"url\":\"https:\/\/producto.mvperception.com\/wp-content\/uploads\/2023\/10\/cropped-cropped-logo-mv.png\",\"contentUrl\":\"https:\/\/producto.mvperception.com\/wp-content\/uploads\/2023\/10\/cropped-cropped-logo-mv.png\",\"width\":426,\"height\":61,\"caption\":\"Productos MV PERCEPTION\"},\"image\":{\"@id\":\"https:\/\/producto.mvperception.com\/#\/schema\/logo\/image\/\"},\"sameAs\":[\"https:\/\/www.facebook.com\/mvperception\/?ref=bookmarks\",\"https:\/\/www.instagram.com\/mvperception\/\",\"https:\/\/www.linkedin.com\/company\/mvperception\/\"]}]}<\/script>\n<!-- \/ Yoast SEO plugin. -->","yoast_head_json":{"title":"In-Sight 2800 - Productos MV PERCEPTION","robots":{"index":"index","follow":"follow","max-snippet":"max-snippet:-1","max-image-preview":"max-image-preview:large","max-video-preview":"max-video-preview:-1"},"canonical":"https:\/\/producto.mvperception.com\/index.php\/producto\/in-sight-2800\/","og_locale":"en_US","og_type":"article","og_title":"In-Sight 2800 - Productos MV PERCEPTION","og_description":"InSightSnAPP_Reference_Manual","og_url":"https:\/\/producto.mvperception.com\/index.php\/producto\/in-sight-2800\/","og_site_name":"Productos MV PERCEPTION","article_publisher":"https:\/\/www.facebook.com\/mvperception\/?ref=bookmarks","article_modified_time":"2026-04-22T19:43:34+00:00","og_image":[{"width":856,"height":856,"url":"https:\/\/producto.mvperception.com\/wp-content\/uploads\/2026\/04\/In-Sight-2800-4.webp","type":"image\/webp"}],"twitter_card":"summary_large_image","twitter_misc":{"Est. reading time":"3 minutes"},"schema":{"@context":"https:\/\/schema.org","@graph":[{"@type":"WebPage","@id":"https:\/\/producto.mvperception.com\/index.php\/producto\/in-sight-2800\/","url":"https:\/\/producto.mvperception.com\/index.php\/producto\/in-sight-2800\/","name":"In-Sight 2800 - Productos MV PERCEPTION","isPartOf":{"@id":"https:\/\/producto.mvperception.com\/#website"},"datePublished":"2026-04-22T17:36:42+00:00","dateModified":"2026-04-22T19:43:34+00:00","breadcrumb":{"@id":"https:\/\/producto.mvperception.com\/index.php\/producto\/in-sight-2800\/#breadcrumb"},"inLanguage":"en-US","potentialAction":[{"@type":"ReadAction","target":["https:\/\/producto.mvperception.com\/index.php\/producto\/in-sight-2800\/"]}]},{"@type":"BreadcrumbList","@id":"https:\/\/producto.mvperception.com\/index.php\/producto\/in-sight-2800\/#breadcrumb","itemListElement":[{"@type":"ListItem","position":1,"name":"Portada","item":"https:\/\/producto.mvperception.com\/"},{"@type":"ListItem","position":2,"name":"In-Sight 2800"}]},{"@type":"WebSite","@id":"https:\/\/producto.mvperception.com\/#website","url":"https:\/\/producto.mvperception.com\/","name":"Productos MV PERCEPTION","description":"","publisher":{"@id":"https:\/\/producto.mvperception.com\/#organization"},"potentialAction":[{"@type":"SearchAction","target":{"@type":"EntryPoint","urlTemplate":"https:\/\/producto.mvperception.com\/?s={search_term_string}"},"query-input":"required name=search_term_string"}],"inLanguage":"en-US"},{"@type":"Organization","@id":"https:\/\/producto.mvperception.com\/#organization","name":"Productos MV PERCEPTION","url":"https:\/\/producto.mvperception.com\/","logo":{"@type":"ImageObject","inLanguage":"en-US","@id":"https:\/\/producto.mvperception.com\/#\/schema\/logo\/image\/","url":"https:\/\/producto.mvperception.com\/wp-content\/uploads\/2023\/10\/cropped-cropped-logo-mv.png","contentUrl":"https:\/\/producto.mvperception.com\/wp-content\/uploads\/2023\/10\/cropped-cropped-logo-mv.png","width":426,"height":61,"caption":"Productos MV PERCEPTION"},"image":{"@id":"https:\/\/producto.mvperception.com\/#\/schema\/logo\/image\/"},"sameAs":["https:\/\/www.facebook.com\/mvperception\/?ref=bookmarks","https:\/\/www.instagram.com\/mvperception\/","https:\/\/www.linkedin.com\/company\/mvperception\/"]}]}},"_links":{"self":[{"href":"https:\/\/producto.mvperception.com\/index.php\/wp-json\/wp\/v2\/product\/1286","targetHints":{"allow":["GET"]}}],"collection":[{"href":"https:\/\/producto.mvperception.com\/index.php\/wp-json\/wp\/v2\/product"}],"about":[{"href":"https:\/\/producto.mvperception.com\/index.php\/wp-json\/wp\/v2\/types\/product"}],"wp:featuredmedia":[{"embeddable":true,"href":"https:\/\/producto.mvperception.com\/index.php\/wp-json\/wp\/v2\/media\/1306"}],"wp:attachment":[{"href":"https:\/\/producto.mvperception.com\/index.php\/wp-json\/wp\/v2\/media?parent=1286"}],"wp:term":[{"taxonomy":"product_brand","embeddable":true,"href":"https:\/\/producto.mvperception.com\/index.php\/wp-json\/wp\/v2\/product_brand?post=1286"},{"taxonomy":"product_cat","embeddable":true,"href":"https:\/\/producto.mvperception.com\/index.php\/wp-json\/wp\/v2\/product_cat?post=1286"},{"taxonomy":"product_tag","embeddable":true,"href":"https:\/\/producto.mvperception.com\/index.php\/wp-json\/wp\/v2\/product_tag?post=1286"}],"curies":[{"name":"wp","href":"https:\/\/api.w.org\/{rel}","templated":true}]}}