{"id":530,"date":"2023-11-17T20:06:38","date_gmt":"2023-11-17T20:06:38","guid":{"rendered":"https:\/\/producto.mvperception.com\/?post_type=product&#038;p=530"},"modified":"2023-11-17T20:12:06","modified_gmt":"2023-11-17T20:12:06","slug":"impresora-industrial-zt510","status":"publish","type":"product","link":"https:\/\/producto.mvperception.com\/index.php\/producto\/impresora-industrial-zt510\/","title":{"rendered":"Impresora industrial ZT510"},"content":{"rendered":"<div class=\"cmp-product-summary__rte\" role=\"description\">\n<div class=\"text section\"><\/div>\n<\/div>\n<div role=\"description\">\n<div class=\"cmp-product-summary__description\">\n<div class=\"cmp-product-summary__rte\" role=\"description\">La impresora ZT510 ofrece un dise\u00f1o y construcci\u00f3n comprobados y duraderos, y a\u00f1ade capacidades avanzadas de monitoreo y administraci\u00f3n. De esta forma, podr\u00e1 garantizar la continuidad ininterrumpida de sus operaciones. Adem\u00e1s, obtendr\u00e1 mayor durabilidad y funcionalidad avanzada que le permitir\u00e1n sortear cualquier obst\u00e1culo futuro. Y todo a un valor excepcional.<\/div>\n<\/div>\n<div class=\"cmp-product-summary__ctas\">\n<div class=\"cmp-product-summary__specs\"><\/div>\n<\/div>\n<\/div>\n<div role=\"description\">\n<h2 class=\"main-heading\"><b><span class=\"spec-sheet-caption\">Especificaciones de la impresora<\/span><\/b><\/h2>\n<\/div>\n<div class=\"text section\">\n<div class=\"zebra-text\">\n<div class=\"text section\">\n<div class=\"zebra-text\">\n<div class=\"text section\">\n<div class=\"zebra-text\">\n<div class=\"text section\">\n<div class=\"zebra-text\"><\/div>\n<\/div>\n<div class=\"tablegrid section\">\n<div class=\"table-grid-container\">\n<div class=\"table-grid-mobile\"><\/div>\n<table border=\"1\" width=\"100%\" cellspacing=\"0\" cellpadding=\"1\">\n<tbody>\n<tr>\n<td><b>Resoluci\u00f3n<\/b><\/td>\n<td>203\u00a0dpi\/8\u00a0puntos por mm<br \/>\n300\u00a0dpi\/12\u00a0puntos por mm (opcional)<\/td>\n<\/tr>\n<tr>\n<td><b>Memoria<\/b><\/td>\n<td>512\u00a0MB de memoria RAM<br \/>\nMemoria Flash lineal integrada de 2\u00a0GB<\/td>\n<\/tr>\n<tr>\n<td><b>Ancho m\u00e1ximo de impresi\u00f3n<\/b><\/td>\n<td>104\u00a0mm\/4,09\u00a0in<\/td>\n<\/tr>\n<tr>\n<td><b>Velocidad m\u00e1xima de impresi\u00f3n<\/b><\/td>\n<td>12\u00a0pps\/305\u00a0mm por segundo<\/td>\n<\/tr>\n<tr>\n<td><b>Sensores de materiales<\/b><\/td>\n<td>Sensores de materiales dobles: transmisivo y reflexivo<\/td>\n<\/tr>\n<tr>\n<td><b>M\u00e1xima longitud de impresi\u00f3n continua<\/b><\/td>\n<td>\u2022 203\u00a0ppp: 150\u00a0in\/3810\u00a0mm<br \/>\n\u2022 300\u00a0ppp: 100\u00a0in\/2540\u00a0mm<\/td>\n<\/tr>\n<\/tbody>\n<\/table>\n<\/div>\n<\/div>\n<\/div>\n<\/div>\n<div class=\"tablegrid section\">\n<p>&nbsp;<\/p>\n<div class=\"table-grid-container\"><\/div>\n<\/div>\n<\/div>\n<\/div>\n<\/div>\n<\/div>\n<div class=\"tablegrid section\">\n<div class=\"text section\">\n<div class=\"zebra-text\">\n<div class=\"text section\">\n<div class=\"zebra-text\">\n<p>&nbsp;<\/p>\n<\/div>\n<\/div>\n<\/div>\n<\/div>\n<\/div>\n<div class=\"elementor-element elementor-element-21f59e2 elementor-widget elementor-widget-iheading\" data-id=\"21f59e2\" data-element_type=\"widget\" data-widget_type=\"iheading.default\">\n<div class=\"tablegrid section\"><\/div>\n<\/div>\n<div class=\"elementor-element elementor-element-396bd85 elementor-widget elementor-widget-text-editor\" data-id=\"396bd85\" data-element_type=\"widget\" data-widget_type=\"text-editor.default\">\n<div class=\"elementor-widget-container\"><\/div>\n<\/div>\n<p>&nbsp;<\/p>\n<p>&nbsp;<\/p>\n<div role=\"description\">\n<div data-test='contact-form' id='contact-form-530' class='wp-block-jetpack-contact-form-container '>\n<form action='https:\/\/producto.mvperception.com\/index.php\/producto\/impresora-industrial-zt510\/#contact-form-530' method='post' class='contact-form commentsblock'>\n<script>\n\t\t\t( function () {\n\t\t\t\tconst contact_forms = document.getElementsByClassName('contact-form');\n\n\t\t\t\tfor ( const form of contact_forms ) {\n\t\t\t\t\tform.onsubmit = function() {\n\t\t\t\t\t\tconst buttons = form.getElementsByTagName('button');\n\n\t\t\t\t\t\tfor( const button of buttons ) {\n\t\t\t\t\t\t\tbutton.setAttribute('disabled', true);\n\t\t\t\t\t\t}\n\t\t\t\t\t}\n\t\t\t\t}\n\t\t\t} )();\n\t\t<\/script>\n<div style=\"\" class='grunion-field-name-wrap grunion-field-wrap'  >\n<label\n\t\t\t\tfor='g530-nombre'\n\t\t\t\tclass='grunion-field-label name'>Nombre<span>(required)<\/span><\/label>\n<input\n\t\t\t\t\ttype='text'\n\t\t\t\t\tname='g530-nombre'\n\t\t\t\t\tid='g530-nombre'\n\t\t\t\t\tvalue=''\n\t\t\t\t\tclass='name  grunion-field' \n\t\t\t\t\trequired aria-required='true' \/>\n\t<\/div>\n\n<div style=\"\" class='grunion-field-email-wrap grunion-field-wrap'  >\n<label\n\t\t\t\tfor='g530-correoelectrnico'\n\t\t\t\tclass='grunion-field-label email'>Correo electr\u00f3nico<span>(required)<\/span><\/label>\n<input\n\t\t\t\t\ttype='email'\n\t\t\t\t\tname='g530-correoelectrnico'\n\t\t\t\t\tid='g530-correoelectrnico'\n\t\t\t\t\tvalue=''\n\t\t\t\t\tclass='email  grunion-field' \n\t\t\t\t\trequired aria-required='true' \/>\n\t<\/div>\n\n<div style=\"\" class='grunion-field-url-wrap grunion-field-wrap'  >\n<label\n\t\t\t\tfor='g530-web'\n\t\t\t\tclass='grunion-field-label url'>Web<\/label>\n<input\n\t\t\t\t\ttype='text'\n\t\t\t\t\tname='g530-web'\n\t\t\t\t\tid='g530-web'\n\t\t\t\t\tvalue=''\n\t\t\t\t\tclass='url  grunion-field' \n\t\t\t\t\ttitle=\"Please enter a valid URL - https:\/\/www.example.com\" oninvalid=\"setCustomValidity(&quot;Please enter a valid URL - https:\/\/www.example.com&quot;)\" oninput=\"setCustomValidity(&quot;&quot;)\" pattern=\"(([:\\\/a-zA-Z0-9_\\-]+)?(\\.[a-zA-Z0-9_\\-\\\/]+)+)\" data-type-override=\"url\"  \/>\n\t<\/div>\n\n<div style=\"\" class='grunion-field-textarea-wrap grunion-field-wrap'  >\n<label\n\t\t\t\tfor='contact-form-comment-g530-mensaje'\n\t\t\t\tclass='grunion-field-label textarea'>Mensaje<\/label>\n<textarea\n\t\t                style=''\n\t\t                name='g530-mensaje'\n\t\t                id='contact-form-comment-g530-mensaje'\n\t\t                rows='20' class='textarea  grunion-field'  ><\/textarea>\n\t<\/div>\n\t<p class='contact-submit'>\n\t\t<button type='submit' class='pushbutton-wide'>Submit<\/button>\t\t<input type='hidden' name='contact-form-id' value='530' \/>\n\t\t<input type='hidden' name='action' value='grunion-contact-form' \/>\n\t\t<input type='hidden' name='contact-form-hash' value='1f0e58b38ae80dacf7d9e2398ecc711eff1dae87' \/>\n\t<\/p>\n<\/form>\n<\/div>\n<\/div>\n<p>&nbsp;<\/p>\n<p>&nbsp;<\/p>\n<h1><a href=\"https:\/\/producto.mvperception.com\/wp-content\/uploads\/2023\/11\/zt510-spec-sheet-es-la.pdf\" target=\"_blank\" rel=\"noopener\"><strong>\ud83d\udc49<img loading=\"lazy\" decoding=\"async\" data-attachment-id=\"288\" data-permalink=\"https:\/\/producto.mvperception.com\/?attachment_id=288\" data-orig-file=\"https:\/\/producto.mvperception.com\/wp-content\/uploads\/2023\/09\/BOTON-FICHA-TECNICA.png\" data-orig-size=\"320,100\" data-comments-opened=\"1\" data-image-meta=\"{&quot;aperture&quot;:&quot;0&quot;,&quot;credit&quot;:&quot;&quot;,&quot;camera&quot;:&quot;&quot;,&quot;caption&quot;:&quot;&quot;,&quot;created_timestamp&quot;:&quot;0&quot;,&quot;copyright&quot;:&quot;&quot;,&quot;focal_length&quot;:&quot;0&quot;,&quot;iso&quot;:&quot;0&quot;,&quot;shutter_speed&quot;:&quot;0&quot;,&quot;title&quot;:&quot;&quot;,&quot;orientation&quot;:&quot;0&quot;}\" data-image-title=\"BOTON FICHA TECNICA\" data-image-description=\"\" data-image-caption=\"\" data-medium-file=\"https:\/\/producto.mvperception.com\/wp-content\/uploads\/2023\/09\/BOTON-FICHA-TECNICA-300x94.png\" data-large-file=\"https:\/\/producto.mvperception.com\/wp-content\/uploads\/2023\/09\/BOTON-FICHA-TECNICA.png\" class=\"alignnone size-medium wp-image-288\" src=\"https:\/\/producto.mvperception.com\/wp-content\/uploads\/2023\/09\/BOTON-FICHA-TECNICA-300x94.png\" sizes=\"(max-width: 300px) 100vw, 300px\" srcset=\"https:\/\/producto.mvperception.com\/wp-content\/uploads\/2023\/09\/BOTON-FICHA-TECNICA-300x94.png 300w, https:\/\/producto.mvperception.com\/wp-content\/uploads\/2023\/09\/BOTON-FICHA-TECNICA.png 320w\" alt=\"\" width=\"300\" height=\"94\" data-attachment-id=\"288\" data-permalink=\"https:\/\/producto.mvperception.com\/?attachment_id=288\" data-orig-file=\"https:\/\/producto.mvperception.com\/wp-content\/uploads\/2023\/09\/BOTON-FICHA-TECNICA.png\" data-orig-size=\"320,100\" data-comments-opened=\"1\" data-image-meta=\"{&quot;aperture&quot;:&quot;0&quot;,&quot;credit&quot;:&quot;&quot;,&quot;camera&quot;:&quot;&quot;,&quot;caption&quot;:&quot;&quot;,&quot;created_timestamp&quot;:&quot;0&quot;,&quot;copyright&quot;:&quot;&quot;,&quot;focal_length&quot;:&quot;0&quot;,&quot;iso&quot;:&quot;0&quot;,&quot;shutter_speed&quot;:&quot;0&quot;,&quot;title&quot;:&quot;&quot;,&quot;orientation&quot;:&quot;0&quot;}\" data-image-title=\"BOTON FICHA TECNICA\" data-image-description=\"\" data-image-caption=\"\" data-medium-file=\"https:\/\/producto.mvperception.com\/wp-content\/uploads\/2023\/09\/BOTON-FICHA-TECNICA-300x94.png\" data-large-file=\"https:\/\/producto.mvperception.com\/wp-content\/uploads\/2023\/09\/BOTON-FICHA-TECNICA.png\" \/><\/strong><\/a><\/h1>\n","protected":false},"excerpt":{"rendered":"<p><strong>Conectividad<\/strong><br \/>\n\u2022 Dos ranuras de comunicaci\u00f3n libres que permiten agregar tarjetas internas para interfaces 802.11 a\/c, paralelas, Ethernet. Opci\u00f3n para IPv6 disponible como adaptador externo conectado en un puerto paralelo<\/p>\n<p><strong>Manejo de materiales<\/strong><br \/>\n\u2022 Rebobinado: rebobina internamente un rollo completo de etiquetas impresas en un eje de 3 in o despega y rebobina el soporte<br \/>\n\u2022 Cortador: Cortador frontal de guillotina y bandeja de captura<\/p>\n<p><strong>Teclado independiente con pantalla<\/strong><br \/>\n\u2022 Unidades de teclado independiente con pantalla ZKDU\u2122 para soluciones de impresi\u00f3n independientes<\/p>\n","protected":false},"featured_media":531,"template":"","meta":{"_joinchat":[]},"product_cat":[31],"product_tag":[],"yoast_head":"<!-- This site is optimized with the Yoast SEO plugin v22.1 - https:\/\/yoast.com\/wordpress\/plugins\/seo\/ -->\n<title>Impresora industrial ZT510 - Productos MV PERCEPTION<\/title>\n<meta name=\"robots\" content=\"index, follow, max-snippet:-1, max-image-preview:large, max-video-preview:-1\" \/>\n<link rel=\"canonical\" href=\"https:\/\/producto.mvperception.com\/index.php\/producto\/impresora-industrial-zt510\/\" \/>\n<meta property=\"og:locale\" content=\"en_US\" \/>\n<meta property=\"og:type\" content=\"article\" \/>\n<meta property=\"og:title\" content=\"Impresora industrial ZT510 - Productos MV PERCEPTION\" \/>\n<meta property=\"og:description\" content=\"Conectividad \u2022 Dos ranuras de comunicaci\u00f3n libres que permiten agregar tarjetas internas para interfaces 802.11 a\/c, paralelas, Ethernet. Opci\u00f3n para IPv6 disponible como adaptador externo conectado en un puerto paralelo  Manejo de materiales \u2022 Rebobinado: rebobina internamente un rollo completo de etiquetas impresas en un eje de 3 in o despega y rebobina el soporte \u2022 Cortador: Cortador frontal de guillotina y bandeja de captura  Teclado independiente con pantalla \u2022 Unidades de teclado independiente con pantalla ZKDU\u2122 para soluciones de impresi\u00f3n independientes\" \/>\n<meta property=\"og:url\" content=\"https:\/\/producto.mvperception.com\/index.php\/producto\/impresora-industrial-zt510\/\" \/>\n<meta property=\"og:site_name\" content=\"Productos MV PERCEPTION\" \/>\n<meta property=\"article:publisher\" content=\"https:\/\/www.facebook.com\/mvperception\/?ref=bookmarks\" \/>\n<meta property=\"article:modified_time\" content=\"2023-11-17T20:12:06+00:00\" \/>\n<meta property=\"og:image\" content=\"https:\/\/producto.mvperception.com\/wp-content\/uploads\/2023\/11\/zt510-series-front-right-with-shadow-3x2-3600-scaled.jpg\" \/>\n\t<meta property=\"og:image:width\" content=\"2560\" \/>\n\t<meta property=\"og:image:height\" content=\"1707\" \/>\n\t<meta property=\"og:image:type\" content=\"image\/jpeg\" \/>\n<meta name=\"twitter:card\" content=\"summary_large_image\" \/>\n<meta name=\"twitter:label1\" content=\"Est. reading time\" \/>\n\t<meta name=\"twitter:data1\" content=\"1 minute\" \/>\n<script type=\"application\/ld+json\" class=\"yoast-schema-graph\">{\"@context\":\"https:\/\/schema.org\",\"@graph\":[{\"@type\":\"WebPage\",\"@id\":\"https:\/\/producto.mvperception.com\/index.php\/producto\/impresora-industrial-zt510\/\",\"url\":\"https:\/\/producto.mvperception.com\/index.php\/producto\/impresora-industrial-zt510\/\",\"name\":\"Impresora industrial ZT510 - Productos MV PERCEPTION\",\"isPartOf\":{\"@id\":\"https:\/\/producto.mvperception.com\/#website\"},\"datePublished\":\"2023-11-17T20:06:38+00:00\",\"dateModified\":\"2023-11-17T20:12:06+00:00\",\"breadcrumb\":{\"@id\":\"https:\/\/producto.mvperception.com\/index.php\/producto\/impresora-industrial-zt510\/#breadcrumb\"},\"inLanguage\":\"en-US\",\"potentialAction\":[{\"@type\":\"ReadAction\",\"target\":[\"https:\/\/producto.mvperception.com\/index.php\/producto\/impresora-industrial-zt510\/\"]}]},{\"@type\":\"BreadcrumbList\",\"@id\":\"https:\/\/producto.mvperception.com\/index.php\/producto\/impresora-industrial-zt510\/#breadcrumb\",\"itemListElement\":[{\"@type\":\"ListItem\",\"position\":1,\"name\":\"Portada\",\"item\":\"https:\/\/producto.mvperception.com\/\"},{\"@type\":\"ListItem\",\"position\":2,\"name\":\"Impresora industrial ZT510\"}]},{\"@type\":\"WebSite\",\"@id\":\"https:\/\/producto.mvperception.com\/#website\",\"url\":\"https:\/\/producto.mvperception.com\/\",\"name\":\"Productos MV PERCEPTION\",\"description\":\"\",\"publisher\":{\"@id\":\"https:\/\/producto.mvperception.com\/#organization\"},\"potentialAction\":[{\"@type\":\"SearchAction\",\"target\":{\"@type\":\"EntryPoint\",\"urlTemplate\":\"https:\/\/producto.mvperception.com\/?s={search_term_string}\"},\"query-input\":\"required name=search_term_string\"}],\"inLanguage\":\"en-US\"},{\"@type\":\"Organization\",\"@id\":\"https:\/\/producto.mvperception.com\/#organization\",\"name\":\"Productos MV PERCEPTION\",\"url\":\"https:\/\/producto.mvperception.com\/\",\"logo\":{\"@type\":\"ImageObject\",\"inLanguage\":\"en-US\",\"@id\":\"https:\/\/producto.mvperception.com\/#\/schema\/logo\/image\/\",\"url\":\"https:\/\/producto.mvperception.com\/wp-content\/uploads\/2023\/10\/cropped-cropped-logo-mv.png\",\"contentUrl\":\"https:\/\/producto.mvperception.com\/wp-content\/uploads\/2023\/10\/cropped-cropped-logo-mv.png\",\"width\":426,\"height\":61,\"caption\":\"Productos MV PERCEPTION\"},\"image\":{\"@id\":\"https:\/\/producto.mvperception.com\/#\/schema\/logo\/image\/\"},\"sameAs\":[\"https:\/\/www.facebook.com\/mvperception\/?ref=bookmarks\",\"https:\/\/www.instagram.com\/mvperception\/\",\"https:\/\/www.linkedin.com\/company\/mvperception\/\"]}]}<\/script>\n<!-- \/ Yoast SEO plugin. -->","yoast_head_json":{"title":"Impresora industrial ZT510 - Productos MV PERCEPTION","robots":{"index":"index","follow":"follow","max-snippet":"max-snippet:-1","max-image-preview":"max-image-preview:large","max-video-preview":"max-video-preview:-1"},"canonical":"https:\/\/producto.mvperception.com\/index.php\/producto\/impresora-industrial-zt510\/","og_locale":"en_US","og_type":"article","og_title":"Impresora industrial ZT510 - Productos MV PERCEPTION","og_description":"Conectividad \u2022 Dos ranuras de comunicaci\u00f3n libres que permiten agregar tarjetas internas para interfaces 802.11 a\/c, paralelas, Ethernet. Opci\u00f3n para IPv6 disponible como adaptador externo conectado en un puerto paralelo  Manejo de materiales \u2022 Rebobinado: rebobina internamente un rollo completo de etiquetas impresas en un eje de 3 in o despega y rebobina el soporte \u2022 Cortador: Cortador frontal de guillotina y bandeja de captura  Teclado independiente con pantalla \u2022 Unidades de teclado independiente con pantalla ZKDU\u2122 para soluciones de impresi\u00f3n independientes","og_url":"https:\/\/producto.mvperception.com\/index.php\/producto\/impresora-industrial-zt510\/","og_site_name":"Productos MV PERCEPTION","article_publisher":"https:\/\/www.facebook.com\/mvperception\/?ref=bookmarks","article_modified_time":"2023-11-17T20:12:06+00:00","og_image":[{"width":2560,"height":1707,"url":"https:\/\/producto.mvperception.com\/wp-content\/uploads\/2023\/11\/zt510-series-front-right-with-shadow-3x2-3600-scaled.jpg","type":"image\/jpeg"}],"twitter_card":"summary_large_image","twitter_misc":{"Est. reading time":"1 minute"},"schema":{"@context":"https:\/\/schema.org","@graph":[{"@type":"WebPage","@id":"https:\/\/producto.mvperception.com\/index.php\/producto\/impresora-industrial-zt510\/","url":"https:\/\/producto.mvperception.com\/index.php\/producto\/impresora-industrial-zt510\/","name":"Impresora industrial ZT510 - Productos MV PERCEPTION","isPartOf":{"@id":"https:\/\/producto.mvperception.com\/#website"},"datePublished":"2023-11-17T20:06:38+00:00","dateModified":"2023-11-17T20:12:06+00:00","breadcrumb":{"@id":"https:\/\/producto.mvperception.com\/index.php\/producto\/impresora-industrial-zt510\/#breadcrumb"},"inLanguage":"en-US","potentialAction":[{"@type":"ReadAction","target":["https:\/\/producto.mvperception.com\/index.php\/producto\/impresora-industrial-zt510\/"]}]},{"@type":"BreadcrumbList","@id":"https:\/\/producto.mvperception.com\/index.php\/producto\/impresora-industrial-zt510\/#breadcrumb","itemListElement":[{"@type":"ListItem","position":1,"name":"Portada","item":"https:\/\/producto.mvperception.com\/"},{"@type":"ListItem","position":2,"name":"Impresora industrial ZT510"}]},{"@type":"WebSite","@id":"https:\/\/producto.mvperception.com\/#website","url":"https:\/\/producto.mvperception.com\/","name":"Productos MV PERCEPTION","description":"","publisher":{"@id":"https:\/\/producto.mvperception.com\/#organization"},"potentialAction":[{"@type":"SearchAction","target":{"@type":"EntryPoint","urlTemplate":"https:\/\/producto.mvperception.com\/?s={search_term_string}"},"query-input":"required name=search_term_string"}],"inLanguage":"en-US"},{"@type":"Organization","@id":"https:\/\/producto.mvperception.com\/#organization","name":"Productos MV PERCEPTION","url":"https:\/\/producto.mvperception.com\/","logo":{"@type":"ImageObject","inLanguage":"en-US","@id":"https:\/\/producto.mvperception.com\/#\/schema\/logo\/image\/","url":"https:\/\/producto.mvperception.com\/wp-content\/uploads\/2023\/10\/cropped-cropped-logo-mv.png","contentUrl":"https:\/\/producto.mvperception.com\/wp-content\/uploads\/2023\/10\/cropped-cropped-logo-mv.png","width":426,"height":61,"caption":"Productos MV PERCEPTION"},"image":{"@id":"https:\/\/producto.mvperception.com\/#\/schema\/logo\/image\/"},"sameAs":["https:\/\/www.facebook.com\/mvperception\/?ref=bookmarks","https:\/\/www.instagram.com\/mvperception\/","https:\/\/www.linkedin.com\/company\/mvperception\/"]}]}},"_links":{"self":[{"href":"https:\/\/producto.mvperception.com\/index.php\/wp-json\/wp\/v2\/product\/530"}],"collection":[{"href":"https:\/\/producto.mvperception.com\/index.php\/wp-json\/wp\/v2\/product"}],"about":[{"href":"https:\/\/producto.mvperception.com\/index.php\/wp-json\/wp\/v2\/types\/product"}],"wp:featuredmedia":[{"embeddable":true,"href":"https:\/\/producto.mvperception.com\/index.php\/wp-json\/wp\/v2\/media\/531"}],"wp:attachment":[{"href":"https:\/\/producto.mvperception.com\/index.php\/wp-json\/wp\/v2\/media?parent=530"}],"wp:term":[{"taxonomy":"product_cat","embeddable":true,"href":"https:\/\/producto.mvperception.com\/index.php\/wp-json\/wp\/v2\/product_cat?post=530"},{"taxonomy":"product_tag","embeddable":true,"href":"https:\/\/producto.mvperception.com\/index.php\/wp-json\/wp\/v2\/product_tag?post=530"}],"curies":[{"name":"wp","href":"https:\/\/api.w.org\/{rel}","templated":true}]}}