{"id":595,"date":"2023-11-24T21:40:52","date_gmt":"2023-11-24T21:40:52","guid":{"rendered":"https:\/\/producto.mvperception.com\/?post_type=product&#038;p=595"},"modified":"2023-11-24T21:46:40","modified_gmt":"2023-11-24T21:46:40","slug":"impresoras-industriales-serie-zt111","status":"publish","type":"product","link":"https:\/\/producto.mvperception.com\/index.php\/producto\/impresoras-industriales-serie-zt111\/","title":{"rendered":"Impresoras industriales Serie ZT111"},"content":{"rendered":"<div class=\"cmp-product-summary__rte\" role=\"description\"><\/div>\n<div role=\"description\">\n<div class=\"cmp-product-summary__description\">\n<div class=\"cmp-product-summary__rte\" role=\"description\">\n<div class=\"cmp-product-summary__description\">\n<div class=\"cmp-product-summary__rte\" role=\"description\">La ZT111 le da m\u00e1s: m\u00e1s caracter\u00edsticas, m\u00e1s durabilidad, m\u00e1s seguridad y m\u00e1s tiempo de actividad. Disfrute de una configuraci\u00f3n y un uso sencillos, junto con velocidades de impresi\u00f3n r\u00e1pidas, todo en un tama\u00f1o que ahorra espacio. Incluso rinde a futuro, ya que cuenta con inteligencia incorporada y opciones vers\u00e1tiles que puede incorporar en el sitio. Tome una decisi\u00f3n inteligente con Zebra: el l\u00edder en impresi\u00f3n t\u00e9rmica.<\/div>\n<\/div>\n<div class=\"cmp-product-summary__ctas\">\n<div class=\"cmp-product-summary__specs\"><\/div>\n<\/div>\n<\/div>\n<\/div>\n<div class=\"cmp-product-summary__ctas\">\n<div class=\"cmp-product-summary__specs\"><\/div>\n<\/div>\n<\/div>\n<div role=\"description\">\n<h2 class=\"main-heading\"><b><span class=\"spec-sheet-caption\">Especificaciones de la impresora<\/span><\/b><\/h2>\n<\/div>\n<div class=\"text section\">\n<div class=\"zebra-text\">\n<div class=\"text section\">\n<div class=\"zebra-text\">\n<div class=\"text section\">\n<div class=\"zebra-text\">\n<div class=\"text section\">\n<div class=\"text section\"><\/div>\n<\/div>\n<\/div>\n<\/div>\n<div class=\"tablegrid section\">\n<div class=\"table-grid-container\">\n<div class=\"text section\">\n<div class=\"zebra-text\"><\/div>\n<\/div>\n<div class=\"columncontrol section\">\n<div class=\"column-control row\">\n<div class=\"col-md-6\">\n<div>\n<div class=\"text section\">\n<div class=\"zebra-text\">\n<p>&nbsp;<\/p>\n<\/div>\n<\/div>\n<div class=\"tablegrid section\">\n<p>&nbsp;<\/p>\n<div class=\"table-grid-container\">\n<div class=\"table-grid-mobile\"><\/div>\n<table border=\"1\" width=\"100%\" cellspacing=\"0\" cellpadding=\"1\">\n<tbody>\n<tr>\n<td>\u2022 M\u00e9todos de impresi\u00f3n: impresi\u00f3n t\u00e9rmica directa o por transferencia t\u00e9rmica<br \/>\n\u2022 Construcci\u00f3n: estructura met\u00e1lica y gabinetes de pl\u00e1stico<br \/>\n\u2022 Puerta para suministros con ventana transparente<br \/>\n\u2022 Carga lateral simplificada para cintas y suministros de impresi\u00f3n<br \/>\n\u2022 Cabezal de impresi\u00f3n de pel\u00edcula delgada Element Energy Equalizer\u2122 (E3\u2122) que mejora la calidad de impresi\u00f3n<br \/>\n\u2022 Luces LED\u00a0de cinco colores para conocer r\u00e1pidamente el estado de la impresora<br \/>\n\u2022 Teclado de tres botones<br \/>\n\u2022 Comunicaciones: USB 2.0, puerto serie RS-232, Ethernet 10\/100 y USB Host<br \/>\n\u2022 Certificaci\u00f3n ENERGY STAR\u00ae<br \/>\n\u2022 Bluetooth\u00ae de baja energ\u00eda<br \/>\n\u2022 ZebraDesigner Essentials: herramienta sencilla para dise\u00f1ar etiquetas disponible de forma gratuita en<br \/>\n<a href=\"https:\/\/www.zebra.com\/zebradesigner\" target=\"_blank\" rel=\"noopener\">www.zebra.com\/zebradesigner<\/a><\/td>\n<\/tr>\n<\/tbody>\n<\/table>\n<\/div>\n<\/div>\n<\/div>\n<\/div>\n<\/div>\n<\/div>\n<\/div>\n<\/div>\n<\/div>\n<\/div>\n<\/div>\n<\/div>\n<div class=\"tablegrid section\">\n<div class=\"text section\">\n<div class=\"zebra-text\">\n<div class=\"text section\">\n<div class=\"zebra-text\">\n<p>&nbsp;<\/p>\n<\/div>\n<\/div>\n<\/div>\n<\/div>\n<\/div>\n<div class=\"elementor-element elementor-element-21f59e2 elementor-widget elementor-widget-iheading\" data-id=\"21f59e2\" data-element_type=\"widget\" data-widget_type=\"iheading.default\">\n<div class=\"tablegrid section\"><\/div>\n<\/div>\n<div class=\"elementor-element elementor-element-396bd85 elementor-widget elementor-widget-text-editor\" data-id=\"396bd85\" data-element_type=\"widget\" data-widget_type=\"text-editor.default\">\n<div class=\"elementor-widget-container\"><\/div>\n<\/div>\n<p>&nbsp;<\/p>\n<p>&nbsp;<\/p>\n<div role=\"description\">\n<div data-test='contact-form' id='contact-form-595' class='wp-block-jetpack-contact-form-container '>\n<form action='https:\/\/producto.mvperception.com\/index.php\/producto\/impresoras-industriales-serie-zt111\/#contact-form-595' method='post' class='contact-form commentsblock'>\n<script>\n\t\t\t( function () {\n\t\t\t\tconst contact_forms = document.getElementsByClassName('contact-form');\n\n\t\t\t\tfor ( const form of contact_forms ) {\n\t\t\t\t\tform.onsubmit = function() {\n\t\t\t\t\t\tconst buttons = form.getElementsByTagName('button');\n\n\t\t\t\t\t\tfor( const button of buttons ) {\n\t\t\t\t\t\t\tbutton.setAttribute('disabled', true);\n\t\t\t\t\t\t}\n\t\t\t\t\t}\n\t\t\t\t}\n\t\t\t} )();\n\t\t<\/script>\n<div style=\"\" class='grunion-field-name-wrap grunion-field-wrap'  >\n<label\n\t\t\t\tfor='g595-nombre'\n\t\t\t\tclass='grunion-field-label name'>Nombre<span>(required)<\/span><\/label>\n<input\n\t\t\t\t\ttype='text'\n\t\t\t\t\tname='g595-nombre'\n\t\t\t\t\tid='g595-nombre'\n\t\t\t\t\tvalue=''\n\t\t\t\t\tclass='name  grunion-field' \n\t\t\t\t\trequired aria-required='true' \/>\n\t<\/div>\n\n<div style=\"\" class='grunion-field-email-wrap grunion-field-wrap'  >\n<label\n\t\t\t\tfor='g595-correoelectrnico'\n\t\t\t\tclass='grunion-field-label email'>Correo electr\u00f3nico<span>(required)<\/span><\/label>\n<input\n\t\t\t\t\ttype='email'\n\t\t\t\t\tname='g595-correoelectrnico'\n\t\t\t\t\tid='g595-correoelectrnico'\n\t\t\t\t\tvalue=''\n\t\t\t\t\tclass='email  grunion-field' \n\t\t\t\t\trequired aria-required='true' \/>\n\t<\/div>\n\n<div style=\"\" class='grunion-field-url-wrap grunion-field-wrap'  >\n<label\n\t\t\t\tfor='g595-web'\n\t\t\t\tclass='grunion-field-label url'>Web<\/label>\n<input\n\t\t\t\t\ttype='text'\n\t\t\t\t\tname='g595-web'\n\t\t\t\t\tid='g595-web'\n\t\t\t\t\tvalue=''\n\t\t\t\t\tclass='url  grunion-field' \n\t\t\t\t\ttitle=\"Please enter a valid URL - https:\/\/www.example.com\" oninvalid=\"setCustomValidity(&quot;Please enter a valid URL - https:\/\/www.example.com&quot;)\" oninput=\"setCustomValidity(&quot;&quot;)\" pattern=\"(([:\\\/a-zA-Z0-9_\\-]+)?(\\.[a-zA-Z0-9_\\-\\\/]+)+)\" data-type-override=\"url\"  \/>\n\t<\/div>\n\n<div style=\"\" class='grunion-field-textarea-wrap grunion-field-wrap'  >\n<label\n\t\t\t\tfor='contact-form-comment-g595-mensaje'\n\t\t\t\tclass='grunion-field-label textarea'>Mensaje<\/label>\n<textarea\n\t\t                style=''\n\t\t                name='g595-mensaje'\n\t\t                id='contact-form-comment-g595-mensaje'\n\t\t                rows='20' class='textarea  grunion-field'  ><\/textarea>\n\t<\/div>\n\t<p class='contact-submit'>\n\t\t<button type='submit' class='pushbutton-wide'>Submit<\/button>\t\t<input type='hidden' name='contact-form-id' value='595' \/>\n\t\t<input type='hidden' name='action' value='grunion-contact-form' \/>\n\t\t<input type='hidden' name='contact-form-hash' value='139d35683d94c08281b2b7b267da000ffb2d343f' \/>\n\t<\/p>\n<\/form>\n<\/div>\n<\/div>\n<p>&nbsp;<\/p>\n<p>&nbsp;<\/p>\n<h1><a href=\"https:\/\/producto.mvperception.com\/wp-content\/uploads\/2023\/11\/zt111-spec-sheet-es-la.pdf\" target=\"_blank\" rel=\"noopener\"><strong>\ud83d\udc49<img loading=\"lazy\" decoding=\"async\" data-attachment-id=\"288\" data-permalink=\"https:\/\/producto.mvperception.com\/?attachment_id=288\" data-orig-file=\"https:\/\/producto.mvperception.com\/wp-content\/uploads\/2023\/09\/BOTON-FICHA-TECNICA.png\" data-orig-size=\"320,100\" data-comments-opened=\"1\" data-image-meta=\"{&quot;aperture&quot;:&quot;0&quot;,&quot;credit&quot;:&quot;&quot;,&quot;camera&quot;:&quot;&quot;,&quot;caption&quot;:&quot;&quot;,&quot;created_timestamp&quot;:&quot;0&quot;,&quot;copyright&quot;:&quot;&quot;,&quot;focal_length&quot;:&quot;0&quot;,&quot;iso&quot;:&quot;0&quot;,&quot;shutter_speed&quot;:&quot;0&quot;,&quot;title&quot;:&quot;&quot;,&quot;orientation&quot;:&quot;0&quot;}\" data-image-title=\"BOTON FICHA TECNICA\" data-image-description=\"\" data-image-caption=\"\" data-medium-file=\"https:\/\/producto.mvperception.com\/wp-content\/uploads\/2023\/09\/BOTON-FICHA-TECNICA-300x94.png\" data-large-file=\"https:\/\/producto.mvperception.com\/wp-content\/uploads\/2023\/09\/BOTON-FICHA-TECNICA.png\" class=\"alignnone size-medium wp-image-288\" src=\"https:\/\/producto.mvperception.com\/wp-content\/uploads\/2023\/09\/BOTON-FICHA-TECNICA-300x94.png\" sizes=\"(max-width: 300px) 100vw, 300px\" srcset=\"https:\/\/producto.mvperception.com\/wp-content\/uploads\/2023\/09\/BOTON-FICHA-TECNICA-300x94.png 300w, https:\/\/producto.mvperception.com\/wp-content\/uploads\/2023\/09\/BOTON-FICHA-TECNICA.png 320w\" alt=\"\" width=\"300\" height=\"94\" data-attachment-id=\"288\" data-permalink=\"https:\/\/producto.mvperception.com\/?attachment_id=288\" data-orig-file=\"https:\/\/producto.mvperception.com\/wp-content\/uploads\/2023\/09\/BOTON-FICHA-TECNICA.png\" data-orig-size=\"320,100\" data-comments-opened=\"1\" data-image-meta=\"{&quot;aperture&quot;:&quot;0&quot;,&quot;credit&quot;:&quot;&quot;,&quot;camera&quot;:&quot;&quot;,&quot;caption&quot;:&quot;&quot;,&quot;created_timestamp&quot;:&quot;0&quot;,&quot;copyright&quot;:&quot;&quot;,&quot;focal_length&quot;:&quot;0&quot;,&quot;iso&quot;:&quot;0&quot;,&quot;shutter_speed&quot;:&quot;0&quot;,&quot;title&quot;:&quot;&quot;,&quot;orientation&quot;:&quot;0&quot;}\" data-image-title=\"BOTON FICHA TECNICA\" data-image-description=\"\" data-image-caption=\"\" data-medium-file=\"https:\/\/producto.mvperception.com\/wp-content\/uploads\/2023\/09\/BOTON-FICHA-TECNICA-300x94.png\" data-large-file=\"https:\/\/producto.mvperception.com\/wp-content\/uploads\/2023\/09\/BOTON-FICHA-TECNICA.png\" \/><\/strong><\/a><\/h1>\n","protected":false},"excerpt":{"rendered":"<p><b>Ahorre tiempo y esfuerzo para TI<\/b><\/p>\n<p>Su equipo de TI ya est\u00e1 suficientemente ocupado. La ZT111 lo simplifica. Es f\u00e1cil de integrar a su red existente, ya que es compatible con versiones anteriores y cuenta con Printer Emulations para reemplazar a otras marcas sin tener que cambiar los formatos de las etiquetas ni reescribir c\u00f3digos. Haga que la capacitaci\u00f3n sea simple con la interfaz f\u00e1cil de usar con 3 botones y 5 \u00edconos de estado.<\/p>\n<p><b>Imprima m\u00e1s durante m\u00e1s tiempo<\/b><\/p>\n<p>Olv\u00eddese de reemplazar impresoras que no duran. Obtenga la calidad duradera que espera y merece de Zebra a un precio acorde a su presupuesto, sabiendo que esta impresora superar\u00e1 en desempe\u00f1o a otras en los pr\u00f3ximos a\u00f1os. Tenga la tranquilidad de saber que cuenta con el respaldo de Zebra, el l\u00edder reconocido en impresi\u00f3n de c\u00f3digos de barras.<\/p>\n<p><b>Maximice su espacio de trabajo<\/b><\/p>\n<p>Ahorre espacio de trabajo con la ZT111, que ocupa poco espacio, cuenta con dimensiones compactas y posee una puerta de doble pliegue que reduce la altura necesaria para abrirla.<\/p>\n","protected":false},"featured_media":597,"template":"","meta":{"_joinchat":[]},"product_cat":[31],"product_tag":[],"yoast_head":"<!-- This site is optimized with the Yoast SEO plugin v22.1 - https:\/\/yoast.com\/wordpress\/plugins\/seo\/ -->\n<title>Impresoras industriales Serie ZT111 - Productos MV PERCEPTION<\/title>\n<meta name=\"robots\" content=\"index, follow, max-snippet:-1, max-image-preview:large, max-video-preview:-1\" \/>\n<link rel=\"canonical\" href=\"https:\/\/producto.mvperception.com\/index.php\/producto\/impresoras-industriales-serie-zt111\/\" \/>\n<meta property=\"og:locale\" content=\"en_US\" \/>\n<meta property=\"og:type\" content=\"article\" \/>\n<meta property=\"og:title\" content=\"Impresoras industriales Serie ZT111 - Productos MV PERCEPTION\" \/>\n<meta property=\"og:description\" content=\"Ahorre tiempo y esfuerzo para TI  Su equipo de TI ya est\u00e1 suficientemente ocupado. La ZT111 lo simplifica. Es f\u00e1cil de integrar a su red existente, ya que es compatible con versiones anteriores y cuenta con Printer Emulations para reemplazar a otras marcas sin tener que cambiar los formatos de las etiquetas ni reescribir c\u00f3digos. Haga que la capacitaci\u00f3n sea simple con la interfaz f\u00e1cil de usar con 3 botones y 5 \u00edconos de estado.  Imprima m\u00e1s durante m\u00e1s tiempo  Olv\u00eddese de reemplazar impresoras que no duran. Obtenga la calidad duradera que espera y merece de Zebra a un precio acorde a su presupuesto, sabiendo que esta impresora superar\u00e1 en desempe\u00f1o a otras en los pr\u00f3ximos a\u00f1os. Tenga la tranquilidad de saber que cuenta con el respaldo de Zebra, el l\u00edder reconocido en impresi\u00f3n de c\u00f3digos de barras.  Maximice su espacio de trabajo  Ahorre espacio de trabajo con la ZT111, que ocupa poco espacio, cuenta con dimensiones compactas y posee una puerta de doble pliegue que reduce la altura necesaria para abrirla.\" \/>\n<meta property=\"og:url\" content=\"https:\/\/producto.mvperception.com\/index.php\/producto\/impresoras-industriales-serie-zt111\/\" \/>\n<meta property=\"og:site_name\" content=\"Productos MV PERCEPTION\" \/>\n<meta property=\"article:publisher\" content=\"https:\/\/www.facebook.com\/mvperception\/?ref=bookmarks\" \/>\n<meta property=\"article:modified_time\" content=\"2023-11-24T21:46:40+00:00\" \/>\n<meta property=\"og:image\" content=\"https:\/\/producto.mvperception.com\/wp-content\/uploads\/2023\/11\/zt111-photography-product-left-facing-with-media-3x2-3600-scaled.jpg\" \/>\n\t<meta property=\"og:image:width\" content=\"2560\" \/>\n\t<meta property=\"og:image:height\" content=\"1707\" \/>\n\t<meta property=\"og:image:type\" content=\"image\/jpeg\" \/>\n<meta name=\"twitter:card\" content=\"summary_large_image\" \/>\n<meta name=\"twitter:label1\" content=\"Est. reading time\" \/>\n\t<meta name=\"twitter:data1\" content=\"1 minute\" \/>\n<script type=\"application\/ld+json\" class=\"yoast-schema-graph\">{\"@context\":\"https:\/\/schema.org\",\"@graph\":[{\"@type\":\"WebPage\",\"@id\":\"https:\/\/producto.mvperception.com\/index.php\/producto\/impresoras-industriales-serie-zt111\/\",\"url\":\"https:\/\/producto.mvperception.com\/index.php\/producto\/impresoras-industriales-serie-zt111\/\",\"name\":\"Impresoras industriales Serie ZT111 - Productos MV PERCEPTION\",\"isPartOf\":{\"@id\":\"https:\/\/producto.mvperception.com\/#website\"},\"datePublished\":\"2023-11-24T21:40:52+00:00\",\"dateModified\":\"2023-11-24T21:46:40+00:00\",\"breadcrumb\":{\"@id\":\"https:\/\/producto.mvperception.com\/index.php\/producto\/impresoras-industriales-serie-zt111\/#breadcrumb\"},\"inLanguage\":\"en-US\",\"potentialAction\":[{\"@type\":\"ReadAction\",\"target\":[\"https:\/\/producto.mvperception.com\/index.php\/producto\/impresoras-industriales-serie-zt111\/\"]}]},{\"@type\":\"BreadcrumbList\",\"@id\":\"https:\/\/producto.mvperception.com\/index.php\/producto\/impresoras-industriales-serie-zt111\/#breadcrumb\",\"itemListElement\":[{\"@type\":\"ListItem\",\"position\":1,\"name\":\"Portada\",\"item\":\"https:\/\/producto.mvperception.com\/\"},{\"@type\":\"ListItem\",\"position\":2,\"name\":\"Impresoras industriales Serie ZT111\"}]},{\"@type\":\"WebSite\",\"@id\":\"https:\/\/producto.mvperception.com\/#website\",\"url\":\"https:\/\/producto.mvperception.com\/\",\"name\":\"Productos MV PERCEPTION\",\"description\":\"\",\"publisher\":{\"@id\":\"https:\/\/producto.mvperception.com\/#organization\"},\"potentialAction\":[{\"@type\":\"SearchAction\",\"target\":{\"@type\":\"EntryPoint\",\"urlTemplate\":\"https:\/\/producto.mvperception.com\/?s={search_term_string}\"},\"query-input\":\"required name=search_term_string\"}],\"inLanguage\":\"en-US\"},{\"@type\":\"Organization\",\"@id\":\"https:\/\/producto.mvperception.com\/#organization\",\"name\":\"Productos MV PERCEPTION\",\"url\":\"https:\/\/producto.mvperception.com\/\",\"logo\":{\"@type\":\"ImageObject\",\"inLanguage\":\"en-US\",\"@id\":\"https:\/\/producto.mvperception.com\/#\/schema\/logo\/image\/\",\"url\":\"https:\/\/producto.mvperception.com\/wp-content\/uploads\/2023\/10\/cropped-cropped-logo-mv.png\",\"contentUrl\":\"https:\/\/producto.mvperception.com\/wp-content\/uploads\/2023\/10\/cropped-cropped-logo-mv.png\",\"width\":426,\"height\":61,\"caption\":\"Productos MV PERCEPTION\"},\"image\":{\"@id\":\"https:\/\/producto.mvperception.com\/#\/schema\/logo\/image\/\"},\"sameAs\":[\"https:\/\/www.facebook.com\/mvperception\/?ref=bookmarks\",\"https:\/\/www.instagram.com\/mvperception\/\",\"https:\/\/www.linkedin.com\/company\/mvperception\/\"]}]}<\/script>\n<!-- \/ Yoast SEO plugin. -->","yoast_head_json":{"title":"Impresoras industriales Serie ZT111 - Productos MV PERCEPTION","robots":{"index":"index","follow":"follow","max-snippet":"max-snippet:-1","max-image-preview":"max-image-preview:large","max-video-preview":"max-video-preview:-1"},"canonical":"https:\/\/producto.mvperception.com\/index.php\/producto\/impresoras-industriales-serie-zt111\/","og_locale":"en_US","og_type":"article","og_title":"Impresoras industriales Serie ZT111 - Productos MV PERCEPTION","og_description":"Ahorre tiempo y esfuerzo para TI  Su equipo de TI ya est\u00e1 suficientemente ocupado. La ZT111 lo simplifica. Es f\u00e1cil de integrar a su red existente, ya que es compatible con versiones anteriores y cuenta con Printer Emulations para reemplazar a otras marcas sin tener que cambiar los formatos de las etiquetas ni reescribir c\u00f3digos. Haga que la capacitaci\u00f3n sea simple con la interfaz f\u00e1cil de usar con 3 botones y 5 \u00edconos de estado.  Imprima m\u00e1s durante m\u00e1s tiempo  Olv\u00eddese de reemplazar impresoras que no duran. Obtenga la calidad duradera que espera y merece de Zebra a un precio acorde a su presupuesto, sabiendo que esta impresora superar\u00e1 en desempe\u00f1o a otras en los pr\u00f3ximos a\u00f1os. Tenga la tranquilidad de saber que cuenta con el respaldo de Zebra, el l\u00edder reconocido en impresi\u00f3n de c\u00f3digos de barras.  Maximice su espacio de trabajo  Ahorre espacio de trabajo con la ZT111, que ocupa poco espacio, cuenta con dimensiones compactas y posee una puerta de doble pliegue que reduce la altura necesaria para abrirla.","og_url":"https:\/\/producto.mvperception.com\/index.php\/producto\/impresoras-industriales-serie-zt111\/","og_site_name":"Productos MV PERCEPTION","article_publisher":"https:\/\/www.facebook.com\/mvperception\/?ref=bookmarks","article_modified_time":"2023-11-24T21:46:40+00:00","og_image":[{"width":2560,"height":1707,"url":"https:\/\/producto.mvperception.com\/wp-content\/uploads\/2023\/11\/zt111-photography-product-left-facing-with-media-3x2-3600-scaled.jpg","type":"image\/jpeg"}],"twitter_card":"summary_large_image","twitter_misc":{"Est. reading time":"1 minute"},"schema":{"@context":"https:\/\/schema.org","@graph":[{"@type":"WebPage","@id":"https:\/\/producto.mvperception.com\/index.php\/producto\/impresoras-industriales-serie-zt111\/","url":"https:\/\/producto.mvperception.com\/index.php\/producto\/impresoras-industriales-serie-zt111\/","name":"Impresoras industriales Serie ZT111 - Productos MV PERCEPTION","isPartOf":{"@id":"https:\/\/producto.mvperception.com\/#website"},"datePublished":"2023-11-24T21:40:52+00:00","dateModified":"2023-11-24T21:46:40+00:00","breadcrumb":{"@id":"https:\/\/producto.mvperception.com\/index.php\/producto\/impresoras-industriales-serie-zt111\/#breadcrumb"},"inLanguage":"en-US","potentialAction":[{"@type":"ReadAction","target":["https:\/\/producto.mvperception.com\/index.php\/producto\/impresoras-industriales-serie-zt111\/"]}]},{"@type":"BreadcrumbList","@id":"https:\/\/producto.mvperception.com\/index.php\/producto\/impresoras-industriales-serie-zt111\/#breadcrumb","itemListElement":[{"@type":"ListItem","position":1,"name":"Portada","item":"https:\/\/producto.mvperception.com\/"},{"@type":"ListItem","position":2,"name":"Impresoras industriales Serie ZT111"}]},{"@type":"WebSite","@id":"https:\/\/producto.mvperception.com\/#website","url":"https:\/\/producto.mvperception.com\/","name":"Productos MV PERCEPTION","description":"","publisher":{"@id":"https:\/\/producto.mvperception.com\/#organization"},"potentialAction":[{"@type":"SearchAction","target":{"@type":"EntryPoint","urlTemplate":"https:\/\/producto.mvperception.com\/?s={search_term_string}"},"query-input":"required name=search_term_string"}],"inLanguage":"en-US"},{"@type":"Organization","@id":"https:\/\/producto.mvperception.com\/#organization","name":"Productos MV PERCEPTION","url":"https:\/\/producto.mvperception.com\/","logo":{"@type":"ImageObject","inLanguage":"en-US","@id":"https:\/\/producto.mvperception.com\/#\/schema\/logo\/image\/","url":"https:\/\/producto.mvperception.com\/wp-content\/uploads\/2023\/10\/cropped-cropped-logo-mv.png","contentUrl":"https:\/\/producto.mvperception.com\/wp-content\/uploads\/2023\/10\/cropped-cropped-logo-mv.png","width":426,"height":61,"caption":"Productos MV PERCEPTION"},"image":{"@id":"https:\/\/producto.mvperception.com\/#\/schema\/logo\/image\/"},"sameAs":["https:\/\/www.facebook.com\/mvperception\/?ref=bookmarks","https:\/\/www.instagram.com\/mvperception\/","https:\/\/www.linkedin.com\/company\/mvperception\/"]}]}},"_links":{"self":[{"href":"https:\/\/producto.mvperception.com\/index.php\/wp-json\/wp\/v2\/product\/595"}],"collection":[{"href":"https:\/\/producto.mvperception.com\/index.php\/wp-json\/wp\/v2\/product"}],"about":[{"href":"https:\/\/producto.mvperception.com\/index.php\/wp-json\/wp\/v2\/types\/product"}],"wp:featuredmedia":[{"embeddable":true,"href":"https:\/\/producto.mvperception.com\/index.php\/wp-json\/wp\/v2\/media\/597"}],"wp:attachment":[{"href":"https:\/\/producto.mvperception.com\/index.php\/wp-json\/wp\/v2\/media?parent=595"}],"wp:term":[{"taxonomy":"product_cat","embeddable":true,"href":"https:\/\/producto.mvperception.com\/index.php\/wp-json\/wp\/v2\/product_cat?post=595"},{"taxonomy":"product_tag","embeddable":true,"href":"https:\/\/producto.mvperception.com\/index.php\/wp-json\/wp\/v2\/product_tag?post=595"}],"curies":[{"name":"wp","href":"https:\/\/api.w.org\/{rel}","templated":true}]}}