{"id":625,"date":"2023-12-01T16:00:25","date_gmt":"2023-12-01T16:00:25","guid":{"rendered":"https:\/\/producto.mvperception.com\/?post_type=product&#038;p=625"},"modified":"2023-12-01T16:01:22","modified_gmt":"2023-12-01T16:01:22","slug":"bateria-inteligente-de-repuesto-extendida-6500-mah","status":"publish","type":"product","link":"https:\/\/producto.mvperception.com\/index.php\/producto\/bateria-inteligente-de-repuesto-extendida-6500-mah\/","title":{"rendered":"Bater\u00eda inteligente de repuesto extendida (6500 mAH)"},"content":{"rendered":"<div class=\"cmp-product-summary__rte\" role=\"description\">\n<div class=\"text section\">\n<p><span>El paquete de bater\u00edas de duraci\u00f3n extendida ofrece el doble de capacidad que el paquete est\u00e1ndar y es la soluci\u00f3n perfecta para aplicaciones con ciclos de trabajo m\u00e1s altos.<\/span><\/p>\n<\/div>\n<\/div>\n<div><\/div>\n<div class=\"cmp-product-summary__rte\" role=\"description\">\n<div class=\"columncontrol section\">\n<div class=\"column-control row\">\n<div class=\"col-md-6\">\n<div>\n<div class=\"imagecomponent section\"><\/div>\n<\/div>\n<\/div>\n<\/div>\n<\/div>\n<\/div>\n<div role=\"description\">\n<p>&nbsp;<\/p>\n<\/div>\n<div role=\"description\">\n<h2 class=\"main-heading\">Compatible con:<\/h2>\n<\/div>\n<div class=\"text section\">\n<div class=\"zebra-text\">\n<div class=\"text section\">\n<div class=\"zebra-text\">\n<div class=\"text section\">\n<div class=\"zebra-text\">\n<div class=\"column-control\">\n<div id=\"ibfa002b7c372364c9337eb942ee59b9c\" class=\"cmp-background theme bg-transparent theme--pt-1 theme--pb-1 \">\n<div class=\"container \">\n<section class=\"cmp-column-control\">\n<div class=\"row valign-top\">\n<div class=\" col-12 col-md-9\">\n<div class=\"text-jumbo text\">\n<div id=\"i99b00958d865a9ad601fe0a0c74a9c10\" class=\"cmp-background theme bg-transparent theme--pt-1 theme--pb-1 \">\n<div class=\"container \">\n<section id=\"i99b00958d865a9ad601fe0a0c74a9c10\" class=\"cmp-text-jumbo\">\n<div class=\"text-jumbo text-left text-dark\">\n<div class=\"cmp-text\">\n<p><span>ZQ610 M\u00e1s, ZQ620 M\u00e1s, ZQ610, ZQ620, ZQ510, ZQ511, ZQ520, ZQ521<\/span><\/p>\n<p>&nbsp;<\/p>\n<\/div>\n<\/div>\n<\/section>\n<\/div>\n<\/div>\n<\/div>\n<\/div>\n<\/div>\n<\/section>\n<\/div>\n<\/div>\n<\/div>\n<div class=\"column-control\">\n<div id=\"i871a3b67559da443bfd1f4e941874828\" class=\"cmp-background theme bg-transparent theme--pt-1 theme--pb-1 \">\n<div class=\"container \">\n<section class=\"cmp-column-control\">\n<div class=\"row valign-top\">\n<div class=\" col-12 col-md-3\">\n<div class=\"image\">\n<div id=\"i40efd26990b3881b10bd47825df45afb\" class=\"cmp-background theme bg-transparent theme--pt-1 theme--pb-1 \">\n<div class=\"container \"><picture><source srcset=\"\/content\/dam\/zebra_dam\/global\/zcom-web-production\/web-production-photography\/web003\/zd600-smart-battery-accessory-photography-web-3x2-3600.jpg.imgw.3600.3600.jpg 1x, \/content\/dam\/zebra_dam\/global\/zcom-web-production\/web-production-photography\/web003\/zd600-smart-battery-accessory-photography-web-3x2-3600.jpg.imgw.3600.3600.jpg 2x\" media=\"(min-width: 1400px)\" \/><source srcset=\"\/content\/dam\/zebra_dam\/global\/zcom-web-production\/web-production-photography\/web003\/zd600-smart-battery-accessory-photography-web-3x2-3600.jpg.imgw.1920.1920.jpg 1x, \/content\/dam\/zebra_dam\/global\/zcom-web-production\/web-production-photography\/web003\/zd600-smart-battery-accessory-photography-web-3x2-3600.jpg.imgw.3600.3600.jpg 2x\" media=\"(min-width: 992px) and (max-width: 1399px)\" \/><source srcset=\"\/content\/dam\/zebra_dam\/global\/zcom-web-production\/web-production-photography\/web003\/zd600-smart-battery-accessory-photography-web-3x2-3600.jpg.imgw.1200.1200.jpg 1x, \/content\/dam\/zebra_dam\/global\/zcom-web-production\/web-production-photography\/web003\/zd600-smart-battery-accessory-photography-web-3x2-3600.jpg.imgw.1920.1920.jpg 2x\" media=\"(min-width: 768px) and (max-width: 991px)\" \/><source srcset=\"\/content\/dam\/zebra_dam\/global\/zcom-web-production\/web-production-photography\/web003\/zd600-smart-battery-accessory-photography-web-3x2-3600.jpg.imgw.600.600.jpg 1x, \/content\/dam\/zebra_dam\/global\/zcom-web-production\/web-production-photography\/web003\/zd600-smart-battery-accessory-photography-web-3x2-3600.jpg.imgw.1200.1200.jpg 2x\" media=\"(max-width: 767px)\" \/><\/picture><\/div>\n<\/div>\n<\/div>\n<\/div>\n<\/div>\n<\/section>\n<\/div>\n<\/div>\n<\/div>\n<\/div>\n<\/div>\n<div class=\"columncontrol section\">\n<div class=\"column-control row\">\n<div class=\"col-md-6\">\n<div class=\"text section\">\n<div class=\"zebra-text\">\n<div class=\"text section\">\n<div class=\"zebra-text\">\n<div class=\"text section\">\n<div class=\"zebra-text\"><\/div>\n<\/div>\n<div class=\"columncontrol section\">\n<div class=\"column-control row\">\n<div class=\"col-md-6\">\n<div>\n<div class=\"text section\">\n<div class=\"zebra-text\">\n<p>&nbsp;<\/p>\n<\/div>\n<\/div>\n<\/div>\n<\/div>\n<\/div>\n<\/div>\n<\/div>\n<\/div>\n<\/div>\n<\/div>\n<\/div>\n<\/div>\n<\/div>\n<\/div>\n<\/div>\n<\/div>\n<\/div>\n<p>&nbsp;<\/p>\n<div role=\"description\">\n<div data-test='contact-form' id='contact-form-625' class='wp-block-jetpack-contact-form-container '>\n<form action='https:\/\/producto.mvperception.com\/index.php\/producto\/bateria-inteligente-de-repuesto-extendida-6500-mah\/#contact-form-625' method='post' class='contact-form commentsblock'>\n<script>\n\t\t\t( function () {\n\t\t\t\tconst contact_forms = document.getElementsByClassName('contact-form');\n\n\t\t\t\tfor ( const form of contact_forms ) {\n\t\t\t\t\tform.onsubmit = function() {\n\t\t\t\t\t\tconst buttons = form.getElementsByTagName('button');\n\n\t\t\t\t\t\tfor( const button of buttons ) {\n\t\t\t\t\t\t\tbutton.setAttribute('disabled', true);\n\t\t\t\t\t\t}\n\t\t\t\t\t}\n\t\t\t\t}\n\t\t\t} )();\n\t\t<\/script>\n<div style=\"\" class='grunion-field-name-wrap grunion-field-wrap'  >\n<label\n\t\t\t\tfor='g625-nombre'\n\t\t\t\tclass='grunion-field-label name'>Nombre<span>(required)<\/span><\/label>\n<input\n\t\t\t\t\ttype='text'\n\t\t\t\t\tname='g625-nombre'\n\t\t\t\t\tid='g625-nombre'\n\t\t\t\t\tvalue=''\n\t\t\t\t\tclass='name  grunion-field' \n\t\t\t\t\trequired aria-required='true' \/>\n\t<\/div>\n\n<div style=\"\" class='grunion-field-email-wrap grunion-field-wrap'  >\n<label\n\t\t\t\tfor='g625-correoelectrnico'\n\t\t\t\tclass='grunion-field-label email'>Correo electr\u00f3nico<span>(required)<\/span><\/label>\n<input\n\t\t\t\t\ttype='email'\n\t\t\t\t\tname='g625-correoelectrnico'\n\t\t\t\t\tid='g625-correoelectrnico'\n\t\t\t\t\tvalue=''\n\t\t\t\t\tclass='email  grunion-field' \n\t\t\t\t\trequired aria-required='true' \/>\n\t<\/div>\n\n<div style=\"\" class='grunion-field-url-wrap grunion-field-wrap'  >\n<label\n\t\t\t\tfor='g625-web'\n\t\t\t\tclass='grunion-field-label url'>Web<\/label>\n<input\n\t\t\t\t\ttype='text'\n\t\t\t\t\tname='g625-web'\n\t\t\t\t\tid='g625-web'\n\t\t\t\t\tvalue=''\n\t\t\t\t\tclass='url  grunion-field' \n\t\t\t\t\ttitle=\"Please enter a valid URL - https:\/\/www.example.com\" oninvalid=\"setCustomValidity(&quot;Please enter a valid URL - https:\/\/www.example.com&quot;)\" oninput=\"setCustomValidity(&quot;&quot;)\" pattern=\"(([:\\\/a-zA-Z0-9_\\-]+)?(\\.[a-zA-Z0-9_\\-\\\/]+)+)\" data-type-override=\"url\"  \/>\n\t<\/div>\n\n<div style=\"\" class='grunion-field-textarea-wrap grunion-field-wrap'  >\n<label\n\t\t\t\tfor='contact-form-comment-g625-mensaje'\n\t\t\t\tclass='grunion-field-label textarea'>Mensaje<\/label>\n<textarea\n\t\t                style=''\n\t\t                name='g625-mensaje'\n\t\t                id='contact-form-comment-g625-mensaje'\n\t\t                rows='20' class='textarea  grunion-field'  ><\/textarea>\n\t<\/div>\n\t<p class='contact-submit'>\n\t\t<button type='submit' class='pushbutton-wide'>Submit<\/button>\t\t<input type='hidden' name='contact-form-id' value='625' \/>\n\t\t<input type='hidden' name='action' value='grunion-contact-form' \/>\n\t\t<input type='hidden' name='contact-form-hash' value='9558360bd3e13a1ce53fb8414a568802c8647c52' \/>\n\t<\/p>\n<\/form>\n<\/div>\n<\/div>\n<p>&nbsp;<\/p>\n<p>&nbsp;<\/p>\n<h1><\/h1>\n","protected":false},"excerpt":{"rendered":"<p><b>Compatible con:<\/b><\/p>\n<p><span>ZQ610 M\u00e1s, ZQ620 M\u00e1s, ZQ610, ZQ620, ZQ510, ZQ511, ZQ520, ZQ521<\/span><\/p>\n<p>&nbsp;<\/p>\n","protected":false},"featured_media":626,"template":"","meta":{"_joinchat":[]},"product_cat":[34],"product_tag":[],"yoast_head":"<!-- This site is optimized with the Yoast SEO plugin v22.1 - https:\/\/yoast.com\/wordpress\/plugins\/seo\/ -->\n<title>Bater\u00eda inteligente de repuesto extendida (6500 mAH) - Productos MV PERCEPTION<\/title>\n<meta name=\"robots\" content=\"index, follow, max-snippet:-1, max-image-preview:large, max-video-preview:-1\" \/>\n<link rel=\"canonical\" href=\"https:\/\/producto.mvperception.com\/index.php\/producto\/bateria-inteligente-de-repuesto-extendida-6500-mah\/\" \/>\n<meta property=\"og:locale\" content=\"en_US\" \/>\n<meta property=\"og:type\" content=\"article\" \/>\n<meta property=\"og:title\" content=\"Bater\u00eda inteligente de repuesto extendida (6500 mAH) - Productos MV PERCEPTION\" \/>\n<meta property=\"og:description\" content=\"Compatible con:  ZQ610 M\u00e1s, ZQ620 M\u00e1s, ZQ610, ZQ620, ZQ510, ZQ511, ZQ520, ZQ521  &nbsp;\" \/>\n<meta property=\"og:url\" content=\"https:\/\/producto.mvperception.com\/index.php\/producto\/bateria-inteligente-de-repuesto-extendida-6500-mah\/\" \/>\n<meta property=\"og:site_name\" content=\"Productos MV PERCEPTION\" \/>\n<meta property=\"article:publisher\" content=\"https:\/\/www.facebook.com\/mvperception\/?ref=bookmarks\" \/>\n<meta property=\"article:modified_time\" content=\"2023-12-01T16:01:22+00:00\" \/>\n<meta property=\"og:image\" content=\"https:\/\/producto.mvperception.com\/wp-content\/uploads\/2023\/12\/printer-extended-spare-battery-6500-3x2-3600.jpg.imgw_.1920.1920.jpg\" \/>\n\t<meta property=\"og:image:width\" content=\"1920\" \/>\n\t<meta property=\"og:image:height\" content=\"1280\" \/>\n\t<meta property=\"og:image:type\" content=\"image\/jpeg\" \/>\n<meta name=\"twitter:card\" content=\"summary_large_image\" \/>\n<script type=\"application\/ld+json\" class=\"yoast-schema-graph\">{\"@context\":\"https:\/\/schema.org\",\"@graph\":[{\"@type\":\"WebPage\",\"@id\":\"https:\/\/producto.mvperception.com\/index.php\/producto\/bateria-inteligente-de-repuesto-extendida-6500-mah\/\",\"url\":\"https:\/\/producto.mvperception.com\/index.php\/producto\/bateria-inteligente-de-repuesto-extendida-6500-mah\/\",\"name\":\"Bater\u00eda inteligente de repuesto extendida (6500 mAH) - Productos MV PERCEPTION\",\"isPartOf\":{\"@id\":\"https:\/\/producto.mvperception.com\/#website\"},\"datePublished\":\"2023-12-01T16:00:25+00:00\",\"dateModified\":\"2023-12-01T16:01:22+00:00\",\"breadcrumb\":{\"@id\":\"https:\/\/producto.mvperception.com\/index.php\/producto\/bateria-inteligente-de-repuesto-extendida-6500-mah\/#breadcrumb\"},\"inLanguage\":\"en-US\",\"potentialAction\":[{\"@type\":\"ReadAction\",\"target\":[\"https:\/\/producto.mvperception.com\/index.php\/producto\/bateria-inteligente-de-repuesto-extendida-6500-mah\/\"]}]},{\"@type\":\"BreadcrumbList\",\"@id\":\"https:\/\/producto.mvperception.com\/index.php\/producto\/bateria-inteligente-de-repuesto-extendida-6500-mah\/#breadcrumb\",\"itemListElement\":[{\"@type\":\"ListItem\",\"position\":1,\"name\":\"Portada\",\"item\":\"https:\/\/producto.mvperception.com\/\"},{\"@type\":\"ListItem\",\"position\":2,\"name\":\"Bater\u00eda inteligente de repuesto extendida (6500 mAH)\"}]},{\"@type\":\"WebSite\",\"@id\":\"https:\/\/producto.mvperception.com\/#website\",\"url\":\"https:\/\/producto.mvperception.com\/\",\"name\":\"Productos MV PERCEPTION\",\"description\":\"\",\"publisher\":{\"@id\":\"https:\/\/producto.mvperception.com\/#organization\"},\"potentialAction\":[{\"@type\":\"SearchAction\",\"target\":{\"@type\":\"EntryPoint\",\"urlTemplate\":\"https:\/\/producto.mvperception.com\/?s={search_term_string}\"},\"query-input\":\"required name=search_term_string\"}],\"inLanguage\":\"en-US\"},{\"@type\":\"Organization\",\"@id\":\"https:\/\/producto.mvperception.com\/#organization\",\"name\":\"Productos MV PERCEPTION\",\"url\":\"https:\/\/producto.mvperception.com\/\",\"logo\":{\"@type\":\"ImageObject\",\"inLanguage\":\"en-US\",\"@id\":\"https:\/\/producto.mvperception.com\/#\/schema\/logo\/image\/\",\"url\":\"https:\/\/producto.mvperception.com\/wp-content\/uploads\/2023\/10\/cropped-cropped-logo-mv.png\",\"contentUrl\":\"https:\/\/producto.mvperception.com\/wp-content\/uploads\/2023\/10\/cropped-cropped-logo-mv.png\",\"width\":426,\"height\":61,\"caption\":\"Productos MV PERCEPTION\"},\"image\":{\"@id\":\"https:\/\/producto.mvperception.com\/#\/schema\/logo\/image\/\"},\"sameAs\":[\"https:\/\/www.facebook.com\/mvperception\/?ref=bookmarks\",\"https:\/\/www.instagram.com\/mvperception\/\",\"https:\/\/www.linkedin.com\/company\/mvperception\/\"]}]}<\/script>\n<!-- \/ Yoast SEO plugin. -->","yoast_head_json":{"title":"Bater\u00eda inteligente de repuesto extendida (6500 mAH) - Productos MV PERCEPTION","robots":{"index":"index","follow":"follow","max-snippet":"max-snippet:-1","max-image-preview":"max-image-preview:large","max-video-preview":"max-video-preview:-1"},"canonical":"https:\/\/producto.mvperception.com\/index.php\/producto\/bateria-inteligente-de-repuesto-extendida-6500-mah\/","og_locale":"en_US","og_type":"article","og_title":"Bater\u00eda inteligente de repuesto extendida (6500 mAH) - Productos MV PERCEPTION","og_description":"Compatible con:  ZQ610 M\u00e1s, ZQ620 M\u00e1s, ZQ610, ZQ620, ZQ510, ZQ511, ZQ520, ZQ521  &nbsp;","og_url":"https:\/\/producto.mvperception.com\/index.php\/producto\/bateria-inteligente-de-repuesto-extendida-6500-mah\/","og_site_name":"Productos MV PERCEPTION","article_publisher":"https:\/\/www.facebook.com\/mvperception\/?ref=bookmarks","article_modified_time":"2023-12-01T16:01:22+00:00","og_image":[{"width":1920,"height":1280,"url":"https:\/\/producto.mvperception.com\/wp-content\/uploads\/2023\/12\/printer-extended-spare-battery-6500-3x2-3600.jpg.imgw_.1920.1920.jpg","type":"image\/jpeg"}],"twitter_card":"summary_large_image","schema":{"@context":"https:\/\/schema.org","@graph":[{"@type":"WebPage","@id":"https:\/\/producto.mvperception.com\/index.php\/producto\/bateria-inteligente-de-repuesto-extendida-6500-mah\/","url":"https:\/\/producto.mvperception.com\/index.php\/producto\/bateria-inteligente-de-repuesto-extendida-6500-mah\/","name":"Bater\u00eda inteligente de repuesto extendida (6500 mAH) - Productos MV PERCEPTION","isPartOf":{"@id":"https:\/\/producto.mvperception.com\/#website"},"datePublished":"2023-12-01T16:00:25+00:00","dateModified":"2023-12-01T16:01:22+00:00","breadcrumb":{"@id":"https:\/\/producto.mvperception.com\/index.php\/producto\/bateria-inteligente-de-repuesto-extendida-6500-mah\/#breadcrumb"},"inLanguage":"en-US","potentialAction":[{"@type":"ReadAction","target":["https:\/\/producto.mvperception.com\/index.php\/producto\/bateria-inteligente-de-repuesto-extendida-6500-mah\/"]}]},{"@type":"BreadcrumbList","@id":"https:\/\/producto.mvperception.com\/index.php\/producto\/bateria-inteligente-de-repuesto-extendida-6500-mah\/#breadcrumb","itemListElement":[{"@type":"ListItem","position":1,"name":"Portada","item":"https:\/\/producto.mvperception.com\/"},{"@type":"ListItem","position":2,"name":"Bater\u00eda inteligente de repuesto extendida (6500 mAH)"}]},{"@type":"WebSite","@id":"https:\/\/producto.mvperception.com\/#website","url":"https:\/\/producto.mvperception.com\/","name":"Productos MV PERCEPTION","description":"","publisher":{"@id":"https:\/\/producto.mvperception.com\/#organization"},"potentialAction":[{"@type":"SearchAction","target":{"@type":"EntryPoint","urlTemplate":"https:\/\/producto.mvperception.com\/?s={search_term_string}"},"query-input":"required name=search_term_string"}],"inLanguage":"en-US"},{"@type":"Organization","@id":"https:\/\/producto.mvperception.com\/#organization","name":"Productos MV PERCEPTION","url":"https:\/\/producto.mvperception.com\/","logo":{"@type":"ImageObject","inLanguage":"en-US","@id":"https:\/\/producto.mvperception.com\/#\/schema\/logo\/image\/","url":"https:\/\/producto.mvperception.com\/wp-content\/uploads\/2023\/10\/cropped-cropped-logo-mv.png","contentUrl":"https:\/\/producto.mvperception.com\/wp-content\/uploads\/2023\/10\/cropped-cropped-logo-mv.png","width":426,"height":61,"caption":"Productos MV PERCEPTION"},"image":{"@id":"https:\/\/producto.mvperception.com\/#\/schema\/logo\/image\/"},"sameAs":["https:\/\/www.facebook.com\/mvperception\/?ref=bookmarks","https:\/\/www.instagram.com\/mvperception\/","https:\/\/www.linkedin.com\/company\/mvperception\/"]}]}},"_links":{"self":[{"href":"https:\/\/producto.mvperception.com\/index.php\/wp-json\/wp\/v2\/product\/625"}],"collection":[{"href":"https:\/\/producto.mvperception.com\/index.php\/wp-json\/wp\/v2\/product"}],"about":[{"href":"https:\/\/producto.mvperception.com\/index.php\/wp-json\/wp\/v2\/types\/product"}],"wp:featuredmedia":[{"embeddable":true,"href":"https:\/\/producto.mvperception.com\/index.php\/wp-json\/wp\/v2\/media\/626"}],"wp:attachment":[{"href":"https:\/\/producto.mvperception.com\/index.php\/wp-json\/wp\/v2\/media?parent=625"}],"wp:term":[{"taxonomy":"product_cat","embeddable":true,"href":"https:\/\/producto.mvperception.com\/index.php\/wp-json\/wp\/v2\/product_cat?post=625"},{"taxonomy":"product_tag","embeddable":true,"href":"https:\/\/producto.mvperception.com\/index.php\/wp-json\/wp\/v2\/product_tag?post=625"}],"curies":[{"name":"wp","href":"https:\/\/api.w.org\/{rel}","templated":true}]}}