{"id":665,"date":"2023-12-15T07:27:11","date_gmt":"2023-12-15T07:27:11","guid":{"rendered":"https:\/\/producto.mvperception.com\/?post_type=product&#038;p=665"},"modified":"2023-12-15T07:30:28","modified_gmt":"2023-12-15T07:30:28","slug":"motor-de-escaneo-laser-se96x-para-oem","status":"publish","type":"product","link":"https:\/\/producto.mvperception.com\/index.php\/producto\/motor-de-escaneo-laser-se96x-para-oem\/","title":{"rendered":"Motor de escaneo l\u00e1ser SE96X para OEM"},"content":{"rendered":"<div class=\"cmp-product-summary__rte\" role=\"description\">\n<div><\/div>\n<div><\/div>\n<div class=\"text section\">El modelo SE96X combina el conjunto de funciones m\u00e1s amplio en uno de los motores m\u00e1s peque\u00f1os disponibles. De esta manera, se crean motores de escaneo que ofrecen la mejor calidad en rendimiento de escaneo, rango de escaneo, flexibilidad de aplicaci\u00f3n, fiabilidad y durabilidad. Nuestra tecnolog\u00eda patentada de escaneo adaptable cambia autom\u00e1ticamente entre un \u00e1ngulo de escaneo amplio y angosto hasta detectar un c\u00f3digo de barras, por lo que el usuario puede acercar el zoom en c\u00f3digos de barras que se encuentran hasta 15 pies\/4,5 m de distancia y luego alejarlo para capturar los c\u00f3digos de barras mediante el contacto cercano. De esta forma, se ofrece el rango de trabajo m\u00e1s amplio en esta clase de esc\u00e1neres.<\/div>\n<\/div>\n<div><\/div>\n<p>&nbsp;<\/p>\n<div class=\"text section\">\n<div class=\"zebra-text\">\n<div class=\"text section\">\n<div class=\"zebra-text\">\n<div class=\"columncontrol section\">\n<div class=\"column-control row\">\n<div class=\"col-md-6\">\n<div class=\"text section\">\n<div class=\"zebra-text\">\n<div class=\"text section\">\n<div class=\"zebra-text\">\n<div class=\"columncontrol section\">\n<div class=\"column-control row\">\n<div class=\"col-md-6\">\n<div class=\"responsivegrid aem-GridColumn--default--none aem-GridColumn aem-GridColumn--default--6 aem-GridColumn--offset--default--0\">\n<div class=\"aem-Grid aem-Grid--6 aem-Grid--default--6 \">\n<div class=\"text-jumbo text aem-GridColumn aem-GridColumn--default--6\">\n<section id=\"icf58fbffd7149d7f2b45f295c30a81d55d8e97972d92121a54a109ef6dd900af\" class=\"cmp-text-jumbo\">\n<div class=\"text-jumbo text-left text-dark\">\n<div class=\"cmp-text\"><\/div>\n<\/div>\n<\/section>\n<\/div>\n<div class=\"text-jumbo text aem-GridColumn aem-GridColumn--default--6\">\n<section id=\"i8232e9f9f3bfcd34b017b3bdada885089512d40fe6662193ba39917353937ce0\" class=\"cmp-text-jumbo\">\n<div class=\"text-jumbo text-left text-dark\">\n<div class=\"cmp-text\"><\/div>\n<\/div>\n<\/section>\n<\/div>\n<div class=\"text-jumbo text aem-GridColumn aem-GridColumn--default--6\">\n<section id=\"ic5dc4276c11b05015e39b2e8237a406d187e2ba13aeb6bdea8b080eebd317ae6\" class=\"cmp-text-jumbo\">\n<div class=\"text-jumbo text-left text-dark\">\n<div class=\"cmp-text\"><\/div>\n<\/div>\n<\/section>\n<\/div>\n<div class=\"text-jumbo text aem-GridColumn aem-GridColumn--default--6\">\n<section id=\"i9e8faa676f48af756957c2af81abf4cb367f588b906c79234920d4818c21f842\" class=\"cmp-text-jumbo\">\n<div class=\"text-jumbo text-left text-dark\">\n<div class=\"cmp-text\"><\/div>\n<\/div>\n<\/section>\n<\/div>\n<\/div>\n<\/div>\n<\/div>\n<\/div>\n<\/div>\n<\/div>\n<\/div>\n<\/div>\n<\/div>\n<\/div>\n<\/div>\n<\/div>\n<\/div>\n<\/div>\n<\/div>\n<\/div>\n<div class=\"tablegrid section\">\n<div class=\"tablegrid section\">\n<div class=\"table-grid-container\"><\/div>\n<\/div>\n<\/div>\n<div role=\"description\">\n<div data-test='contact-form' id='contact-form-665' class='wp-block-jetpack-contact-form-container '>\n<form action='https:\/\/producto.mvperception.com\/index.php\/producto\/motor-de-escaneo-laser-se96x-para-oem\/#contact-form-665' method='post' class='contact-form commentsblock'>\n<script>\n\t\t\t( function () {\n\t\t\t\tconst contact_forms = document.getElementsByClassName('contact-form');\n\n\t\t\t\tfor ( const form of contact_forms ) {\n\t\t\t\t\tform.onsubmit = function() {\n\t\t\t\t\t\tconst buttons = form.getElementsByTagName('button');\n\n\t\t\t\t\t\tfor( const button of buttons ) {\n\t\t\t\t\t\t\tbutton.setAttribute('disabled', true);\n\t\t\t\t\t\t}\n\t\t\t\t\t}\n\t\t\t\t}\n\t\t\t} )();\n\t\t<\/script>\n<div style=\"\" class='grunion-field-name-wrap grunion-field-wrap'  >\n<label\n\t\t\t\tfor='g665-nombre'\n\t\t\t\tclass='grunion-field-label name'>Nombre<span>(required)<\/span><\/label>\n<input\n\t\t\t\t\ttype='text'\n\t\t\t\t\tname='g665-nombre'\n\t\t\t\t\tid='g665-nombre'\n\t\t\t\t\tvalue=''\n\t\t\t\t\tclass='name  grunion-field' \n\t\t\t\t\trequired aria-required='true' \/>\n\t<\/div>\n\n<div style=\"\" class='grunion-field-email-wrap grunion-field-wrap'  >\n<label\n\t\t\t\tfor='g665-correoelectrnico'\n\t\t\t\tclass='grunion-field-label email'>Correo electr\u00f3nico<span>(required)<\/span><\/label>\n<input\n\t\t\t\t\ttype='email'\n\t\t\t\t\tname='g665-correoelectrnico'\n\t\t\t\t\tid='g665-correoelectrnico'\n\t\t\t\t\tvalue=''\n\t\t\t\t\tclass='email  grunion-field' \n\t\t\t\t\trequired aria-required='true' \/>\n\t<\/div>\n\n<div style=\"\" class='grunion-field-url-wrap grunion-field-wrap'  >\n<label\n\t\t\t\tfor='g665-web'\n\t\t\t\tclass='grunion-field-label url'>Web<\/label>\n<input\n\t\t\t\t\ttype='text'\n\t\t\t\t\tname='g665-web'\n\t\t\t\t\tid='g665-web'\n\t\t\t\t\tvalue=''\n\t\t\t\t\tclass='url  grunion-field' \n\t\t\t\t\ttitle=\"Please enter a valid URL - https:\/\/www.example.com\" oninvalid=\"setCustomValidity(&quot;Please enter a valid URL - https:\/\/www.example.com&quot;)\" oninput=\"setCustomValidity(&quot;&quot;)\" pattern=\"(([:\\\/a-zA-Z0-9_\\-]+)?(\\.[a-zA-Z0-9_\\-\\\/]+)+)\" data-type-override=\"url\"  \/>\n\t<\/div>\n\n<div style=\"\" class='grunion-field-textarea-wrap grunion-field-wrap'  >\n<label\n\t\t\t\tfor='contact-form-comment-g665-mensaje'\n\t\t\t\tclass='grunion-field-label textarea'>Mensaje<\/label>\n<textarea\n\t\t                style=''\n\t\t                name='g665-mensaje'\n\t\t                id='contact-form-comment-g665-mensaje'\n\t\t                rows='20' class='textarea  grunion-field'  ><\/textarea>\n\t<\/div>\n\t<p class='contact-submit'>\n\t\t<button type='submit' class='pushbutton-wide'>Submit<\/button>\t\t<input type='hidden' name='contact-form-id' value='665' \/>\n\t\t<input type='hidden' name='action' value='grunion-contact-form' \/>\n\t\t<input type='hidden' name='contact-form-hash' value='ed0af4d490faa4bbe9f67c709bb0c9f33120de46' \/>\n\t<\/p>\n<\/form>\n<\/div>\n<\/div>\n<p>&nbsp;<\/p>\n<p>&nbsp;<\/p>\n<h1><a href=\"https:\/\/producto.mvperception.com\/wp-content\/uploads\/2023\/12\/se96x-spec-sheet-en-us.pdf\" target=\"_blank\" rel=\"noopener\"><strong>\ud83d\udc49<img loading=\"lazy\" decoding=\"async\" data-attachment-id=\"288\" data-permalink=\"https:\/\/producto.mvperception.com\/?attachment_id=288\" data-orig-file=\"https:\/\/producto.mvperception.com\/wp-content\/uploads\/2023\/09\/BOTON-FICHA-TECNICA.png\" data-orig-size=\"320,100\" data-comments-opened=\"1\" data-image-meta=\"{&quot;aperture&quot;:&quot;0&quot;,&quot;credit&quot;:&quot;&quot;,&quot;camera&quot;:&quot;&quot;,&quot;caption&quot;:&quot;&quot;,&quot;created_timestamp&quot;:&quot;0&quot;,&quot;copyright&quot;:&quot;&quot;,&quot;focal_length&quot;:&quot;0&quot;,&quot;iso&quot;:&quot;0&quot;,&quot;shutter_speed&quot;:&quot;0&quot;,&quot;title&quot;:&quot;&quot;,&quot;orientation&quot;:&quot;0&quot;}\" data-image-title=\"BOTON FICHA TECNICA\" data-image-description=\"\" data-image-caption=\"\" data-medium-file=\"https:\/\/producto.mvperception.com\/wp-content\/uploads\/2023\/09\/BOTON-FICHA-TECNICA-300x94.png\" data-large-file=\"https:\/\/producto.mvperception.com\/wp-content\/uploads\/2023\/09\/BOTON-FICHA-TECNICA.png\" class=\"alignnone size-medium wp-image-288\" src=\"https:\/\/producto.mvperception.com\/wp-content\/uploads\/2023\/09\/BOTON-FICHA-TECNICA-300x94.png\" sizes=\"(max-width: 300px) 100vw, 300px\" srcset=\"https:\/\/producto.mvperception.com\/wp-content\/uploads\/2023\/09\/BOTON-FICHA-TECNICA-300x94.png 300w, https:\/\/producto.mvperception.com\/wp-content\/uploads\/2023\/09\/BOTON-FICHA-TECNICA.png 320w\" alt=\"\" width=\"300\" height=\"94\" data-attachment-id=\"288\" data-permalink=\"https:\/\/producto.mvperception.com\/?attachment_id=288\" data-orig-file=\"https:\/\/producto.mvperception.com\/wp-content\/uploads\/2023\/09\/BOTON-FICHA-TECNICA.png\" data-orig-size=\"320,100\" data-comments-opened=\"1\" data-image-meta=\"{&quot;aperture&quot;:&quot;0&quot;,&quot;credit&quot;:&quot;&quot;,&quot;camera&quot;:&quot;&quot;,&quot;caption&quot;:&quot;&quot;,&quot;created_timestamp&quot;:&quot;0&quot;,&quot;copyright&quot;:&quot;&quot;,&quot;focal_length&quot;:&quot;0&quot;,&quot;iso&quot;:&quot;0&quot;,&quot;shutter_speed&quot;:&quot;0&quot;,&quot;title&quot;:&quot;&quot;,&quot;orientation&quot;:&quot;0&quot;}\" data-image-title=\"BOTON FICHA TECNICA\" data-image-description=\"\" data-image-caption=\"\" data-medium-file=\"https:\/\/producto.mvperception.com\/wp-content\/uploads\/2023\/09\/BOTON-FICHA-TECNICA-300x94.png\" data-large-file=\"https:\/\/producto.mvperception.com\/wp-content\/uploads\/2023\/09\/BOTON-FICHA-TECNICA.png\" \/><\/strong><\/a><\/h1>\n","protected":false},"excerpt":{"rendered":"<div class=\"responsivegrid aem-GridColumn--default--none aem-GridColumn aem-GridColumn--default--6 aem-GridColumn--offset--default--0\">\n<div class=\"aem-Grid aem-Grid--6 aem-Grid--default--6 \">\n<div class=\"text-jumbo text aem-GridColumn aem-GridColumn--default--6\">\n<section id=\"i1eb16cd91d2c99c4aa9eb82fb8ff24029830b2fe77042d2f27c77ab5bf0a0132\" class=\"cmp-text-jumbo\">\n<div class=\"text-jumbo text-left text-dark\">\n<div class=\"cmp-text\">\n<p>&nbsp;<\/p>\n<\/div>\n<\/div>\n<\/section>\n<\/div>\n<\/div>\n<\/div>\n<div class=\"responsivegrid aem-GridColumn--default--none aem-GridColumn aem-GridColumn--default--6 aem-GridColumn--offset--default--0\">\n<div class=\"aem-Grid aem-Grid--6 aem-Grid--default--6 \">\n<div class=\"text-jumbo text aem-GridColumn aem-GridColumn--default--6\">\n<section id=\"if615ef5baf15a9f96ee6927b4d909a3ab5e554ae9ec0ce56d6c9352641808d8c\" class=\"cmp-text-jumbo\">\n<div class=\"text-jumbo text-left text-dark\">\n<div class=\"cmp-text\">\n<p>&nbsp;<\/p>\n<\/div>\n<\/div>\n<\/section>\n<\/div>\n<\/div>\n<\/div>\n","protected":false},"featured_media":662,"template":"","meta":{"_joinchat":[]},"product_cat":[37],"product_tag":[],"yoast_head":"<!-- This site is optimized with the Yoast SEO plugin v22.1 - https:\/\/yoast.com\/wordpress\/plugins\/seo\/ -->\n<title>Motor de escaneo l\u00e1ser SE96X para OEM - Productos MV PERCEPTION<\/title>\n<meta name=\"robots\" content=\"index, follow, max-snippet:-1, max-image-preview:large, max-video-preview:-1\" \/>\n<link rel=\"canonical\" href=\"https:\/\/producto.mvperception.com\/index.php\/producto\/motor-de-escaneo-laser-se96x-para-oem\/\" \/>\n<meta property=\"og:locale\" content=\"en_US\" \/>\n<meta property=\"og:type\" content=\"article\" \/>\n<meta property=\"og:title\" content=\"Motor de escaneo l\u00e1ser SE96X para OEM - Productos MV PERCEPTION\" \/>\n<meta property=\"og:description\" content=\"&nbsp;             &nbsp;\" \/>\n<meta property=\"og:url\" content=\"https:\/\/producto.mvperception.com\/index.php\/producto\/motor-de-escaneo-laser-se96x-para-oem\/\" \/>\n<meta property=\"og:site_name\" content=\"Productos MV PERCEPTION\" \/>\n<meta property=\"article:publisher\" content=\"https:\/\/www.facebook.com\/mvperception\/?ref=bookmarks\" \/>\n<meta property=\"article:modified_time\" content=\"2023-12-15T07:30:28+00:00\" \/>\n<meta property=\"og:image\" content=\"https:\/\/producto.mvperception.com\/wp-content\/uploads\/2023\/12\/se95x-photography-product-front-3x2-3600x2400-1-scaled.jpg\" \/>\n\t<meta property=\"og:image:width\" content=\"2560\" \/>\n\t<meta property=\"og:image:height\" content=\"1707\" \/>\n\t<meta property=\"og:image:type\" content=\"image\/jpeg\" \/>\n<meta name=\"twitter:card\" content=\"summary_large_image\" \/>\n<meta name=\"twitter:label1\" content=\"Est. reading time\" \/>\n\t<meta name=\"twitter:data1\" content=\"1 minute\" \/>\n<script type=\"application\/ld+json\" class=\"yoast-schema-graph\">{\"@context\":\"https:\/\/schema.org\",\"@graph\":[{\"@type\":\"WebPage\",\"@id\":\"https:\/\/producto.mvperception.com\/index.php\/producto\/motor-de-escaneo-laser-se96x-para-oem\/\",\"url\":\"https:\/\/producto.mvperception.com\/index.php\/producto\/motor-de-escaneo-laser-se96x-para-oem\/\",\"name\":\"Motor de escaneo l\u00e1ser SE96X para OEM - Productos MV PERCEPTION\",\"isPartOf\":{\"@id\":\"https:\/\/producto.mvperception.com\/#website\"},\"datePublished\":\"2023-12-15T07:27:11+00:00\",\"dateModified\":\"2023-12-15T07:30:28+00:00\",\"breadcrumb\":{\"@id\":\"https:\/\/producto.mvperception.com\/index.php\/producto\/motor-de-escaneo-laser-se96x-para-oem\/#breadcrumb\"},\"inLanguage\":\"en-US\",\"potentialAction\":[{\"@type\":\"ReadAction\",\"target\":[\"https:\/\/producto.mvperception.com\/index.php\/producto\/motor-de-escaneo-laser-se96x-para-oem\/\"]}]},{\"@type\":\"BreadcrumbList\",\"@id\":\"https:\/\/producto.mvperception.com\/index.php\/producto\/motor-de-escaneo-laser-se96x-para-oem\/#breadcrumb\",\"itemListElement\":[{\"@type\":\"ListItem\",\"position\":1,\"name\":\"Portada\",\"item\":\"https:\/\/producto.mvperception.com\/\"},{\"@type\":\"ListItem\",\"position\":2,\"name\":\"Motor de escaneo l\u00e1ser SE96X para OEM\"}]},{\"@type\":\"WebSite\",\"@id\":\"https:\/\/producto.mvperception.com\/#website\",\"url\":\"https:\/\/producto.mvperception.com\/\",\"name\":\"Productos MV PERCEPTION\",\"description\":\"\",\"publisher\":{\"@id\":\"https:\/\/producto.mvperception.com\/#organization\"},\"potentialAction\":[{\"@type\":\"SearchAction\",\"target\":{\"@type\":\"EntryPoint\",\"urlTemplate\":\"https:\/\/producto.mvperception.com\/?s={search_term_string}\"},\"query-input\":\"required name=search_term_string\"}],\"inLanguage\":\"en-US\"},{\"@type\":\"Organization\",\"@id\":\"https:\/\/producto.mvperception.com\/#organization\",\"name\":\"Productos MV PERCEPTION\",\"url\":\"https:\/\/producto.mvperception.com\/\",\"logo\":{\"@type\":\"ImageObject\",\"inLanguage\":\"en-US\",\"@id\":\"https:\/\/producto.mvperception.com\/#\/schema\/logo\/image\/\",\"url\":\"https:\/\/producto.mvperception.com\/wp-content\/uploads\/2023\/10\/cropped-cropped-logo-mv.png\",\"contentUrl\":\"https:\/\/producto.mvperception.com\/wp-content\/uploads\/2023\/10\/cropped-cropped-logo-mv.png\",\"width\":426,\"height\":61,\"caption\":\"Productos MV PERCEPTION\"},\"image\":{\"@id\":\"https:\/\/producto.mvperception.com\/#\/schema\/logo\/image\/\"},\"sameAs\":[\"https:\/\/www.facebook.com\/mvperception\/?ref=bookmarks\",\"https:\/\/www.instagram.com\/mvperception\/\",\"https:\/\/www.linkedin.com\/company\/mvperception\/\"]}]}<\/script>\n<!-- \/ Yoast SEO plugin. -->","yoast_head_json":{"title":"Motor de escaneo l\u00e1ser SE96X para OEM - Productos MV PERCEPTION","robots":{"index":"index","follow":"follow","max-snippet":"max-snippet:-1","max-image-preview":"max-image-preview:large","max-video-preview":"max-video-preview:-1"},"canonical":"https:\/\/producto.mvperception.com\/index.php\/producto\/motor-de-escaneo-laser-se96x-para-oem\/","og_locale":"en_US","og_type":"article","og_title":"Motor de escaneo l\u00e1ser SE96X para OEM - Productos MV PERCEPTION","og_description":"&nbsp;             &nbsp;","og_url":"https:\/\/producto.mvperception.com\/index.php\/producto\/motor-de-escaneo-laser-se96x-para-oem\/","og_site_name":"Productos MV PERCEPTION","article_publisher":"https:\/\/www.facebook.com\/mvperception\/?ref=bookmarks","article_modified_time":"2023-12-15T07:30:28+00:00","og_image":[{"width":2560,"height":1707,"url":"https:\/\/producto.mvperception.com\/wp-content\/uploads\/2023\/12\/se95x-photography-product-front-3x2-3600x2400-1-scaled.jpg","type":"image\/jpeg"}],"twitter_card":"summary_large_image","twitter_misc":{"Est. reading time":"1 minute"},"schema":{"@context":"https:\/\/schema.org","@graph":[{"@type":"WebPage","@id":"https:\/\/producto.mvperception.com\/index.php\/producto\/motor-de-escaneo-laser-se96x-para-oem\/","url":"https:\/\/producto.mvperception.com\/index.php\/producto\/motor-de-escaneo-laser-se96x-para-oem\/","name":"Motor de escaneo l\u00e1ser SE96X para OEM - Productos MV PERCEPTION","isPartOf":{"@id":"https:\/\/producto.mvperception.com\/#website"},"datePublished":"2023-12-15T07:27:11+00:00","dateModified":"2023-12-15T07:30:28+00:00","breadcrumb":{"@id":"https:\/\/producto.mvperception.com\/index.php\/producto\/motor-de-escaneo-laser-se96x-para-oem\/#breadcrumb"},"inLanguage":"en-US","potentialAction":[{"@type":"ReadAction","target":["https:\/\/producto.mvperception.com\/index.php\/producto\/motor-de-escaneo-laser-se96x-para-oem\/"]}]},{"@type":"BreadcrumbList","@id":"https:\/\/producto.mvperception.com\/index.php\/producto\/motor-de-escaneo-laser-se96x-para-oem\/#breadcrumb","itemListElement":[{"@type":"ListItem","position":1,"name":"Portada","item":"https:\/\/producto.mvperception.com\/"},{"@type":"ListItem","position":2,"name":"Motor de escaneo l\u00e1ser SE96X para OEM"}]},{"@type":"WebSite","@id":"https:\/\/producto.mvperception.com\/#website","url":"https:\/\/producto.mvperception.com\/","name":"Productos MV PERCEPTION","description":"","publisher":{"@id":"https:\/\/producto.mvperception.com\/#organization"},"potentialAction":[{"@type":"SearchAction","target":{"@type":"EntryPoint","urlTemplate":"https:\/\/producto.mvperception.com\/?s={search_term_string}"},"query-input":"required name=search_term_string"}],"inLanguage":"en-US"},{"@type":"Organization","@id":"https:\/\/producto.mvperception.com\/#organization","name":"Productos MV PERCEPTION","url":"https:\/\/producto.mvperception.com\/","logo":{"@type":"ImageObject","inLanguage":"en-US","@id":"https:\/\/producto.mvperception.com\/#\/schema\/logo\/image\/","url":"https:\/\/producto.mvperception.com\/wp-content\/uploads\/2023\/10\/cropped-cropped-logo-mv.png","contentUrl":"https:\/\/producto.mvperception.com\/wp-content\/uploads\/2023\/10\/cropped-cropped-logo-mv.png","width":426,"height":61,"caption":"Productos MV PERCEPTION"},"image":{"@id":"https:\/\/producto.mvperception.com\/#\/schema\/logo\/image\/"},"sameAs":["https:\/\/www.facebook.com\/mvperception\/?ref=bookmarks","https:\/\/www.instagram.com\/mvperception\/","https:\/\/www.linkedin.com\/company\/mvperception\/"]}]}},"_links":{"self":[{"href":"https:\/\/producto.mvperception.com\/index.php\/wp-json\/wp\/v2\/product\/665"}],"collection":[{"href":"https:\/\/producto.mvperception.com\/index.php\/wp-json\/wp\/v2\/product"}],"about":[{"href":"https:\/\/producto.mvperception.com\/index.php\/wp-json\/wp\/v2\/types\/product"}],"wp:featuredmedia":[{"embeddable":true,"href":"https:\/\/producto.mvperception.com\/index.php\/wp-json\/wp\/v2\/media\/662"}],"wp:attachment":[{"href":"https:\/\/producto.mvperception.com\/index.php\/wp-json\/wp\/v2\/media?parent=665"}],"wp:term":[{"taxonomy":"product_cat","embeddable":true,"href":"https:\/\/producto.mvperception.com\/index.php\/wp-json\/wp\/v2\/product_cat?post=665"},{"taxonomy":"product_tag","embeddable":true,"href":"https:\/\/producto.mvperception.com\/index.php\/wp-json\/wp\/v2\/product_tag?post=665"}],"curies":[{"name":"wp","href":"https:\/\/api.w.org\/{rel}","templated":true}]}}