{"id":756,"date":"2023-12-19T08:39:16","date_gmt":"2023-12-19T08:39:16","guid":{"rendered":"https:\/\/producto.mvperception.com\/?post_type=product&#038;p=756"},"modified":"2023-12-27T15:46:32","modified_gmt":"2023-12-27T15:46:32","slug":"camara-de-red-tipo-bala-fija-acusense-con-luz-estroboscopica-y-advertencia-sonora-de-6-mp","status":"publish","type":"product","link":"https:\/\/producto.mvperception.com\/index.php\/producto\/camara-de-red-tipo-bala-fija-acusense-con-luz-estroboscopica-y-advertencia-sonora-de-6-mp\/","title":{"rendered":"DS-2CD2086G2-I(U)"},"content":{"rendered":"<div class=\"cmp-product-summary__rte\" role=\"description\"><\/div>\n<div class=\"cmp-product-summary__rte\" role=\"description\">\n<div class=\"columncontrol section\">\n<div class=\"column-control row\">\n<div class=\"col-md-6\">\n<div>\n<div class=\"imagecomponent section\">\n<p>&nbsp;<\/p>\n<\/div>\n<\/div>\n<\/div>\n<\/div>\n<\/div>\n<\/div>\n<div role=\"description\"><\/div>\n<div role=\"description\">\n<h2 class=\"main-heading\">Caracter\u00edsticas<\/h2>\n<\/div>\n<ul>\n<li>Sensor De Imagen: CMOS de exploraci\u00f3n progresiva de 1\/3\u2033<\/li>\n<li>Max. Resoluci\u00f3n: 2688 \u00d7 1520<\/li>\n<li>Iluminaci\u00f3n M\u00ednima: Color: 0.005 Lux @ (F1.6, AGC ON), 0 Lux con IR encendido<\/li>\n<li>Tiempo De Obturaci\u00f3n: 1\/3 s a 1\/100.000 s<\/li>\n<li>D\u00eda y Noche: filtro de corte IR<\/li>\n<li>Ajuste De \u00c1ngulo: Panor\u00e1mica: 0\u00b0 a 360\u00b0, inclinaci\u00f3n: 0\u00b0 a 90\u00b0, rotaci\u00f3n: 0\u00b0 a 360\u00b0<\/li>\n<\/ul>\n<p>&nbsp;<\/p>\n<div data-id=\"4babdf8\" data-element_type=\"column\">\n<div class=\"elementor-element elementor-element-396bd85 elementor-widget elementor-widget-text-editor\" data-id=\"396bd85\" data-element_type=\"widget\" data-widget_type=\"text-editor.default\">\n<h2 class=\"main-heading\">Cotizar\u00a0\ud83d\udc47\u00a0(complete el formulario)<\/h2>\n<\/div>\n<\/div>\n<div role=\"description\">\n<div data-test='contact-form' id='contact-form-756' class='wp-block-jetpack-contact-form-container '>\n<form action='https:\/\/producto.mvperception.com\/index.php\/producto\/camara-de-red-tipo-bala-fija-acusense-con-luz-estroboscopica-y-advertencia-sonora-de-6-mp\/#contact-form-756' method='post' class='contact-form commentsblock'>\n<script>\n\t\t\t( function () {\n\t\t\t\tconst contact_forms = document.getElementsByClassName('contact-form');\n\n\t\t\t\tfor ( const form of contact_forms ) {\n\t\t\t\t\tform.onsubmit = function() {\n\t\t\t\t\t\tconst buttons = form.getElementsByTagName('button');\n\n\t\t\t\t\t\tfor( const button of buttons ) {\n\t\t\t\t\t\t\tbutton.setAttribute('disabled', true);\n\t\t\t\t\t\t}\n\t\t\t\t\t}\n\t\t\t\t}\n\t\t\t} )();\n\t\t<\/script>\n<div style=\"\" class='grunion-field-name-wrap grunion-field-wrap'  >\n<label\n\t\t\t\tfor='g756-nombre'\n\t\t\t\tclass='grunion-field-label name'>Nombre<span>(required)<\/span><\/label>\n<input\n\t\t\t\t\ttype='text'\n\t\t\t\t\tname='g756-nombre'\n\t\t\t\t\tid='g756-nombre'\n\t\t\t\t\tvalue=''\n\t\t\t\t\tclass='name  grunion-field' \n\t\t\t\t\trequired aria-required='true' \/>\n\t<\/div>\n\n<div style=\"\" class='grunion-field-email-wrap grunion-field-wrap'  >\n<label\n\t\t\t\tfor='g756-correoelectrnico'\n\t\t\t\tclass='grunion-field-label email'>Correo electr\u00f3nico<span>(required)<\/span><\/label>\n<input\n\t\t\t\t\ttype='email'\n\t\t\t\t\tname='g756-correoelectrnico'\n\t\t\t\t\tid='g756-correoelectrnico'\n\t\t\t\t\tvalue=''\n\t\t\t\t\tclass='email  grunion-field' \n\t\t\t\t\trequired aria-required='true' \/>\n\t<\/div>\n\n<div style=\"\" class='grunion-field-url-wrap grunion-field-wrap'  >\n<label\n\t\t\t\tfor='g756-web'\n\t\t\t\tclass='grunion-field-label url'>Web<\/label>\n<input\n\t\t\t\t\ttype='text'\n\t\t\t\t\tname='g756-web'\n\t\t\t\t\tid='g756-web'\n\t\t\t\t\tvalue=''\n\t\t\t\t\tclass='url  grunion-field' \n\t\t\t\t\ttitle=\"Please enter a valid URL - https:\/\/www.example.com\" oninvalid=\"setCustomValidity(&quot;Please enter a valid URL - https:\/\/www.example.com&quot;)\" oninput=\"setCustomValidity(&quot;&quot;)\" pattern=\"(([:\\\/a-zA-Z0-9_\\-]+)?(\\.[a-zA-Z0-9_\\-\\\/]+)+)\" data-type-override=\"url\"  \/>\n\t<\/div>\n\n<div style=\"\" class='grunion-field-textarea-wrap grunion-field-wrap'  >\n<label\n\t\t\t\tfor='contact-form-comment-g756-mensaje'\n\t\t\t\tclass='grunion-field-label textarea'>Mensaje<\/label>\n<textarea\n\t\t                style=''\n\t\t                name='g756-mensaje'\n\t\t                id='contact-form-comment-g756-mensaje'\n\t\t                rows='20' class='textarea  grunion-field'  ><\/textarea>\n\t<\/div>\n\t<p class='contact-submit'>\n\t\t<button type='submit' class='pushbutton-wide'>Submit<\/button>\t\t<input type='hidden' name='contact-form-id' value='756' \/>\n\t\t<input type='hidden' name='action' value='grunion-contact-form' \/>\n\t\t<input type='hidden' name='contact-form-hash' value='535ec70b7d1671ae16c14308d8143faaeb0e06c8' \/>\n\t<\/p>\n<p style=\"display: none !important;\"><label>&#916;<textarea name=\"ak_hp_textarea\" cols=\"45\" rows=\"8\" maxlength=\"100\"><\/textarea><\/label><input type=\"hidden\" id=\"ak_js_1\" name=\"ak_js\" value=\"183\"\/><script>document.getElementById( \"ak_js_1\" ).setAttribute( \"value\", ( new Date() ).getTime() );<\/script><\/p><\/form>\n<\/div>\n<\/div>\n<p>&nbsp;<\/p>\n<p>&nbsp;<\/p>\n<h1><a href=\"https:\/\/producto.mvperception.com\/wp-content\/uploads\/2023\/12\/DS-2CD2026G2-IU-D_Datasheet_V5.7.0_20220602.pdf\" target=\"_blank\" rel=\"noopener\"><strong>\ud83d\udc49<img loading=\"lazy\" decoding=\"async\" data-attachment-id=\"288\" data-permalink=\"https:\/\/producto.mvperception.com\/?attachment_id=288\" data-orig-file=\"https:\/\/producto.mvperception.com\/wp-content\/uploads\/2023\/09\/BOTON-FICHA-TECNICA.png\" data-orig-size=\"320,100\" data-comments-opened=\"1\" data-image-meta=\"{&quot;aperture&quot;:&quot;0&quot;,&quot;credit&quot;:&quot;&quot;,&quot;camera&quot;:&quot;&quot;,&quot;caption&quot;:&quot;&quot;,&quot;created_timestamp&quot;:&quot;0&quot;,&quot;copyright&quot;:&quot;&quot;,&quot;focal_length&quot;:&quot;0&quot;,&quot;iso&quot;:&quot;0&quot;,&quot;shutter_speed&quot;:&quot;0&quot;,&quot;title&quot;:&quot;&quot;,&quot;orientation&quot;:&quot;0&quot;}\" data-image-title=\"BOTON FICHA TECNICA\" data-image-description=\"\" data-image-caption=\"\" data-medium-file=\"https:\/\/producto.mvperception.com\/wp-content\/uploads\/2023\/09\/BOTON-FICHA-TECNICA-300x94.png\" data-large-file=\"https:\/\/producto.mvperception.com\/wp-content\/uploads\/2023\/09\/BOTON-FICHA-TECNICA.png\" class=\"alignnone size-medium wp-image-288\" src=\"https:\/\/producto.mvperception.com\/wp-content\/uploads\/2023\/09\/BOTON-FICHA-TECNICA-300x94.png\" sizes=\"auto, (max-width: 300px) 100vw, 300px\" srcset=\"https:\/\/producto.mvperception.com\/wp-content\/uploads\/2023\/09\/BOTON-FICHA-TECNICA-300x94.png 300w, https:\/\/producto.mvperception.com\/wp-content\/uploads\/2023\/09\/BOTON-FICHA-TECNICA.png 320w\" alt=\"\" width=\"300\" height=\"94\" data-attachment-id=\"288\" data-permalink=\"https:\/\/producto.mvperception.com\/?attachment_id=288\" data-orig-file=\"https:\/\/producto.mvperception.com\/wp-content\/uploads\/2023\/09\/BOTON-FICHA-TECNICA.png\" data-orig-size=\"320,100\" data-comments-opened=\"1\" data-image-meta=\"{&quot;aperture&quot;:&quot;0&quot;,&quot;credit&quot;:&quot;&quot;,&quot;camera&quot;:&quot;&quot;,&quot;caption&quot;:&quot;&quot;,&quot;created_timestamp&quot;:&quot;0&quot;,&quot;copyright&quot;:&quot;&quot;,&quot;focal_length&quot;:&quot;0&quot;,&quot;iso&quot;:&quot;0&quot;,&quot;shutter_speed&quot;:&quot;0&quot;,&quot;title&quot;:&quot;&quot;,&quot;orientation&quot;:&quot;0&quot;}\" data-image-title=\"BOTON FICHA TECNICA\" data-image-description=\"\" data-image-caption=\"\" data-medium-file=\"https:\/\/producto.mvperception.com\/wp-content\/uploads\/2023\/09\/BOTON-FICHA-TECNICA-300x94.png\" data-large-file=\"https:\/\/producto.mvperception.com\/wp-content\/uploads\/2023\/09\/BOTON-FICHA-TECNICA.png\" \/><\/strong><\/a><\/h1>\n","protected":false},"excerpt":{"rendered":"<h1 class=\"product_title entry-title elementor-heading-title elementor-size-default\">C\u00e1mara De Red Mini Bala Fija 4K AcuSense<\/h1>\n<ul>\n<li>Im\u00e1genes de alta calidad con resoluci\u00f3n de 4 MP<\/li>\n<li>Im\u00e1genes n\u00edtidas contra una fuerte luz de fondo gracias a la tecnolog\u00eda WDR de 120 dB<\/li>\n<li>Tecnolog\u00eda de compresi\u00f3n eficiente H.265+<\/li>\n<li>-U: Micr\u00f3fono incorporado para seguridad de audio en tiempo real<\/li>\n<li>Resistente al agua y al polvo (IP67)<\/li>\n<li>Centrarse en la clasificaci\u00f3n de objetivos humanos y de veh\u00edculos basada en el aprendizaje profundo<\/li>\n<\/ul>\n","protected":false},"featured_media":749,"template":"","meta":{"om_disable_all_campaigns":false,"_monsterinsights_skip_tracking":false,"_monsterinsights_sitenote_active":false,"_monsterinsights_sitenote_note":"","_monsterinsights_sitenote_category":0,"_joinchat":[]},"product_brand":[],"product_cat":[40],"product_tag":[],"class_list":{"0":"post-756","1":"product","2":"type-product","3":"status-publish","4":"has-post-thumbnail","6":"product_cat-camaras-de-red","8":"first","9":"instock","10":"shipping-taxable","11":"product-type-simple"},"aioseo_notices":[],"yoast_head":"<!-- This site is optimized with the Yoast SEO plugin v22.1 - https:\/\/yoast.com\/wordpress\/plugins\/seo\/ -->\n<title>DS-2CD2086G2-I(U) - Productos MV PERCEPTION<\/title>\n<meta name=\"robots\" content=\"index, follow, max-snippet:-1, max-image-preview:large, max-video-preview:-1\" \/>\n<link rel=\"canonical\" href=\"https:\/\/producto.mvperception.com\/index.php\/producto\/camara-de-red-tipo-bala-fija-acusense-con-luz-estroboscopica-y-advertencia-sonora-de-6-mp\/\" \/>\n<meta property=\"og:locale\" content=\"en_US\" \/>\n<meta property=\"og:type\" content=\"article\" \/>\n<meta property=\"og:title\" content=\"DS-2CD2086G2-I(U) - Productos MV PERCEPTION\" \/>\n<meta property=\"og:description\" content=\"C\u00e1mara De Red Mini Bala Fija 4K AcuSense   Im\u00e1genes de alta calidad con resoluci\u00f3n de 4 MP  Im\u00e1genes n\u00edtidas contra una fuerte luz de fondo gracias a la tecnolog\u00eda WDR de 120 dB  Tecnolog\u00eda de compresi\u00f3n eficiente H.265+  -U: Micr\u00f3fono incorporado para seguridad de audio en tiempo real  Resistente al agua y al polvo (IP67)  Centrarse en la clasificaci\u00f3n de objetivos humanos y de veh\u00edculos basada en el aprendizaje profundo\" \/>\n<meta property=\"og:url\" content=\"https:\/\/producto.mvperception.com\/index.php\/producto\/camara-de-red-tipo-bala-fija-acusense-con-luz-estroboscopica-y-advertencia-sonora-de-6-mp\/\" \/>\n<meta property=\"og:site_name\" content=\"Productos MV PERCEPTION\" \/>\n<meta property=\"article:publisher\" content=\"https:\/\/www.facebook.com\/mvperception\/?ref=bookmarks\" \/>\n<meta property=\"article:modified_time\" content=\"2023-12-27T15:46:32+00:00\" \/>\n<meta property=\"og:image\" content=\"https:\/\/producto.mvperception.com\/wp-content\/uploads\/2023\/12\/\u7b52\u673a91-\u6d77\u5916-\u5de6\u9762.png.thumb_.1280.1280.png\" \/>\n\t<meta property=\"og:image:width\" content=\"800\" \/>\n\t<meta property=\"og:image:height\" content=\"800\" \/>\n\t<meta property=\"og:image:type\" content=\"image\/png\" \/>\n<meta name=\"twitter:card\" content=\"summary_large_image\" \/>\n<script type=\"application\/ld+json\" class=\"yoast-schema-graph\">{\"@context\":\"https:\/\/schema.org\",\"@graph\":[{\"@type\":\"WebPage\",\"@id\":\"https:\/\/producto.mvperception.com\/index.php\/producto\/camara-de-red-tipo-bala-fija-acusense-con-luz-estroboscopica-y-advertencia-sonora-de-6-mp\/\",\"url\":\"https:\/\/producto.mvperception.com\/index.php\/producto\/camara-de-red-tipo-bala-fija-acusense-con-luz-estroboscopica-y-advertencia-sonora-de-6-mp\/\",\"name\":\"DS-2CD2086G2-I(U) - Productos MV PERCEPTION\",\"isPartOf\":{\"@id\":\"https:\/\/producto.mvperception.com\/#website\"},\"datePublished\":\"2023-12-19T08:39:16+00:00\",\"dateModified\":\"2023-12-27T15:46:32+00:00\",\"breadcrumb\":{\"@id\":\"https:\/\/producto.mvperception.com\/index.php\/producto\/camara-de-red-tipo-bala-fija-acusense-con-luz-estroboscopica-y-advertencia-sonora-de-6-mp\/#breadcrumb\"},\"inLanguage\":\"en-US\",\"potentialAction\":[{\"@type\":\"ReadAction\",\"target\":[\"https:\/\/producto.mvperception.com\/index.php\/producto\/camara-de-red-tipo-bala-fija-acusense-con-luz-estroboscopica-y-advertencia-sonora-de-6-mp\/\"]}]},{\"@type\":\"BreadcrumbList\",\"@id\":\"https:\/\/producto.mvperception.com\/index.php\/producto\/camara-de-red-tipo-bala-fija-acusense-con-luz-estroboscopica-y-advertencia-sonora-de-6-mp\/#breadcrumb\",\"itemListElement\":[{\"@type\":\"ListItem\",\"position\":1,\"name\":\"Portada\",\"item\":\"https:\/\/producto.mvperception.com\/\"},{\"@type\":\"ListItem\",\"position\":2,\"name\":\"DS-2CD2086G2-I(U)\"}]},{\"@type\":\"WebSite\",\"@id\":\"https:\/\/producto.mvperception.com\/#website\",\"url\":\"https:\/\/producto.mvperception.com\/\",\"name\":\"Productos MV PERCEPTION\",\"description\":\"\",\"publisher\":{\"@id\":\"https:\/\/producto.mvperception.com\/#organization\"},\"potentialAction\":[{\"@type\":\"SearchAction\",\"target\":{\"@type\":\"EntryPoint\",\"urlTemplate\":\"https:\/\/producto.mvperception.com\/?s={search_term_string}\"},\"query-input\":\"required name=search_term_string\"}],\"inLanguage\":\"en-US\"},{\"@type\":\"Organization\",\"@id\":\"https:\/\/producto.mvperception.com\/#organization\",\"name\":\"Productos MV PERCEPTION\",\"url\":\"https:\/\/producto.mvperception.com\/\",\"logo\":{\"@type\":\"ImageObject\",\"inLanguage\":\"en-US\",\"@id\":\"https:\/\/producto.mvperception.com\/#\/schema\/logo\/image\/\",\"url\":\"https:\/\/producto.mvperception.com\/wp-content\/uploads\/2023\/10\/cropped-cropped-logo-mv.png\",\"contentUrl\":\"https:\/\/producto.mvperception.com\/wp-content\/uploads\/2023\/10\/cropped-cropped-logo-mv.png\",\"width\":426,\"height\":61,\"caption\":\"Productos MV PERCEPTION\"},\"image\":{\"@id\":\"https:\/\/producto.mvperception.com\/#\/schema\/logo\/image\/\"},\"sameAs\":[\"https:\/\/www.facebook.com\/mvperception\/?ref=bookmarks\",\"https:\/\/www.instagram.com\/mvperception\/\",\"https:\/\/www.linkedin.com\/company\/mvperception\/\"]}]}<\/script>\n<!-- \/ Yoast SEO plugin. -->","yoast_head_json":{"title":"DS-2CD2086G2-I(U) - Productos MV PERCEPTION","robots":{"index":"index","follow":"follow","max-snippet":"max-snippet:-1","max-image-preview":"max-image-preview:large","max-video-preview":"max-video-preview:-1"},"canonical":"https:\/\/producto.mvperception.com\/index.php\/producto\/camara-de-red-tipo-bala-fija-acusense-con-luz-estroboscopica-y-advertencia-sonora-de-6-mp\/","og_locale":"en_US","og_type":"article","og_title":"DS-2CD2086G2-I(U) - Productos MV PERCEPTION","og_description":"C\u00e1mara De Red Mini Bala Fija 4K AcuSense   Im\u00e1genes de alta calidad con resoluci\u00f3n de 4 MP  Im\u00e1genes n\u00edtidas contra una fuerte luz de fondo gracias a la tecnolog\u00eda WDR de 120 dB  Tecnolog\u00eda de compresi\u00f3n eficiente H.265+  -U: Micr\u00f3fono incorporado para seguridad de audio en tiempo real  Resistente al agua y al polvo (IP67)  Centrarse en la clasificaci\u00f3n de objetivos humanos y de veh\u00edculos basada en el aprendizaje profundo","og_url":"https:\/\/producto.mvperception.com\/index.php\/producto\/camara-de-red-tipo-bala-fija-acusense-con-luz-estroboscopica-y-advertencia-sonora-de-6-mp\/","og_site_name":"Productos MV PERCEPTION","article_publisher":"https:\/\/www.facebook.com\/mvperception\/?ref=bookmarks","article_modified_time":"2023-12-27T15:46:32+00:00","og_image":[{"width":800,"height":800,"url":"https:\/\/producto.mvperception.com\/wp-content\/uploads\/2023\/12\/\u7b52\u673a91-\u6d77\u5916-\u5de6\u9762.png.thumb_.1280.1280.png","type":"image\/png"}],"twitter_card":"summary_large_image","schema":{"@context":"https:\/\/schema.org","@graph":[{"@type":"WebPage","@id":"https:\/\/producto.mvperception.com\/index.php\/producto\/camara-de-red-tipo-bala-fija-acusense-con-luz-estroboscopica-y-advertencia-sonora-de-6-mp\/","url":"https:\/\/producto.mvperception.com\/index.php\/producto\/camara-de-red-tipo-bala-fija-acusense-con-luz-estroboscopica-y-advertencia-sonora-de-6-mp\/","name":"DS-2CD2086G2-I(U) - Productos MV PERCEPTION","isPartOf":{"@id":"https:\/\/producto.mvperception.com\/#website"},"datePublished":"2023-12-19T08:39:16+00:00","dateModified":"2023-12-27T15:46:32+00:00","breadcrumb":{"@id":"https:\/\/producto.mvperception.com\/index.php\/producto\/camara-de-red-tipo-bala-fija-acusense-con-luz-estroboscopica-y-advertencia-sonora-de-6-mp\/#breadcrumb"},"inLanguage":"en-US","potentialAction":[{"@type":"ReadAction","target":["https:\/\/producto.mvperception.com\/index.php\/producto\/camara-de-red-tipo-bala-fija-acusense-con-luz-estroboscopica-y-advertencia-sonora-de-6-mp\/"]}]},{"@type":"BreadcrumbList","@id":"https:\/\/producto.mvperception.com\/index.php\/producto\/camara-de-red-tipo-bala-fija-acusense-con-luz-estroboscopica-y-advertencia-sonora-de-6-mp\/#breadcrumb","itemListElement":[{"@type":"ListItem","position":1,"name":"Portada","item":"https:\/\/producto.mvperception.com\/"},{"@type":"ListItem","position":2,"name":"DS-2CD2086G2-I(U)"}]},{"@type":"WebSite","@id":"https:\/\/producto.mvperception.com\/#website","url":"https:\/\/producto.mvperception.com\/","name":"Productos MV PERCEPTION","description":"","publisher":{"@id":"https:\/\/producto.mvperception.com\/#organization"},"potentialAction":[{"@type":"SearchAction","target":{"@type":"EntryPoint","urlTemplate":"https:\/\/producto.mvperception.com\/?s={search_term_string}"},"query-input":"required name=search_term_string"}],"inLanguage":"en-US"},{"@type":"Organization","@id":"https:\/\/producto.mvperception.com\/#organization","name":"Productos MV PERCEPTION","url":"https:\/\/producto.mvperception.com\/","logo":{"@type":"ImageObject","inLanguage":"en-US","@id":"https:\/\/producto.mvperception.com\/#\/schema\/logo\/image\/","url":"https:\/\/producto.mvperception.com\/wp-content\/uploads\/2023\/10\/cropped-cropped-logo-mv.png","contentUrl":"https:\/\/producto.mvperception.com\/wp-content\/uploads\/2023\/10\/cropped-cropped-logo-mv.png","width":426,"height":61,"caption":"Productos MV PERCEPTION"},"image":{"@id":"https:\/\/producto.mvperception.com\/#\/schema\/logo\/image\/"},"sameAs":["https:\/\/www.facebook.com\/mvperception\/?ref=bookmarks","https:\/\/www.instagram.com\/mvperception\/","https:\/\/www.linkedin.com\/company\/mvperception\/"]}]}},"_links":{"self":[{"href":"https:\/\/producto.mvperception.com\/index.php\/wp-json\/wp\/v2\/product\/756","targetHints":{"allow":["GET"]}}],"collection":[{"href":"https:\/\/producto.mvperception.com\/index.php\/wp-json\/wp\/v2\/product"}],"about":[{"href":"https:\/\/producto.mvperception.com\/index.php\/wp-json\/wp\/v2\/types\/product"}],"wp:featuredmedia":[{"embeddable":true,"href":"https:\/\/producto.mvperception.com\/index.php\/wp-json\/wp\/v2\/media\/749"}],"wp:attachment":[{"href":"https:\/\/producto.mvperception.com\/index.php\/wp-json\/wp\/v2\/media?parent=756"}],"wp:term":[{"taxonomy":"product_brand","embeddable":true,"href":"https:\/\/producto.mvperception.com\/index.php\/wp-json\/wp\/v2\/product_brand?post=756"},{"taxonomy":"product_cat","embeddable":true,"href":"https:\/\/producto.mvperception.com\/index.php\/wp-json\/wp\/v2\/product_cat?post=756"},{"taxonomy":"product_tag","embeddable":true,"href":"https:\/\/producto.mvperception.com\/index.php\/wp-json\/wp\/v2\/product_tag?post=756"}],"curies":[{"name":"wp","href":"https:\/\/api.w.org\/{rel}","templated":true}]}}