{"id":831,"date":"2023-12-27T14:25:49","date_gmt":"2023-12-27T14:25:49","guid":{"rendered":"https:\/\/producto.mvperception.com\/?post_type=product&#038;p=831"},"modified":"2024-02-06T15:36:49","modified_gmt":"2024-02-06T15:36:49","slug":"ds-2se7c425mw-aeb-14f1-p3","status":"publish","type":"product","link":"https:\/\/producto.mvperception.com\/index.php\/producto\/ds-2se7c425mw-aeb-14f1-p3\/","title":{"rendered":"DS-2SE7C425MW-AEB-14F1-(P3)"},"content":{"rendered":"<div class=\"cmp-product-summary__rte\" role=\"description\"><\/div>\n<div class=\"cmp-product-summary__rte\" role=\"description\">\n<div class=\"columncontrol section\">\n<div class=\"column-control row\">\n<div class=\"col-md-6\">\n<div>\n<div class=\"imagecomponent section\">\n<p>&nbsp;<\/p>\n<\/div>\n<\/div>\n<\/div>\n<\/div>\n<\/div>\n<\/div>\n<div role=\"description\"><\/div>\n<div role=\"description\">\n<h2 class=\"main-heading\">Caracter\u00edsticas<\/h2>\n<\/div>\n<ul class=\"tech-specs-items-description\" data-target=\"Camera\">\n<li class=\"tech-specs-items-description-list\"><span class=\"tech-specs-items-description__title\">Sensor De Imagen<\/span><span class=\"tech-specs-items-description__title-details\">[Canal bala]: CMOS de escaneo progresivo de 1\/1,8&#8243;; [Canal PTZ]: CMOS de escaneo progresivo de 1\/1,8&#8243;<\/span><\/li>\n<li class=\"tech-specs-items-description-list\"><span class=\"tech-specs-items-description__title\">M\u00e1x.\u00a0Resoluci\u00f3n<\/span><span class=\"tech-specs-items-description__title-details\">[Canal bala] 2560 \u00d7 1440, [Canal PTZ] 2560 \u00d7 1440<\/span><\/li>\n<li class=\"tech-specs-items-description-list\"><span class=\"tech-specs-items-description__title\">M\u00edn.\u00a0Iluminaci\u00f3n <\/span>[Canal bala]: 0,0005 Lux @ (F1.0, AGC ON), 0 Lux con luz;<\/li>\n<li class=\"tech-specs-items-description-list\">[Canal PTZ]: Color: 0,005 Lux @ (F1.6, AGC ON), B\/N: 0,001 Lux @ (F1.6, AGC ON), 0 Lux con IR<\/li>\n<li class=\"tech-specs-items-description-list\"><span class=\"tech-specs-items-description__title\">Velocidad De Obturaci\u00f3n<\/span><span class=\"tech-specs-items-description__title-details\">1 s a 1\/30.000 s<\/span><\/li>\n<li class=\"tech-specs-items-description-list\"><span class=\"tech-specs-items-description__title\">D\u00eda Y Noche <\/span><span class=\"tech-specs-items-description__title-details\">ICR<\/span><\/li>\n<li class=\"tech-specs-items-description-list\"><span class=\"tech-specs-items-description__title\">Zoom<\/span><span class=\"tech-specs-items-description__title-details\">[Canal PTZ] 25 \u00d7 \u00f3ptico, 16 \u00d7 digital<\/span><\/li>\n<li class=\"tech-specs-items-description-list\"><span class=\"tech-specs-items-description__title\">Obturador Lento <\/span><span class=\"tech-specs-items-description__title-details\">S\u00ed<\/span><\/li>\n<li class=\"tech-specs-items-description-list\"><span class=\"tech-specs-items-description__title\">CHL <\/span><span class=\"tech-specs-items-description__title-details\">S\u00ed<\/span><\/li>\n<li class=\"tech-specs-items-description-list\"><span class=\"tech-specs-items-description__title\">3D DNR <\/span><span class=\"tech-specs-items-description__title-details\">S\u00ed<\/span><\/li>\n<\/ul>\n<p>&nbsp;<\/p>\n<div data-id=\"4babdf8\" data-element_type=\"column\">\n<div class=\"elementor-element elementor-element-396bd85 elementor-widget elementor-widget-text-editor\" data-id=\"396bd85\" data-element_type=\"widget\" data-widget_type=\"text-editor.default\">\n<h2 class=\"main-heading\">Cotizar\u00a0\ud83d\udc47\u00a0(complete el formulario)<\/h2>\n<\/div>\n<\/div>\n<div role=\"description\">\n<div data-test='contact-form' id='contact-form-831' class='wp-block-jetpack-contact-form-container '>\n<form action='https:\/\/producto.mvperception.com\/index.php\/producto\/ds-2se7c425mw-aeb-14f1-p3\/#contact-form-831' method='post' class='contact-form commentsblock'>\n<script>\n\t\t\t( function () {\n\t\t\t\tconst contact_forms = document.getElementsByClassName('contact-form');\n\n\t\t\t\tfor ( const form of contact_forms ) {\n\t\t\t\t\tform.onsubmit = function() {\n\t\t\t\t\t\tconst buttons = form.getElementsByTagName('button');\n\n\t\t\t\t\t\tfor( const button of buttons ) {\n\t\t\t\t\t\t\tbutton.setAttribute('disabled', true);\n\t\t\t\t\t\t}\n\t\t\t\t\t}\n\t\t\t\t}\n\t\t\t} )();\n\t\t<\/script>\n<div style=\"\" class='grunion-field-name-wrap grunion-field-wrap'  >\n<label\n\t\t\t\tfor='g831-nombre'\n\t\t\t\tclass='grunion-field-label name'>Nombre<span>(required)<\/span><\/label>\n<input\n\t\t\t\t\ttype='text'\n\t\t\t\t\tname='g831-nombre'\n\t\t\t\t\tid='g831-nombre'\n\t\t\t\t\tvalue=''\n\t\t\t\t\tclass='name  grunion-field' \n\t\t\t\t\trequired aria-required='true' \/>\n\t<\/div>\n\n<div style=\"\" class='grunion-field-email-wrap grunion-field-wrap'  >\n<label\n\t\t\t\tfor='g831-correoelectrnico'\n\t\t\t\tclass='grunion-field-label email'>Correo electr\u00f3nico<span>(required)<\/span><\/label>\n<input\n\t\t\t\t\ttype='email'\n\t\t\t\t\tname='g831-correoelectrnico'\n\t\t\t\t\tid='g831-correoelectrnico'\n\t\t\t\t\tvalue=''\n\t\t\t\t\tclass='email  grunion-field' \n\t\t\t\t\trequired aria-required='true' \/>\n\t<\/div>\n\n<div style=\"\" class='grunion-field-url-wrap grunion-field-wrap'  >\n<label\n\t\t\t\tfor='g831-web'\n\t\t\t\tclass='grunion-field-label url'>Web<\/label>\n<input\n\t\t\t\t\ttype='text'\n\t\t\t\t\tname='g831-web'\n\t\t\t\t\tid='g831-web'\n\t\t\t\t\tvalue=''\n\t\t\t\t\tclass='url  grunion-field' \n\t\t\t\t\ttitle=\"Please enter a valid URL - https:\/\/www.example.com\" oninvalid=\"setCustomValidity(&quot;Please enter a valid URL - https:\/\/www.example.com&quot;)\" oninput=\"setCustomValidity(&quot;&quot;)\" pattern=\"(([:\\\/a-zA-Z0-9_\\-]+)?(\\.[a-zA-Z0-9_\\-\\\/]+)+)\" data-type-override=\"url\"  \/>\n\t<\/div>\n\n<div style=\"\" class='grunion-field-textarea-wrap grunion-field-wrap'  >\n<label\n\t\t\t\tfor='contact-form-comment-g831-mensaje'\n\t\t\t\tclass='grunion-field-label textarea'>Mensaje<\/label>\n<textarea\n\t\t                style=''\n\t\t                name='g831-mensaje'\n\t\t                id='contact-form-comment-g831-mensaje'\n\t\t                rows='20' class='textarea  grunion-field'  ><\/textarea>\n\t<\/div>\n\t<p class='contact-submit'>\n\t\t<button type='submit' class='pushbutton-wide'>Submit<\/button>\t\t<input type='hidden' name='contact-form-id' value='831' \/>\n\t\t<input type='hidden' name='action' value='grunion-contact-form' \/>\n\t\t<input type='hidden' name='contact-form-hash' value='e74c29d5d1f32b8f05079579e50b5fc000a24965' \/>\n\t<\/p>\n<\/form>\n<\/div>\n<\/div>\n<p>&nbsp;<\/p>\n<p>&nbsp;<\/p>\n<h1><a href=\"https:\/\/producto.mvperception.com\/wp-content\/uploads\/2023\/12\/Datasheet-of-DS-2SE7C432MWG-EB_26F0_V5.8.0_20230309.pdf\" target=\"_blank\" rel=\"noopener\"><strong>\ud83d\udc49<img loading=\"lazy\" decoding=\"async\" data-attachment-id=\"288\" data-permalink=\"https:\/\/producto.mvperception.com\/?attachment_id=288\" data-orig-file=\"https:\/\/producto.mvperception.com\/wp-content\/uploads\/2023\/09\/BOTON-FICHA-TECNICA.png\" data-orig-size=\"320,100\" data-comments-opened=\"1\" data-image-meta=\"{&quot;aperture&quot;:&quot;0&quot;,&quot;credit&quot;:&quot;&quot;,&quot;camera&quot;:&quot;&quot;,&quot;caption&quot;:&quot;&quot;,&quot;created_timestamp&quot;:&quot;0&quot;,&quot;copyright&quot;:&quot;&quot;,&quot;focal_length&quot;:&quot;0&quot;,&quot;iso&quot;:&quot;0&quot;,&quot;shutter_speed&quot;:&quot;0&quot;,&quot;title&quot;:&quot;&quot;,&quot;orientation&quot;:&quot;0&quot;}\" data-image-title=\"BOTON FICHA TECNICA\" data-image-description=\"\" data-image-caption=\"\" data-medium-file=\"https:\/\/producto.mvperception.com\/wp-content\/uploads\/2023\/09\/BOTON-FICHA-TECNICA-300x94.png\" data-large-file=\"https:\/\/producto.mvperception.com\/wp-content\/uploads\/2023\/09\/BOTON-FICHA-TECNICA.png\" class=\"alignnone size-medium wp-image-288\" src=\"https:\/\/producto.mvperception.com\/wp-content\/uploads\/2023\/09\/BOTON-FICHA-TECNICA-300x94.png\" sizes=\"(max-width: 300px) 100vw, 300px\" srcset=\"https:\/\/producto.mvperception.com\/wp-content\/uploads\/2023\/09\/BOTON-FICHA-TECNICA-300x94.png 300w, https:\/\/producto.mvperception.com\/wp-content\/uploads\/2023\/09\/BOTON-FICHA-TECNICA.png 320w\" alt=\"\" width=\"300\" height=\"94\" data-attachment-id=\"288\" data-permalink=\"https:\/\/producto.mvperception.com\/?attachment_id=288\" data-orig-file=\"https:\/\/producto.mvperception.com\/wp-content\/uploads\/2023\/09\/BOTON-FICHA-TECNICA.png\" data-orig-size=\"320,100\" data-comments-opened=\"1\" data-image-meta=\"{&quot;aperture&quot;:&quot;0&quot;,&quot;credit&quot;:&quot;&quot;,&quot;camera&quot;:&quot;&quot;,&quot;caption&quot;:&quot;&quot;,&quot;created_timestamp&quot;:&quot;0&quot;,&quot;copyright&quot;:&quot;&quot;,&quot;focal_length&quot;:&quot;0&quot;,&quot;iso&quot;:&quot;0&quot;,&quot;shutter_speed&quot;:&quot;0&quot;,&quot;title&quot;:&quot;&quot;,&quot;orientation&quot;:&quot;0&quot;}\" data-image-title=\"BOTON FICHA TECNICA\" data-image-description=\"\" data-image-caption=\"\" data-medium-file=\"https:\/\/producto.mvperception.com\/wp-content\/uploads\/2023\/09\/BOTON-FICHA-TECNICA-300x94.png\" data-large-file=\"https:\/\/producto.mvperception.com\/wp-content\/uploads\/2023\/09\/BOTON-FICHA-TECNICA.png\" \/><\/strong><\/a><\/h1>\n","protected":false},"excerpt":{"rendered":"<h2 class=\"prod_name\"><span class=\"prod_name-content\">Domo de velocidad de red IR y colorido TandemVu de 7 pulgadas, 4 MP, 25 aumentos<\/span><\/h2>\n<p>&nbsp;<\/p>\n<p>&nbsp;<\/p>\n<p>&nbsp;<\/p>\n<ul class=\"product_description_item-list\">\n<li class=\"product_description_item\">Captura un \u00e1rea grande y grandes detalles al mismo tiempo<\/li>\n<li class=\"product_description_item\">Im\u00e1genes de alta calidad con resoluci\u00f3n de 4 MP<\/li>\n<li class=\"product_description_item\">Excelente rendimiento en condiciones de poca luz con tecnolog\u00eda impulsada por DarkFighter<\/li>\n<li class=\"product_description_item\">Asegura un \u00e1rea amplia con zoom \u00f3ptico de 25\u00d7 y zoom digital de 16\u00d7<\/li>\n<li class=\"product_description_item\">Admite WDR, HLC, BLC, 3D DNR, desempa\u00f1ado, exposici\u00f3n regional, enfoque regional<\/li>\n<li class=\"product_description_item\">Amplia vista nocturna con una distancia IR de hasta 200 m<\/li>\n<li class=\"product_description_item\">Admite 24 VCA y Hi-PoE<\/li>\n<li class=\"product_description_item\">Luz estrobosc\u00f3pica activa y alarma sonora para advertir a los intrusos.<\/li>\n<\/ul>\n","protected":false},"featured_media":1101,"template":"","meta":{"_joinchat":[]},"product_cat":[41],"product_tag":[],"yoast_head":"<!-- This site is optimized with the Yoast SEO plugin v22.1 - https:\/\/yoast.com\/wordpress\/plugins\/seo\/ -->\n<title>DS-2SE7C425MW-AEB-14F1-(P3) - Productos MV PERCEPTION<\/title>\n<meta name=\"robots\" content=\"index, follow, max-snippet:-1, max-image-preview:large, max-video-preview:-1\" \/>\n<link rel=\"canonical\" href=\"https:\/\/producto.mvperception.com\/index.php\/producto\/ds-2se7c425mw-aeb-14f1-p3\/\" \/>\n<meta property=\"og:locale\" content=\"en_US\" \/>\n<meta property=\"og:type\" content=\"article\" \/>\n<meta property=\"og:title\" content=\"DS-2SE7C425MW-AEB-14F1-(P3) - Productos MV PERCEPTION\" \/>\n<meta property=\"og:description\" content=\"Domo de velocidad de red IR y colorido TandemVu de 7 pulgadas, 4 MP, 25 aumentos &nbsp;  &nbsp;  &nbsp;   Captura un \u00e1rea grande y grandes detalles al mismo tiempo  Im\u00e1genes de alta calidad con resoluci\u00f3n de 4 MP  Excelente rendimiento en condiciones de poca luz con tecnolog\u00eda impulsada por DarkFighter  Asegura un \u00e1rea amplia con zoom \u00f3ptico de 25\u00d7 y zoom digital de 16\u00d7  Admite WDR, HLC, BLC, 3D DNR, desempa\u00f1ado, exposici\u00f3n regional, enfoque regional  Amplia vista nocturna con una distancia IR de hasta 200 m  Admite 24 VCA y Hi-PoE  Luz estrobosc\u00f3pica activa y alarma sonora para advertir a los intrusos.\" \/>\n<meta property=\"og:url\" content=\"https:\/\/producto.mvperception.com\/index.php\/producto\/ds-2se7c425mw-aeb-14f1-p3\/\" \/>\n<meta property=\"og:site_name\" content=\"Productos MV PERCEPTION\" \/>\n<meta property=\"article:publisher\" content=\"https:\/\/www.facebook.com\/mvperception\/?ref=bookmarks\" \/>\n<meta property=\"article:modified_time\" content=\"2024-02-06T15:36:49+00:00\" \/>\n<meta property=\"og:image\" content=\"https:\/\/producto.mvperception.com\/wp-content\/uploads\/2023\/12\/HIK-VISION-6.png\" \/>\n\t<meta property=\"og:image:width\" content=\"800\" \/>\n\t<meta property=\"og:image:height\" content=\"422\" \/>\n\t<meta property=\"og:image:type\" content=\"image\/png\" \/>\n<meta name=\"twitter:card\" content=\"summary_large_image\" \/>\n<meta name=\"twitter:label1\" content=\"Est. reading time\" \/>\n\t<meta name=\"twitter:data1\" content=\"1 minute\" \/>\n<script type=\"application\/ld+json\" class=\"yoast-schema-graph\">{\"@context\":\"https:\/\/schema.org\",\"@graph\":[{\"@type\":\"WebPage\",\"@id\":\"https:\/\/producto.mvperception.com\/index.php\/producto\/ds-2se7c425mw-aeb-14f1-p3\/\",\"url\":\"https:\/\/producto.mvperception.com\/index.php\/producto\/ds-2se7c425mw-aeb-14f1-p3\/\",\"name\":\"DS-2SE7C425MW-AEB-14F1-(P3) - Productos MV PERCEPTION\",\"isPartOf\":{\"@id\":\"https:\/\/producto.mvperception.com\/#website\"},\"datePublished\":\"2023-12-27T14:25:49+00:00\",\"dateModified\":\"2024-02-06T15:36:49+00:00\",\"breadcrumb\":{\"@id\":\"https:\/\/producto.mvperception.com\/index.php\/producto\/ds-2se7c425mw-aeb-14f1-p3\/#breadcrumb\"},\"inLanguage\":\"en-US\",\"potentialAction\":[{\"@type\":\"ReadAction\",\"target\":[\"https:\/\/producto.mvperception.com\/index.php\/producto\/ds-2se7c425mw-aeb-14f1-p3\/\"]}]},{\"@type\":\"BreadcrumbList\",\"@id\":\"https:\/\/producto.mvperception.com\/index.php\/producto\/ds-2se7c425mw-aeb-14f1-p3\/#breadcrumb\",\"itemListElement\":[{\"@type\":\"ListItem\",\"position\":1,\"name\":\"Portada\",\"item\":\"https:\/\/producto.mvperception.com\/\"},{\"@type\":\"ListItem\",\"position\":2,\"name\":\"DS-2SE7C425MW-AEB-14F1-(P3)\"}]},{\"@type\":\"WebSite\",\"@id\":\"https:\/\/producto.mvperception.com\/#website\",\"url\":\"https:\/\/producto.mvperception.com\/\",\"name\":\"Productos MV PERCEPTION\",\"description\":\"\",\"publisher\":{\"@id\":\"https:\/\/producto.mvperception.com\/#organization\"},\"potentialAction\":[{\"@type\":\"SearchAction\",\"target\":{\"@type\":\"EntryPoint\",\"urlTemplate\":\"https:\/\/producto.mvperception.com\/?s={search_term_string}\"},\"query-input\":\"required name=search_term_string\"}],\"inLanguage\":\"en-US\"},{\"@type\":\"Organization\",\"@id\":\"https:\/\/producto.mvperception.com\/#organization\",\"name\":\"Productos MV PERCEPTION\",\"url\":\"https:\/\/producto.mvperception.com\/\",\"logo\":{\"@type\":\"ImageObject\",\"inLanguage\":\"en-US\",\"@id\":\"https:\/\/producto.mvperception.com\/#\/schema\/logo\/image\/\",\"url\":\"https:\/\/producto.mvperception.com\/wp-content\/uploads\/2023\/10\/cropped-cropped-logo-mv.png\",\"contentUrl\":\"https:\/\/producto.mvperception.com\/wp-content\/uploads\/2023\/10\/cropped-cropped-logo-mv.png\",\"width\":426,\"height\":61,\"caption\":\"Productos MV PERCEPTION\"},\"image\":{\"@id\":\"https:\/\/producto.mvperception.com\/#\/schema\/logo\/image\/\"},\"sameAs\":[\"https:\/\/www.facebook.com\/mvperception\/?ref=bookmarks\",\"https:\/\/www.instagram.com\/mvperception\/\",\"https:\/\/www.linkedin.com\/company\/mvperception\/\"]}]}<\/script>\n<!-- \/ Yoast SEO plugin. -->","yoast_head_json":{"title":"DS-2SE7C425MW-AEB-14F1-(P3) - Productos MV PERCEPTION","robots":{"index":"index","follow":"follow","max-snippet":"max-snippet:-1","max-image-preview":"max-image-preview:large","max-video-preview":"max-video-preview:-1"},"canonical":"https:\/\/producto.mvperception.com\/index.php\/producto\/ds-2se7c425mw-aeb-14f1-p3\/","og_locale":"en_US","og_type":"article","og_title":"DS-2SE7C425MW-AEB-14F1-(P3) - Productos MV PERCEPTION","og_description":"Domo de velocidad de red IR y colorido TandemVu de 7 pulgadas, 4 MP, 25 aumentos &nbsp;  &nbsp;  &nbsp;   Captura un \u00e1rea grande y grandes detalles al mismo tiempo  Im\u00e1genes de alta calidad con resoluci\u00f3n de 4 MP  Excelente rendimiento en condiciones de poca luz con tecnolog\u00eda impulsada por DarkFighter  Asegura un \u00e1rea amplia con zoom \u00f3ptico de 25\u00d7 y zoom digital de 16\u00d7  Admite WDR, HLC, BLC, 3D DNR, desempa\u00f1ado, exposici\u00f3n regional, enfoque regional  Amplia vista nocturna con una distancia IR de hasta 200 m  Admite 24 VCA y Hi-PoE  Luz estrobosc\u00f3pica activa y alarma sonora para advertir a los intrusos.","og_url":"https:\/\/producto.mvperception.com\/index.php\/producto\/ds-2se7c425mw-aeb-14f1-p3\/","og_site_name":"Productos MV PERCEPTION","article_publisher":"https:\/\/www.facebook.com\/mvperception\/?ref=bookmarks","article_modified_time":"2024-02-06T15:36:49+00:00","og_image":[{"width":800,"height":422,"url":"https:\/\/producto.mvperception.com\/wp-content\/uploads\/2023\/12\/HIK-VISION-6.png","type":"image\/png"}],"twitter_card":"summary_large_image","twitter_misc":{"Est. reading time":"1 minute"},"schema":{"@context":"https:\/\/schema.org","@graph":[{"@type":"WebPage","@id":"https:\/\/producto.mvperception.com\/index.php\/producto\/ds-2se7c425mw-aeb-14f1-p3\/","url":"https:\/\/producto.mvperception.com\/index.php\/producto\/ds-2se7c425mw-aeb-14f1-p3\/","name":"DS-2SE7C425MW-AEB-14F1-(P3) - Productos MV PERCEPTION","isPartOf":{"@id":"https:\/\/producto.mvperception.com\/#website"},"datePublished":"2023-12-27T14:25:49+00:00","dateModified":"2024-02-06T15:36:49+00:00","breadcrumb":{"@id":"https:\/\/producto.mvperception.com\/index.php\/producto\/ds-2se7c425mw-aeb-14f1-p3\/#breadcrumb"},"inLanguage":"en-US","potentialAction":[{"@type":"ReadAction","target":["https:\/\/producto.mvperception.com\/index.php\/producto\/ds-2se7c425mw-aeb-14f1-p3\/"]}]},{"@type":"BreadcrumbList","@id":"https:\/\/producto.mvperception.com\/index.php\/producto\/ds-2se7c425mw-aeb-14f1-p3\/#breadcrumb","itemListElement":[{"@type":"ListItem","position":1,"name":"Portada","item":"https:\/\/producto.mvperception.com\/"},{"@type":"ListItem","position":2,"name":"DS-2SE7C425MW-AEB-14F1-(P3)"}]},{"@type":"WebSite","@id":"https:\/\/producto.mvperception.com\/#website","url":"https:\/\/producto.mvperception.com\/","name":"Productos MV PERCEPTION","description":"","publisher":{"@id":"https:\/\/producto.mvperception.com\/#organization"},"potentialAction":[{"@type":"SearchAction","target":{"@type":"EntryPoint","urlTemplate":"https:\/\/producto.mvperception.com\/?s={search_term_string}"},"query-input":"required name=search_term_string"}],"inLanguage":"en-US"},{"@type":"Organization","@id":"https:\/\/producto.mvperception.com\/#organization","name":"Productos MV PERCEPTION","url":"https:\/\/producto.mvperception.com\/","logo":{"@type":"ImageObject","inLanguage":"en-US","@id":"https:\/\/producto.mvperception.com\/#\/schema\/logo\/image\/","url":"https:\/\/producto.mvperception.com\/wp-content\/uploads\/2023\/10\/cropped-cropped-logo-mv.png","contentUrl":"https:\/\/producto.mvperception.com\/wp-content\/uploads\/2023\/10\/cropped-cropped-logo-mv.png","width":426,"height":61,"caption":"Productos MV PERCEPTION"},"image":{"@id":"https:\/\/producto.mvperception.com\/#\/schema\/logo\/image\/"},"sameAs":["https:\/\/www.facebook.com\/mvperception\/?ref=bookmarks","https:\/\/www.instagram.com\/mvperception\/","https:\/\/www.linkedin.com\/company\/mvperception\/"]}]}},"_links":{"self":[{"href":"https:\/\/producto.mvperception.com\/index.php\/wp-json\/wp\/v2\/product\/831"}],"collection":[{"href":"https:\/\/producto.mvperception.com\/index.php\/wp-json\/wp\/v2\/product"}],"about":[{"href":"https:\/\/producto.mvperception.com\/index.php\/wp-json\/wp\/v2\/types\/product"}],"wp:featuredmedia":[{"embeddable":true,"href":"https:\/\/producto.mvperception.com\/index.php\/wp-json\/wp\/v2\/media\/1101"}],"wp:attachment":[{"href":"https:\/\/producto.mvperception.com\/index.php\/wp-json\/wp\/v2\/media?parent=831"}],"wp:term":[{"taxonomy":"product_cat","embeddable":true,"href":"https:\/\/producto.mvperception.com\/index.php\/wp-json\/wp\/v2\/product_cat?post=831"},{"taxonomy":"product_tag","embeddable":true,"href":"https:\/\/producto.mvperception.com\/index.php\/wp-json\/wp\/v2\/product_tag?post=831"}],"curies":[{"name":"wp","href":"https:\/\/api.w.org\/{rel}","templated":true}]}}