{"id":954,"date":"2024-01-12T21:38:48","date_gmt":"2024-01-12T21:38:48","guid":{"rendered":"https:\/\/producto.mvperception.com\/?post_type=product&#038;p=954"},"modified":"2024-01-12T21:45:56","modified_gmt":"2024-01-12T21:45:56","slug":"lm45-mini-linear-light","status":"publish","type":"product","link":"https:\/\/producto.mvperception.com\/index.php\/producto\/lm45-mini-linear-light\/","title":{"rendered":"LM45 Mini Linear Light"},"content":{"rendered":"<section class=\"content-area\">\n<div class=\"text\">\n<div class=\"zebra-text\"><\/div>\n<\/div>\n<\/section>\n<div class=\"contentareacta\">\n<div class=\"text-jumbo text aem-GridColumn aem-GridColumn--default--12\">\n<section id=\"i7c4902a8be1dfa59393923ef32c9b39fc0befff589c51b3105e54ef250d40922\" class=\"cmp-text-jumbo\">\n<div class=\"text-jumbo text-left text-dark\">\n<div class=\"cmp-text\">\n<p>La luz lineal compacta LM45 cuenta con un controlador de corriente constante Multi-Drive \u2122 integrado que funciona en funcionamiento continuo o en modo estrobosc\u00f3pico OverDrive \u2122 seg\u00fan el m\u00e9todo de cableado. La luz se puede montar a trav\u00e9s de un canal con ranura en T trasera, tambi\u00e9n ofrece protecci\u00f3n contra sobre corriente y entradas de disparador de luz estrobosc\u00f3pica PNP y NPN. Con una carcasa de 51 mm de largo, el LM45 emite niveles de luz sin precedentes en uno de los espacios m\u00e1s peque\u00f1os de la industria.<\/p>\n<p>&nbsp;<\/p>\n<\/div>\n<div class=\"cmp-text\">\n<div class=\"cmp-product-summary__awards\">\n<div class=\"cmp-product-summary__rte\" role=\"description\"><\/div>\n<p>&nbsp;<\/p>\n<\/div>\n<\/div>\n<\/div>\n<\/section>\n<\/div>\n<div class=\"background responsivegrid aem-GridColumn aem-GridColumn--default--12 zbr-theme-container\">\n<div id=\"background-31ea5b7962\" class=\"cmp-container cmp-container-v2 cmp-container--2-col-50-50 \">\n<div class=\"cmp-container__wrapper\">\n<div class=\"aem-Grid aem-Grid--12 aem-Grid--default--12 \">\n<div class=\"responsivegrid aem-GridColumn--default--none aem-GridColumn aem-GridColumn--default--6 aem-GridColumn--offset--default--0\">\n<div class=\"aem-Grid aem-Grid--6 aem-Grid--default--6 \">\n<div class=\"image zbr-bg-cmp--pt-1 zbr-bg-cmp--pb-1 aem-GridColumn aem-GridColumn--default--6\">\n<div class=\"image-center\"><picture><source srcset=\"\/content\/dam\/zebra_dam\/global\/zcom-web-production\/web-production-graphics\/spec-sheet-assets\/tc5x-series-spec-sheet-asset-photography.jpg.imgw.3600.3600.jpg , \/content\/dam\/zebra_dam\/global\/zcom-web-production\/web-production-graphics\/spec-sheet-assets\/tc5x-series-spec-sheet-asset-photography.jpg.imgw.3600.3600.jpg\" media=\"(min-width: 1400px)\" \/><source srcset=\"\/content\/dam\/zebra_dam\/global\/zcom-web-production\/web-production-graphics\/spec-sheet-assets\/tc5x-series-spec-sheet-asset-photography.jpg.imgw.1920.1920.jpg , \/content\/dam\/zebra_dam\/global\/zcom-web-production\/web-production-graphics\/spec-sheet-assets\/tc5x-series-spec-sheet-asset-photography.jpg.imgw.3600.3600.jpg\" media=\"(min-width: 992px) and (max-width: 1399px)\" \/><source srcset=\"\/content\/dam\/zebra_dam\/global\/zcom-web-production\/web-production-graphics\/spec-sheet-assets\/tc5x-series-spec-sheet-asset-photography.jpg.imgw.1200.1200.jpg , \/content\/dam\/zebra_dam\/global\/zcom-web-production\/web-production-graphics\/spec-sheet-assets\/tc5x-series-spec-sheet-asset-photography.jpg.imgw.1920.1920.jpg\" media=\"(min-width: 768px) and (max-width: 991px)\" \/><source srcset=\"\/content\/dam\/zebra_dam\/global\/zcom-web-production\/web-production-graphics\/spec-sheet-assets\/tc5x-series-spec-sheet-asset-photography.jpg.imgw.600.600.jpg , \/content\/dam\/zebra_dam\/global\/zcom-web-production\/web-production-graphics\/spec-sheet-assets\/tc5x-series-spec-sheet-asset-photography.jpg.imgw.1200.1200.jpg\" media=\"(max-width: 767px)\" \/><\/picture><\/div>\n<\/div>\n<\/div>\n<\/div>\n<\/div>\n<\/div>\n<\/div>\n<\/div>\n<\/div>\n<div class=\"elementor-column elementor-col-50 elementor-inner-column elementor-element elementor-element-0186a2a ot-flex-column-vertical\" data-id=\"0186a2a\" data-element_type=\"column\">\n<div class=\"elementor-widget-wrap elementor-element-populated\">\n<div class=\"elementor-element elementor-element-df5a417 elementor-widget elementor-widget-iheading\" data-id=\"df5a417\" data-element_type=\"widget\" data-widget_type=\"iheading.default\">\n<div class=\"elementor-widget-container\">\n<div class=\"ot-heading\">\n<section class=\"elementor-section elementor-inner-section elementor-element elementor-element-7249696 elementor-section-full_width elementor-section-content-bottom ot-traditional elementor-section-height-default elementor-section-height-default\" data-id=\"7249696\" data-element_type=\"section\">\n<div class=\"elementor-container elementor-column-gap-default\">\n<div class=\"elementor-column elementor-col-50 elementor-inner-column elementor-element elementor-element-4babdf8 ot-flex-column-vertical\" data-id=\"4babdf8\" data-element_type=\"column\">\n<div class=\"elementor-widget-wrap\">\n<div class=\"text-jumbo text aem-GridColumn aem-GridColumn--default--6\">\n<section id=\"i83a9caa35b0755365d25fe45cce7e32c4687fd92cabb043218d3d1d1cc4157d3\" class=\"cmp-text-jumbo\">\n<div class=\"text-jumbo text-left text-dark\">\n<div class=\"cmp-text\">\n<div class=\"text-jumbo text aem-GridColumn aem-GridColumn--default--6\">\n<section id=\"i44634c9869366538d5dbc68e4f9e46d79bfa7ccf41d9acb79f79fa25fc797662\" class=\"cmp-text-jumbo\">\n<div class=\"text-jumbo text-left text-dark\">\n<div class=\"cmp-text\">\n<div class=\"text-jumbo text aem-GridColumn aem-GridColumn--default--6\">\n<section id=\"idf84dbbed62626432a5bb05e9a6a8ecc51466ad103cb22f1f2a1edcd4d42382e\" class=\"cmp-text-jumbo\">\n<div class=\"text-jumbo text-left text-dark\">\n<div class=\"cmp-text\">\n<div class=\"text-jumbo text aem-GridColumn aem-GridColumn--default--6\">\n<section id=\"id333df0ca4740c1816b27b14d79e68f0f7dae15dc859948be4f05128c2e9397b\" class=\"cmp-text-jumbo\">\n<div class=\"text-jumbo text-left text-dark\">\n<div class=\"cmp-text\">\n<h2 class=\"main-heading\"><b><span class=\"spec-sheet-caption\">Caracter\u00edsticas f\u00edsicas<\/span><\/b><\/h2>\n<div class=\"text-jumbo text aem-GridColumn aem-GridColumn--default--6\">\n<section id=\"ib5a623bf2f7a372a45a8beda7a68ccd4f5bf1acf47ae6e139edeb64dade4218e\" class=\"cmp-text-jumbo\">\n<div class=\"text-jumbo text-left text-dark\">\n<div class=\"cmp-text\">\n<ul class=\"product-list\">\n<li><strong>Tipo de iluminaci\u00f3n:<\/strong>Campo brillante, campo oscuro<\/li>\n<li><strong>Clasificaci\u00f3n del IP:<\/strong>IP65<\/li>\n<li><strong>Distancia m\u00ednima de trabajo:<\/strong>50mm<\/li>\n<li><strong>Distancia m\u00e1xima de trabajo:<\/strong>1000 mil\u00edmetros<\/li>\n<li><strong>Modo:<\/strong>MultiDrive\u2122<\/li>\n<\/ul>\n<\/div>\n<\/div>\n<\/section>\n<\/div>\n<\/div>\n<\/div>\n<p>&nbsp;<\/p>\n<\/section>\n<\/div>\n<\/div>\n<\/div>\n<\/section>\n<\/div>\n<\/div>\n<div class=\"text-jumbo text aem-GridColumn aem-GridColumn--default--6\">\n<section id=\"i4b3f1b4162700ebaa80de0ec33a9cb76abdd5fd8364be95d04e2198fbc3e3b7f\" class=\"cmp-text-jumbo\">\n<div class=\"text-jumbo text-left text-dark\">\n<div class=\"cmp-text\">\n<h2 class=\"main-heading\"><b><span class=\"spec-sheet-caption\">Ventajas del producto<\/span><\/b><\/h2>\n<ul class=\"product-list\">\n<li><a href=\"https:\/\/smartvisionlights.com\/built-in-driver\/\"><strong>Controlador incorporado:<\/strong><\/a>\u00a0esta luz cuenta con un controlador de corriente constante incorporado, no se necesita ning\u00fan controlador externo.<\/li>\n<li><a href=\"https:\/\/smartvisionlights.com\/iec-testing-lab\/\"><strong>Seguridad IEC:<\/strong><\/a>\u00a0esta luz cumple con los est\u00e1ndares IEC 62471 y ha sido probada en nuestro laboratorio de seguridad IEC interno.<\/li>\n<li><strong>Multi-Drive\u00a0<sup>\u2122<\/sup><\/strong>\u00a0Permite que la luz funcione en funcionamiento continuo o\u00a0en modo estrobosc\u00f3pico OverDrive\u00a0<sup>\u2122 .<\/sup><\/li>\n<li><strong>Tecnolog\u00eda SafeStrobe\u00a0<sup>\u2122<\/sup>\u00a0:<\/strong>\u00a0Esta tecnolog\u00eda \u00fanica aplica par\u00e1metros de trabajo seguros para garantizar que los LED no se da\u00f1en al llevarlos m\u00e1s all\u00e1 de sus l\u00edmites.<\/li>\n<li><a href=\"https:\/\/smartvisionlights.com\/best-lead-time\/\"><strong>Mejor plazo de entrega:<\/strong><\/a>\u00a0la mayor\u00eda de nuestros productos est\u00e1ndar se env\u00edan en un plazo de tres d\u00edas h\u00e1biles.<\/li>\n<li><a href=\"https:\/\/smartvisionlights.com\/10-year-warranty\/\"><strong>Mejor Garant\u00eda:<\/strong><\/a>\u00a010 a\u00f1os de garant\u00eda en la mayor\u00eda de nuestros productos<\/li>\n<\/ul>\n<\/div>\n<\/div>\n<\/section>\n<\/div>\n<\/div>\n<\/section>\n<\/div>\n<\/div>\n<\/div>\n<\/section>\n<\/div>\n<\/div>\n<\/div>\n<\/div>\n<\/section>\n<\/div>\n<\/div>\n<\/div>\n<\/div>\n<\/div>\n<p>&nbsp;<\/p>\n<div data-id=\"4babdf8\" data-element_type=\"column\">\n<div class=\"elementor-element elementor-element-396bd85 elementor-widget elementor-widget-text-editor\" data-id=\"396bd85\" data-element_type=\"widget\" data-widget_type=\"text-editor.default\">\n<h2 class=\"main-heading\">Cotizar \ud83d\udc47 (complete el formulario)<\/h2>\n<\/div>\n<\/div>\n<p>&nbsp;<\/p>\n<div data-test='contact-form' id='contact-form-954' class='wp-block-jetpack-contact-form-container '>\n<form action='https:\/\/producto.mvperception.com\/index.php\/producto\/lm45-mini-linear-light\/#contact-form-954' method='post' class='contact-form commentsblock'>\n<script>\n\t\t\t( function () {\n\t\t\t\tconst contact_forms = document.getElementsByClassName('contact-form');\n\n\t\t\t\tfor ( const form of contact_forms ) {\n\t\t\t\t\tform.onsubmit = function() {\n\t\t\t\t\t\tconst buttons = form.getElementsByTagName('button');\n\n\t\t\t\t\t\tfor( const button of buttons ) {\n\t\t\t\t\t\t\tbutton.setAttribute('disabled', true);\n\t\t\t\t\t\t}\n\t\t\t\t\t}\n\t\t\t\t}\n\t\t\t} )();\n\t\t<\/script>\n<div style=\"\" class='grunion-field-name-wrap grunion-field-wrap'  >\n<label\n\t\t\t\tfor='g954-nombre'\n\t\t\t\tclass='grunion-field-label name'>Nombre<span>(required)<\/span><\/label>\n<input\n\t\t\t\t\ttype='text'\n\t\t\t\t\tname='g954-nombre'\n\t\t\t\t\tid='g954-nombre'\n\t\t\t\t\tvalue=''\n\t\t\t\t\tclass='name  grunion-field' \n\t\t\t\t\trequired aria-required='true' \/>\n\t<\/div>\n\n<div style=\"\" class='grunion-field-email-wrap grunion-field-wrap'  >\n<label\n\t\t\t\tfor='g954-correoelectrnico'\n\t\t\t\tclass='grunion-field-label email'>Correo electr\u00f3nico<span>(required)<\/span><\/label>\n<input\n\t\t\t\t\ttype='email'\n\t\t\t\t\tname='g954-correoelectrnico'\n\t\t\t\t\tid='g954-correoelectrnico'\n\t\t\t\t\tvalue=''\n\t\t\t\t\tclass='email  grunion-field' \n\t\t\t\t\trequired aria-required='true' \/>\n\t<\/div>\n\n<div style=\"\" class='grunion-field-text-wrap grunion-field-wrap'  >\n<label\n\t\t\t\tfor='g954-celular'\n\t\t\t\tclass='grunion-field-label text'>Celular<span>(required)<\/span><\/label>\n<input\n\t\t\t\t\ttype='text'\n\t\t\t\t\tname='g954-celular'\n\t\t\t\t\tid='g954-celular'\n\t\t\t\t\tvalue=''\n\t\t\t\t\tclass='text  grunion-field' \n\t\t\t\t\trequired aria-required='true' \/>\n\t<\/div>\n\n<div style=\"\" class='grunion-field-text-wrap grunion-field-wrap'  >\n<label\n\t\t\t\tfor='g954-empresa'\n\t\t\t\tclass='grunion-field-label text'>Empresa <span>(required)<\/span><\/label>\n<input\n\t\t\t\t\ttype='text'\n\t\t\t\t\tname='g954-empresa'\n\t\t\t\t\tid='g954-empresa'\n\t\t\t\t\tvalue=''\n\t\t\t\t\tclass='text  grunion-field' \n\t\t\t\t\trequired aria-required='true' \/>\n\t<\/div>\n\n<div style=\"\" class='grunion-field-textarea-wrap grunion-field-wrap'  >\n<label\n\t\t\t\tfor='contact-form-comment-g954-mensaje'\n\t\t\t\tclass='grunion-field-label textarea'>Mensaje<\/label>\n<textarea\n\t\t                style=''\n\t\t                name='g954-mensaje'\n\t\t                id='contact-form-comment-g954-mensaje'\n\t\t                rows='20' class='textarea  grunion-field'  ><\/textarea>\n\t<\/div>\n\t<p class='contact-submit'>\n\t\t<button type='submit' class='pushbutton-wide'>Submit<\/button>\t\t<input type='hidden' name='contact-form-id' value='954' \/>\n\t\t<input type='hidden' name='action' value='grunion-contact-form' \/>\n\t\t<input type='hidden' name='contact-form-hash' value='11c4c4bc1d944dd2a9b3b6cccc48e9efd68355f9' \/>\n\t<\/p>\n<p style=\"display: none !important;\"><label>&#916;<textarea name=\"ak_hp_textarea\" cols=\"45\" rows=\"8\" maxlength=\"100\"><\/textarea><\/label><input type=\"hidden\" id=\"ak_js_1\" name=\"ak_js\" value=\"88\"\/><script>document.getElementById( \"ak_js_1\" ).setAttribute( \"value\", ( new Date() ).getTime() );<\/script><\/p><\/form>\n<\/div>\n<p>&nbsp;<\/p>\n<h1><\/h1>\n<h1><a href=\"https:\/\/producto.mvperception.com\/wp-content\/uploads\/2024\/01\/LM45_Datasheet.pdf\" target=\"_blank\" rel=\"noopener\"><strong>\ud83d\udc49<img loading=\"lazy\" decoding=\"async\" data-attachment-id=\"288\" data-permalink=\"https:\/\/producto.mvperception.com\/?attachment_id=288\" data-orig-file=\"https:\/\/producto.mvperception.com\/wp-content\/uploads\/2023\/09\/BOTON-FICHA-TECNICA.png\" data-orig-size=\"320,100\" data-comments-opened=\"1\" data-image-meta=\"{&quot;aperture&quot;:&quot;0&quot;,&quot;credit&quot;:&quot;&quot;,&quot;camera&quot;:&quot;&quot;,&quot;caption&quot;:&quot;&quot;,&quot;created_timestamp&quot;:&quot;0&quot;,&quot;copyright&quot;:&quot;&quot;,&quot;focal_length&quot;:&quot;0&quot;,&quot;iso&quot;:&quot;0&quot;,&quot;shutter_speed&quot;:&quot;0&quot;,&quot;title&quot;:&quot;&quot;,&quot;orientation&quot;:&quot;0&quot;}\" data-image-title=\"BOTON FICHA TECNICA\" data-image-description=\"\" data-image-caption=\"\" data-medium-file=\"https:\/\/producto.mvperception.com\/wp-content\/uploads\/2023\/09\/BOTON-FICHA-TECNICA-300x94.png\" data-large-file=\"https:\/\/producto.mvperception.com\/wp-content\/uploads\/2023\/09\/BOTON-FICHA-TECNICA.png\" class=\"alignnone size-medium wp-image-288\" src=\"https:\/\/producto.mvperception.com\/wp-content\/uploads\/2023\/09\/BOTON-FICHA-TECNICA-300x94.png\" alt=\"\" width=\"300\" height=\"94\" srcset=\"https:\/\/producto.mvperception.com\/wp-content\/uploads\/2023\/09\/BOTON-FICHA-TECNICA-300x94.png 300w, https:\/\/producto.mvperception.com\/wp-content\/uploads\/2023\/09\/BOTON-FICHA-TECNICA-200x63.png 200w, https:\/\/producto.mvperception.com\/wp-content\/uploads\/2023\/09\/BOTON-FICHA-TECNICA.png 320w\" sizes=\"auto, (max-width: 300px) 100vw, 300px\" \/><\/strong><\/a><\/h1>\n<h1><\/h1>\n<h1><\/h1>\n<p>&nbsp;<\/p>\n","protected":false},"excerpt":{"rendered":"<div class=\"wcpt-item-row wcpt-1581514051689 \"><span class=\"wcpt-text  wcpt-1581514060908\"><span>Modo: <\/span><\/span>MultiDrive\u2122<\/div>\n<div class=\"wcpt-item-row wcpt-1581514500449 \"><span class=\"wcpt-text  wcpt-1581514508111\"><span>Clasificaci\u00f3n del IP: <\/span><\/span>IP65<\/div>\n","protected":false},"featured_media":956,"template":"","meta":{"om_disable_all_campaigns":false,"_monsterinsights_skip_tracking":false,"_monsterinsights_sitenote_active":false,"_monsterinsights_sitenote_note":"","_monsterinsights_sitenote_category":0,"_joinchat":[]},"product_brand":[],"product_cat":[42],"product_tag":[],"class_list":{"0":"post-954","1":"product","2":"type-product","3":"status-publish","4":"has-post-thumbnail","6":"product_cat-luces-de-barra-lineales","8":"first","9":"instock","10":"shipping-taxable","11":"product-type-simple"},"aioseo_notices":[],"yoast_head":"<!-- This site is optimized with the Yoast SEO plugin v22.1 - https:\/\/yoast.com\/wordpress\/plugins\/seo\/ -->\n<title>LM45 Mini Linear Light - Productos MV PERCEPTION<\/title>\n<meta name=\"robots\" content=\"index, follow, max-snippet:-1, max-image-preview:large, max-video-preview:-1\" \/>\n<link rel=\"canonical\" href=\"https:\/\/producto.mvperception.com\/index.php\/producto\/lm45-mini-linear-light\/\" \/>\n<meta property=\"og:locale\" content=\"en_US\" \/>\n<meta property=\"og:type\" content=\"article\" \/>\n<meta property=\"og:title\" content=\"LM45 Mini Linear Light - Productos MV PERCEPTION\" \/>\n<meta property=\"og:description\" content=\"Modo: MultiDrive\u2122 Clasificaci\u00f3n del IP: IP65\" \/>\n<meta property=\"og:url\" content=\"https:\/\/producto.mvperception.com\/index.php\/producto\/lm45-mini-linear-light\/\" \/>\n<meta property=\"og:site_name\" content=\"Productos MV PERCEPTION\" \/>\n<meta property=\"article:publisher\" content=\"https:\/\/www.facebook.com\/mvperception\/?ref=bookmarks\" \/>\n<meta property=\"article:modified_time\" content=\"2024-01-12T21:45:56+00:00\" \/>\n<meta property=\"og:image\" content=\"https:\/\/producto.mvperception.com\/wp-content\/uploads\/2024\/01\/LM45-Three-600x600-1.jpg\" \/>\n\t<meta property=\"og:image:width\" content=\"600\" \/>\n\t<meta property=\"og:image:height\" content=\"600\" \/>\n\t<meta property=\"og:image:type\" content=\"image\/jpeg\" \/>\n<meta name=\"twitter:card\" content=\"summary_large_image\" \/>\n<meta name=\"twitter:label1\" content=\"Est. reading time\" \/>\n\t<meta name=\"twitter:data1\" content=\"1 minute\" \/>\n<script type=\"application\/ld+json\" class=\"yoast-schema-graph\">{\"@context\":\"https:\/\/schema.org\",\"@graph\":[{\"@type\":\"WebPage\",\"@id\":\"https:\/\/producto.mvperception.com\/index.php\/producto\/lm45-mini-linear-light\/\",\"url\":\"https:\/\/producto.mvperception.com\/index.php\/producto\/lm45-mini-linear-light\/\",\"name\":\"LM45 Mini Linear Light - Productos MV PERCEPTION\",\"isPartOf\":{\"@id\":\"https:\/\/producto.mvperception.com\/#website\"},\"datePublished\":\"2024-01-12T21:38:48+00:00\",\"dateModified\":\"2024-01-12T21:45:56+00:00\",\"breadcrumb\":{\"@id\":\"https:\/\/producto.mvperception.com\/index.php\/producto\/lm45-mini-linear-light\/#breadcrumb\"},\"inLanguage\":\"en-US\",\"potentialAction\":[{\"@type\":\"ReadAction\",\"target\":[\"https:\/\/producto.mvperception.com\/index.php\/producto\/lm45-mini-linear-light\/\"]}]},{\"@type\":\"BreadcrumbList\",\"@id\":\"https:\/\/producto.mvperception.com\/index.php\/producto\/lm45-mini-linear-light\/#breadcrumb\",\"itemListElement\":[{\"@type\":\"ListItem\",\"position\":1,\"name\":\"Portada\",\"item\":\"https:\/\/producto.mvperception.com\/\"},{\"@type\":\"ListItem\",\"position\":2,\"name\":\"LM45 Mini Linear Light\"}]},{\"@type\":\"WebSite\",\"@id\":\"https:\/\/producto.mvperception.com\/#website\",\"url\":\"https:\/\/producto.mvperception.com\/\",\"name\":\"Productos MV PERCEPTION\",\"description\":\"\",\"publisher\":{\"@id\":\"https:\/\/producto.mvperception.com\/#organization\"},\"potentialAction\":[{\"@type\":\"SearchAction\",\"target\":{\"@type\":\"EntryPoint\",\"urlTemplate\":\"https:\/\/producto.mvperception.com\/?s={search_term_string}\"},\"query-input\":\"required name=search_term_string\"}],\"inLanguage\":\"en-US\"},{\"@type\":\"Organization\",\"@id\":\"https:\/\/producto.mvperception.com\/#organization\",\"name\":\"Productos MV PERCEPTION\",\"url\":\"https:\/\/producto.mvperception.com\/\",\"logo\":{\"@type\":\"ImageObject\",\"inLanguage\":\"en-US\",\"@id\":\"https:\/\/producto.mvperception.com\/#\/schema\/logo\/image\/\",\"url\":\"https:\/\/producto.mvperception.com\/wp-content\/uploads\/2023\/10\/cropped-cropped-logo-mv.png\",\"contentUrl\":\"https:\/\/producto.mvperception.com\/wp-content\/uploads\/2023\/10\/cropped-cropped-logo-mv.png\",\"width\":426,\"height\":61,\"caption\":\"Productos MV PERCEPTION\"},\"image\":{\"@id\":\"https:\/\/producto.mvperception.com\/#\/schema\/logo\/image\/\"},\"sameAs\":[\"https:\/\/www.facebook.com\/mvperception\/?ref=bookmarks\",\"https:\/\/www.instagram.com\/mvperception\/\",\"https:\/\/www.linkedin.com\/company\/mvperception\/\"]}]}<\/script>\n<!-- \/ Yoast SEO plugin. -->","yoast_head_json":{"title":"LM45 Mini Linear Light - Productos MV PERCEPTION","robots":{"index":"index","follow":"follow","max-snippet":"max-snippet:-1","max-image-preview":"max-image-preview:large","max-video-preview":"max-video-preview:-1"},"canonical":"https:\/\/producto.mvperception.com\/index.php\/producto\/lm45-mini-linear-light\/","og_locale":"en_US","og_type":"article","og_title":"LM45 Mini Linear Light - Productos MV PERCEPTION","og_description":"Modo: MultiDrive\u2122 Clasificaci\u00f3n del IP: IP65","og_url":"https:\/\/producto.mvperception.com\/index.php\/producto\/lm45-mini-linear-light\/","og_site_name":"Productos MV PERCEPTION","article_publisher":"https:\/\/www.facebook.com\/mvperception\/?ref=bookmarks","article_modified_time":"2024-01-12T21:45:56+00:00","og_image":[{"width":600,"height":600,"url":"https:\/\/producto.mvperception.com\/wp-content\/uploads\/2024\/01\/LM45-Three-600x600-1.jpg","type":"image\/jpeg"}],"twitter_card":"summary_large_image","twitter_misc":{"Est. reading time":"1 minute"},"schema":{"@context":"https:\/\/schema.org","@graph":[{"@type":"WebPage","@id":"https:\/\/producto.mvperception.com\/index.php\/producto\/lm45-mini-linear-light\/","url":"https:\/\/producto.mvperception.com\/index.php\/producto\/lm45-mini-linear-light\/","name":"LM45 Mini Linear Light - Productos MV PERCEPTION","isPartOf":{"@id":"https:\/\/producto.mvperception.com\/#website"},"datePublished":"2024-01-12T21:38:48+00:00","dateModified":"2024-01-12T21:45:56+00:00","breadcrumb":{"@id":"https:\/\/producto.mvperception.com\/index.php\/producto\/lm45-mini-linear-light\/#breadcrumb"},"inLanguage":"en-US","potentialAction":[{"@type":"ReadAction","target":["https:\/\/producto.mvperception.com\/index.php\/producto\/lm45-mini-linear-light\/"]}]},{"@type":"BreadcrumbList","@id":"https:\/\/producto.mvperception.com\/index.php\/producto\/lm45-mini-linear-light\/#breadcrumb","itemListElement":[{"@type":"ListItem","position":1,"name":"Portada","item":"https:\/\/producto.mvperception.com\/"},{"@type":"ListItem","position":2,"name":"LM45 Mini Linear Light"}]},{"@type":"WebSite","@id":"https:\/\/producto.mvperception.com\/#website","url":"https:\/\/producto.mvperception.com\/","name":"Productos MV PERCEPTION","description":"","publisher":{"@id":"https:\/\/producto.mvperception.com\/#organization"},"potentialAction":[{"@type":"SearchAction","target":{"@type":"EntryPoint","urlTemplate":"https:\/\/producto.mvperception.com\/?s={search_term_string}"},"query-input":"required name=search_term_string"}],"inLanguage":"en-US"},{"@type":"Organization","@id":"https:\/\/producto.mvperception.com\/#organization","name":"Productos MV PERCEPTION","url":"https:\/\/producto.mvperception.com\/","logo":{"@type":"ImageObject","inLanguage":"en-US","@id":"https:\/\/producto.mvperception.com\/#\/schema\/logo\/image\/","url":"https:\/\/producto.mvperception.com\/wp-content\/uploads\/2023\/10\/cropped-cropped-logo-mv.png","contentUrl":"https:\/\/producto.mvperception.com\/wp-content\/uploads\/2023\/10\/cropped-cropped-logo-mv.png","width":426,"height":61,"caption":"Productos MV PERCEPTION"},"image":{"@id":"https:\/\/producto.mvperception.com\/#\/schema\/logo\/image\/"},"sameAs":["https:\/\/www.facebook.com\/mvperception\/?ref=bookmarks","https:\/\/www.instagram.com\/mvperception\/","https:\/\/www.linkedin.com\/company\/mvperception\/"]}]}},"_links":{"self":[{"href":"https:\/\/producto.mvperception.com\/index.php\/wp-json\/wp\/v2\/product\/954","targetHints":{"allow":["GET"]}}],"collection":[{"href":"https:\/\/producto.mvperception.com\/index.php\/wp-json\/wp\/v2\/product"}],"about":[{"href":"https:\/\/producto.mvperception.com\/index.php\/wp-json\/wp\/v2\/types\/product"}],"wp:featuredmedia":[{"embeddable":true,"href":"https:\/\/producto.mvperception.com\/index.php\/wp-json\/wp\/v2\/media\/956"}],"wp:attachment":[{"href":"https:\/\/producto.mvperception.com\/index.php\/wp-json\/wp\/v2\/media?parent=954"}],"wp:term":[{"taxonomy":"product_brand","embeddable":true,"href":"https:\/\/producto.mvperception.com\/index.php\/wp-json\/wp\/v2\/product_brand?post=954"},{"taxonomy":"product_cat","embeddable":true,"href":"https:\/\/producto.mvperception.com\/index.php\/wp-json\/wp\/v2\/product_cat?post=954"},{"taxonomy":"product_tag","embeddable":true,"href":"https:\/\/producto.mvperception.com\/index.php\/wp-json\/wp\/v2\/product_tag?post=954"}],"curies":[{"name":"wp","href":"https:\/\/api.w.org\/{rel}","templated":true}]}}